{"id":13317,"date":"2022-10-07T15:29:50","date_gmt":"2022-10-07T12:29:50","guid":{"rendered":"https:\/\/www.vempele.fi\/?post_type=product&#038;p=13317"},"modified":"2026-04-17T15:21:13","modified_gmt":"2026-04-17T12:21:13","slug":"tesla-modell-y-dorpakninger","status":"publish","type":"product","link":"https:\/\/www.vempele.fi\/no\/tuote\/tesla-model-y-ovitiivisteet\/","title":{"rendered":"D\u00f8rpakninger - Tesla Model Y"},"content":{"rendered":"<p>D\u00f8rpakninger - Tesla Model Y<\/p>\n<ul>\n<li>\u00a0Kompatibilitet:\n<ul>\n<li>Tesla Model Y 2020 - 2024<\/li>\n<li>Tesla Model Y Juniper 2025 -&gt;<\/li>\n<\/ul>\n<\/li>\n<li>Farge: svart<\/li>\n<li>Produksjonsland: Kina<\/li>\n<\/ul>","protected":false},"excerpt":{"rendered":"<p><strong>N\u00e5 ogs\u00e5 med d\u00f8rpakninger foran og bak!<\/strong><\/p>\n<p>D\u00f8rpakninger til Tesla Model Y. Tetningene gir en viss st\u00f8yreduksjon, men hovedfunksjonen er \u00e5 holde d\u00f8rene og tersklene rene for smuss.<\/p>\n<p>Pakningene er merket med monteringspunktene.<\/p>\n<p>Pakket med d\u00f8rpakninger for hver av de fire d\u00f8rene, samt for- og bakd\u00f8rene!<\/p>\n<p>Produktet har en selvklebende overflate. Husk \u00e5 rengj\u00f8re og t\u00f8rke overflaten som skal monteres f\u00f8r montering. Det er ogs\u00e5 viktig \u00e5 ta hensyn til installasjonstemperaturen for \u00e5 sikre at fugemassen fester seg s\u00e5 godt som mulig.<\/p>\n<p>Se <a href=\"https:\/\/www.youtube.com\/watch?v=Jvv4K57nh8I\" target=\"_blank\" rel=\"noopener\">Her<\/a> video om installasjon av tetninger!<\/p>","protected":false},"featured_media":25991,"comment_status":"open","ping_status":"closed","template":"","meta":[],"product_brand":[],"product_cat":[154,455,482,128],"product_tag":[83,271,121,578],"class_list":{"0":"post-13317","1":"product","2":"type-product","3":"status-publish","4":"has-post-thumbnail","6":"product_cat-model-y","7":"product_cat-my-tarvikkeet","8":"product_cat-tarvikkeet-sisapuolelle-model-y","9":"product_cat-tesla-tuotteet","10":"product_tag-autotarvikkeet","11":"product_tag-model-y","12":"product_tag-tesla","13":"product_tag-tiivisteet","15":"first","16":"instock","17":"taxable","18":"shipping-taxable","19":"purchasable","20":"product-type-simple"},"jetpack_sharing_enabled":true,"_links":{"self":[{"href":"https:\/\/www.vempele.fi\/no\/wp-json\/wp\/v2\/product\/13317","targetHints":{"allow":["GET"]}}],"collection":[{"href":"https:\/\/www.vempele.fi\/no\/wp-json\/wp\/v2\/product"}],"about":[{"href":"https:\/\/www.vempele.fi\/no\/wp-json\/wp\/v2\/types\/product"}],"replies":[{"embeddable":true,"href":"https:\/\/www.vempele.fi\/no\/wp-json\/wp\/v2\/comments?post=13317"}],"wp:featuredmedia":[{"embeddable":true,"href":"https:\/\/www.vempele.fi\/no\/wp-json\/wp\/v2\/media\/25991"}],"wp:attachment":[{"href":"https:\/\/www.vempele.fi\/no\/wp-json\/wp\/v2\/media?parent=13317"}],"wp:term":[{"taxonomy":"product_brand","embeddable":true,"href":"https:\/\/www.vempele.fi\/no\/wp-json\/wp\/v2\/product_brand?post=13317"},{"taxonomy":"product_cat","embeddable":true,"href":"https:\/\/www.vempele.fi\/no\/wp-json\/wp\/v2\/product_cat?post=13317"},{"taxonomy":"product_tag","embeddable":true,"href":"https:\/\/www.vempele.fi\/no\/wp-json\/wp\/v2\/product_tag?post=13317"}],"curies":[{"name":"wp","href":"https:\/\/api.w.org\/{rel}","templated":true}]}}