{"id":14219,"date":"2022-11-09T11:24:04","date_gmt":"2022-11-09T09:24:04","guid":{"rendered":"https:\/\/www.vempele.fi\/?post_type=product&#038;p=14219"},"modified":"2026-02-08T20:40:00","modified_gmt":"2026-02-08T18:40:00","slug":"bilrengjoringssett","status":"publish","type":"product","link":"https:\/\/www.vempele.fi\/no\/tuote\/auton-puhdistustarvikesetti\/","title":{"rendered":"Rengj\u00f8ringssett for bil"},"content":{"rendered":"<p>Dette er et alt-i-ett-bilrengj\u00f8ringssett! Et bredt utvalg av rengj\u00f8ringstilbeh\u00f8r for ulike deler av bilen. Enkelt \u00e5 oppbevare i den medf\u00f8lgende vesken, slik at de er beskyttet n\u00e5r de ikke er i bruk. Dette settet i ett stykke inneholder:<\/p>\n<ul>\n<li>En slitesterk veske som har plass til alt<\/li>\n<li>Mikrofiberklut ca. 30 x 69 cm<\/li>\n<li>Mikrofiber p\u00e5 et rekkverk<\/li>\n<li>Badeb\u00f8rste<\/li>\n<li>Innvendig rengj\u00f8ringsmiddel<\/li>\n<li>Liten b\u00f8rste med rengj\u00f8ringsmiddel ogs\u00e5 egnet for luftventiler<\/li>\n<li>T\u00f8rkebelastning<\/li>\n<\/ul>\n<p>Selve oppbevaringsposen m\u00e5ler ca. 30 x 20 x 10 cm.<\/p>\n<p>Navn: Bilrengj\u00f8ringssett<\/p>","protected":false},"excerpt":{"rendered":"<p>Alt-i-ett-bilrengj\u00f8ringssett med praktisk oppbevaringspose!<\/p>\n<p>Inkluderer 6 forskjellige produkter og en praktisk oppbevaringspose.<\/p>","protected":false},"featured_media":14220,"comment_status":"open","ping_status":"closed","template":"","meta":[],"product_brand":[],"product_cat":[272],"product_tag":[279,280,413,290],"class_list":{"0":"post-14219","1":"product","2":"type-product","3":"status-publish","4":"has-post-thumbnail","6":"product_cat-autonhoitotuotteet","7":"product_tag-autonhoito","8":"product_tag-autonpuhdistus","9":"product_tag-mikrokuitu","10":"product_tag-puhdistusharja","12":"first","13":"instock","14":"sale","15":"taxable","16":"shipping-taxable","17":"purchasable","18":"product-type-simple"},"jetpack_sharing_enabled":true,"_links":{"self":[{"href":"https:\/\/www.vempele.fi\/no\/wp-json\/wp\/v2\/product\/14219","targetHints":{"allow":["GET"]}}],"collection":[{"href":"https:\/\/www.vempele.fi\/no\/wp-json\/wp\/v2\/product"}],"about":[{"href":"https:\/\/www.vempele.fi\/no\/wp-json\/wp\/v2\/types\/product"}],"replies":[{"embeddable":true,"href":"https:\/\/www.vempele.fi\/no\/wp-json\/wp\/v2\/comments?post=14219"}],"wp:featuredmedia":[{"embeddable":true,"href":"https:\/\/www.vempele.fi\/no\/wp-json\/wp\/v2\/media\/14220"}],"wp:attachment":[{"href":"https:\/\/www.vempele.fi\/no\/wp-json\/wp\/v2\/media?parent=14219"}],"wp:term":[{"taxonomy":"product_brand","embeddable":true,"href":"https:\/\/www.vempele.fi\/no\/wp-json\/wp\/v2\/product_brand?post=14219"},{"taxonomy":"product_cat","embeddable":true,"href":"https:\/\/www.vempele.fi\/no\/wp-json\/wp\/v2\/product_cat?post=14219"},{"taxonomy":"product_tag","embeddable":true,"href":"https:\/\/www.vempele.fi\/no\/wp-json\/wp\/v2\/product_tag?post=14219"}],"curies":[{"name":"wp","href":"https:\/\/api.w.org\/{rel}","templated":true}]}}