{"id":14223,"date":"2022-11-09T13:29:43","date_gmt":"2022-11-09T11:29:43","guid":{"rendered":"https:\/\/www.vempele.fi\/?post_type=product&#038;p=14223"},"modified":"2026-04-10T10:41:52","modified_gmt":"2026-04-10T07:41:52","slug":"setebeskyttelse-med-lommer","status":"publish","type":"product","link":"https:\/\/www.vempele.fi\/no\/tuote\/istuinsuoja-taskuilla\/","title":{"rendered":"Setebeskyttelse med lommer"},"content":{"rendered":"<p>Setebeskytter med lommer. Materialet er slitesterkt stoff med kunstl\u00e6rforsterkede hj\u00f8rner.<\/p>\n<p>Denne universelle setebeskytteren med lommer for tung bruk. Beskytter bilens originale trekk effektivt. Holder seg godt p\u00e5 plass takket v\u00e6re klaffen som glir mellom setet og hodest\u00f8tten. Produktet er ogs\u00e5 raskt \u00e5 montere og kan raskt fjernes fra veien ved behov. Setetrekket kan brettes mange ganger og tar dermed sv\u00e6rt liten plass n\u00e5r det oppbevares et annet sted.<\/p>\n<ul>\n<li>St\u00f8rrelse n\u00e5r den er \u00e5pen: 120 x 47 cm (ca.)<\/li>\n<li>1 stk. setetrekk i pakken<\/li>\n<\/ul>\n<p>&nbsp;<\/p>","protected":false},"excerpt":{"rendered":"<p>Setebeskytter med lommer. Materialet er slitesterkt stoff med kunstl\u00e6rforsterkede hj\u00f8rner.<\/p>\n<p>Et uerstattelig produkt under et barnesete, for eksempel! De to nettinglommene foran p\u00e5 setetrekket er praktiske for oppbevaring av barneutstyr.<\/p>","protected":false},"featured_media":24877,"comment_status":"open","ping_status":"closed","template":"","meta":[],"product_brand":[],"product_cat":[151,152,153,154,452,453,454,455,480,485,487,482,128],"product_tag":[83,488,411,121],"class_list":{"0":"post-14223","1":"product","2":"type-product","3":"status-publish","4":"has-post-thumbnail","6":"product_cat-model-3","7":"product_cat-model-s","8":"product_cat-model-x","9":"product_cat-model-y","10":"product_cat-m3-tarvikkeet","11":"product_cat-ms-tarvikkeet","12":"product_cat-mx-tarvikkeet","13":"product_cat-my-tarvikkeet","14":"product_cat-tarvikkeet-sisapuolelle-model-3","15":"product_cat-tarvikkeet-sisapuolelle-model-s","16":"product_cat-tarvikkeet-sisapuolelle-model-x","17":"product_cat-tarvikkeet-sisapuolelle-model-y","18":"product_cat-tesla-tuotteet","19":"product_tag-autotarvikkeet","20":"product_tag-istuinsuoja","21":"product_tag-suoja","22":"product_tag-tesla","24":"first","25":"outofstock","26":"taxable","27":"shipping-taxable","28":"purchasable","29":"product-type-simple"},"jetpack_sharing_enabled":true,"_links":{"self":[{"href":"https:\/\/www.vempele.fi\/no\/wp-json\/wp\/v2\/product\/14223","targetHints":{"allow":["GET"]}}],"collection":[{"href":"https:\/\/www.vempele.fi\/no\/wp-json\/wp\/v2\/product"}],"about":[{"href":"https:\/\/www.vempele.fi\/no\/wp-json\/wp\/v2\/types\/product"}],"replies":[{"embeddable":true,"href":"https:\/\/www.vempele.fi\/no\/wp-json\/wp\/v2\/comments?post=14223"}],"wp:featuredmedia":[{"embeddable":true,"href":"https:\/\/www.vempele.fi\/no\/wp-json\/wp\/v2\/media\/24877"}],"wp:attachment":[{"href":"https:\/\/www.vempele.fi\/no\/wp-json\/wp\/v2\/media?parent=14223"}],"wp:term":[{"taxonomy":"product_brand","embeddable":true,"href":"https:\/\/www.vempele.fi\/no\/wp-json\/wp\/v2\/product_brand?post=14223"},{"taxonomy":"product_cat","embeddable":true,"href":"https:\/\/www.vempele.fi\/no\/wp-json\/wp\/v2\/product_cat?post=14223"},{"taxonomy":"product_tag","embeddable":true,"href":"https:\/\/www.vempele.fi\/no\/wp-json\/wp\/v2\/product_tag?post=14223"}],"curies":[{"name":"wp","href":"https:\/\/api.w.org\/{rel}","templated":true}]}}