{"id":14620,"date":"2022-12-02T14:07:20","date_gmt":"2022-12-02T12:07:20","guid":{"rendered":"https:\/\/www.vempele.fi\/?post_type=product&#038;p=14620"},"modified":"2026-04-09T08:12:16","modified_gmt":"2026-04-09T05:12:16","slug":"tesla-model-3-bakre-spoiler","status":"publish","type":"product","link":"https:\/\/www.vempele.fi\/no\/tuote\/tesla-model-3-takaspoileri\/","title":{"rendered":"Ryggsekkspoiler - Tesla Model 3"},"content":{"rendered":"<ul>\n<li>Fargealternativer: matt svart og matt karbonfiberfinish<\/li>\n<li>Egnethet:\n<ul>\n<li>Model 3 Pre-Refresh vm. 2019 - 2021<\/li>\n<li>Model 3 Refresh vm. 2021 - 2023<\/li>\n<\/ul>\n<\/li>\n<li>Materiale: ABS-plast<\/li>\n<li>Vekt: 300 g<\/li>\n<li>Produktm\u00e5l p\u00e5 det bredeste punktet: 122 x 5,5 x 2,1 cm<\/li>\n<\/ul>","protected":false},"excerpt":{"rendered":"<p>Stilig bakspoiler for Tesla Model 3. Tilgjengelig i matt svart og matt karbonfiber. Spoileren er laget av ABS-plast.<\/p>\n<p>P\u00e5 innsiden av bakspoileren er det festeb\u00e5nd i full lengde for \u00e5 feste den til bilen. S\u00f8rg for \u00e5 rengj\u00f8re festepunktet s\u00e5 godt som mulig, og monter b\u00e5ndene i varmt v\u00e6r eller i en garasje.<\/p>","protected":false},"featured_media":14677,"comment_status":"open","ping_status":"closed","template":"","meta":[],"product_brand":[],"product_cat":[151,452,481,128],"product_tag":[83,550,156,551,448,121],"class_list":{"0":"post-14620","1":"product","2":"type-product","3":"status-publish","4":"has-post-thumbnail","6":"product_cat-model-3","7":"product_cat-m3-tarvikkeet","8":"product_cat-tarvikkeet-ulkopuolelle-model-3","9":"product_cat-tesla-tuotteet","10":"product_tag-autotarvikkeet","11":"product_tag-lippa","12":"product_tag-model-3","13":"product_tag-spoileri","14":"product_tag-takaspoileri","15":"product_tag-tesla","17":"first","18":"outofstock","19":"taxable","20":"shipping-taxable","21":"purchasable","22":"product-type-variable"},"jetpack_sharing_enabled":true,"_links":{"self":[{"href":"https:\/\/www.vempele.fi\/no\/wp-json\/wp\/v2\/product\/14620","targetHints":{"allow":["GET"]}}],"collection":[{"href":"https:\/\/www.vempele.fi\/no\/wp-json\/wp\/v2\/product"}],"about":[{"href":"https:\/\/www.vempele.fi\/no\/wp-json\/wp\/v2\/types\/product"}],"replies":[{"embeddable":true,"href":"https:\/\/www.vempele.fi\/no\/wp-json\/wp\/v2\/comments?post=14620"}],"wp:featuredmedia":[{"embeddable":true,"href":"https:\/\/www.vempele.fi\/no\/wp-json\/wp\/v2\/media\/14677"}],"wp:attachment":[{"href":"https:\/\/www.vempele.fi\/no\/wp-json\/wp\/v2\/media?parent=14620"}],"wp:term":[{"taxonomy":"product_brand","embeddable":true,"href":"https:\/\/www.vempele.fi\/no\/wp-json\/wp\/v2\/product_brand?post=14620"},{"taxonomy":"product_cat","embeddable":true,"href":"https:\/\/www.vempele.fi\/no\/wp-json\/wp\/v2\/product_cat?post=14620"},{"taxonomy":"product_tag","embeddable":true,"href":"https:\/\/www.vempele.fi\/no\/wp-json\/wp\/v2\/product_tag?post=14620"}],"curies":[{"name":"wp","href":"https:\/\/api.w.org\/{rel}","templated":true}]}}