{"id":14641,"date":"2022-12-01T13:15:45","date_gmt":"2022-12-01T11:15:45","guid":{"rendered":"https:\/\/www.vempele.fi\/?post_type=product&#038;p=14641"},"modified":"2023-03-30T23:27:19","modified_gmt":"2023-03-30T20:27:19","slug":"tesla-modell-3-skalamodell","status":"publish","type":"product","link":"https:\/\/www.vempele.fi\/no\/tuote\/tesla-model-3-pienoismalli\/","title":{"rendered":"Tesla Model 3 - Miniatyrmodell"},"content":{"rendered":"<p>Tesla Model 3 skalamodell.<\/p>\n<p>Funksjoner:<\/p>\n<ul>\n<li>Farger: r\u00f8d, bl\u00e5, svart og hvit.<\/li>\n<li>Lys og lyder drives av 3 x 1,5 V AG13-batterier. <strong>MERK! <\/strong>Batterier er ikke inkludert i pakken.<\/li>\n<li>\u00c5pning av inngangsd\u00f8rer<\/li>\n<li>Oppheng<\/li>\n<li>M\u00e5l: lengde 15 x bredde 6,4 x h\u00f8yde 4,8 cm<\/li>\n<li>Vekt: 0,240 kg<\/li>\n<li>Navn: Tesla Model 3 - Lekebil<\/li>\n<\/ul>","protected":false},"excerpt":{"rendered":"<p>Tesla Model 3 skalamodell.<\/p>\n<p>En skalamodell av den ekte Tesla Model 3. N\u00e5r du \u00e5pner inngangsd\u00f8rene og trekker tilbake p\u00e5 skalamodellen, f\u00e5r du Tesla-str\u00f8m. Det kreves ingen batterier for at miniatyren skal fungere, bare lyder. I bunnen er det en h\u00f8yttaler som drives av tre (3x) AG13 1,5 V-batterier. Batterier medf\u00f8lger ikke.<\/p>\n<p>Finnes i r\u00f8dt, hvitt, svart eller bl\u00e5tt.<\/p>\n<p>NB! Anbefales ikke for sv\u00e6rt sm\u00e5 barn.<\/p>","protected":false},"featured_media":14683,"comment_status":"open","ping_status":"closed","template":"","meta":[],"product_brand":[],"product_cat":[458,151,128],"product_tag":[267,121],"class_list":{"0":"post-14641","1":"product","2":"type-product","3":"status-publish","4":"has-post-thumbnail","6":"product_cat-lelut-fanituotteet","7":"product_cat-model-3","8":"product_cat-tesla-tuotteet","9":"product_tag-pienoismalli","10":"product_tag-tesla","12":"first","13":"instock","14":"taxable","15":"shipping-taxable","16":"purchasable","17":"product-type-variable"},"jetpack_sharing_enabled":true,"_links":{"self":[{"href":"https:\/\/www.vempele.fi\/no\/wp-json\/wp\/v2\/product\/14641","targetHints":{"allow":["GET"]}}],"collection":[{"href":"https:\/\/www.vempele.fi\/no\/wp-json\/wp\/v2\/product"}],"about":[{"href":"https:\/\/www.vempele.fi\/no\/wp-json\/wp\/v2\/types\/product"}],"replies":[{"embeddable":true,"href":"https:\/\/www.vempele.fi\/no\/wp-json\/wp\/v2\/comments?post=14641"}],"wp:featuredmedia":[{"embeddable":true,"href":"https:\/\/www.vempele.fi\/no\/wp-json\/wp\/v2\/media\/14683"}],"wp:attachment":[{"href":"https:\/\/www.vempele.fi\/no\/wp-json\/wp\/v2\/media?parent=14641"}],"wp:term":[{"taxonomy":"product_brand","embeddable":true,"href":"https:\/\/www.vempele.fi\/no\/wp-json\/wp\/v2\/product_brand?post=14641"},{"taxonomy":"product_cat","embeddable":true,"href":"https:\/\/www.vempele.fi\/no\/wp-json\/wp\/v2\/product_cat?post=14641"},{"taxonomy":"product_tag","embeddable":true,"href":"https:\/\/www.vempele.fi\/no\/wp-json\/wp\/v2\/product_tag?post=14641"}],"curies":[{"name":"wp","href":"https:\/\/api.w.org\/{rel}","templated":true}]}}