{"id":14653,"date":"2025-02-20T13:10:58","date_gmt":"2025-02-20T11:10:58","guid":{"rendered":"https:\/\/www.vempele.fi\/?post_type=product&#038;p=14653"},"modified":"2025-08-13T08:11:08","modified_gmt":"2025-08-13T05:11:08","slug":"luftmadrass-for-bil-tesla","status":"publish","type":"product","link":"https:\/\/www.vempele.fi\/no\/tuote\/ilmataytteinen-makuualusta-autoon-tesla\/","title":{"rendered":"Oppbl\u00e5sbart liggeunderlag for bil"},"content":{"rendered":"<p>Praktisk oppbl\u00e5sbart liggeunderlag for lange reiser og camping.<\/p>\n<p>Pakken inneholder<\/p>\n<ul>\n<li>Luftmadrass<\/li>\n<li>To puter<\/li>\n<li>Katt p\u00e5 madrass<\/li>\n<li>Setesett<\/li>\n<\/ul>\n<p>Hvis det er et hull i madrassen, klipper du til en rund bit av klistremerket i riktig st\u00f8rrelse. S\u00f8rg for at omr\u00e5det som skal repareres er rent, og sett p\u00e5 klistremerket. Vent 20 minutter f\u00f8r du fyller madrassen igjen.<\/p>\n<p>Den reviderte modellen passer til b\u00e5de Model 3 og Y-modellene. Se bilder!<\/p>\n<p><strong>MERK!<br \/>\n<\/strong>Produktet leveres ikke med pumpe. Vi har separat for salg <a href=\"https:\/\/www.vempele.fi\/no\/product-2\/batteridrevet-campingpumpe-atom\/\">batteridrevet campingpumpe<\/a> egnet for denne madrassen.<\/p>","protected":false},"excerpt":{"rendered":"<p>Et oppbl\u00e5sbart liggeunderlag for baksetet i bilen som f\u00f8les veldig komfortabelt. Med denne modellen kan du sove komfortabelt p\u00e5 veien, n\u00e5r du vil.<\/p>\n<p>Merk! kan ogs\u00e5 passe til andre bilmodeller, sjekk for kompatibilitet.<\/p>\n<p>Denne redesignede modellen har ogs\u00e5 to separate oppbl\u00e5sbare puter!<\/p>\n<p>&nbsp;<\/p>\n<p><strong>MERK!<br \/>\n<\/strong>Produktet leveres ikke med pumpe. Vi har separat for salg <a href=\"https:\/\/www.vempele.fi\/no\/product-2\/batteridrevet-campingpumpe-atom\/\">batteridrevet campingpumpe<\/a> egnet for denne madrassen.<\/p>","protected":false},"featured_media":35108,"comment_status":"open","ping_status":"closed","template":"","meta":[],"product_brand":[],"product_cat":[151,154,452,455,480,482,128],"product_tag":[83,309,310,156,271,121],"class_list":{"0":"post-14653","1":"product","2":"type-product","3":"status-publish","4":"has-post-thumbnail","6":"product_cat-model-3","7":"product_cat-model-y","8":"product_cat-m3-tarvikkeet","9":"product_cat-my-tarvikkeet","10":"product_cat-tarvikkeet-sisapuolelle-model-3","11":"product_cat-tarvikkeet-sisapuolelle-model-y","12":"product_cat-tesla-tuotteet","13":"product_tag-autotarvikkeet","14":"product_tag-ilmapatja","15":"product_tag-makuualusta","16":"product_tag-model-3","17":"product_tag-model-y","18":"product_tag-tesla","20":"first","21":"outofstock","22":"taxable","23":"shipping-taxable","24":"purchasable","25":"product-type-simple"},"jetpack_sharing_enabled":true,"_links":{"self":[{"href":"https:\/\/www.vempele.fi\/no\/wp-json\/wp\/v2\/product\/14653","targetHints":{"allow":["GET"]}}],"collection":[{"href":"https:\/\/www.vempele.fi\/no\/wp-json\/wp\/v2\/product"}],"about":[{"href":"https:\/\/www.vempele.fi\/no\/wp-json\/wp\/v2\/types\/product"}],"replies":[{"embeddable":true,"href":"https:\/\/www.vempele.fi\/no\/wp-json\/wp\/v2\/comments?post=14653"}],"wp:featuredmedia":[{"embeddable":true,"href":"https:\/\/www.vempele.fi\/no\/wp-json\/wp\/v2\/media\/35108"}],"wp:attachment":[{"href":"https:\/\/www.vempele.fi\/no\/wp-json\/wp\/v2\/media?parent=14653"}],"wp:term":[{"taxonomy":"product_brand","embeddable":true,"href":"https:\/\/www.vempele.fi\/no\/wp-json\/wp\/v2\/product_brand?post=14653"},{"taxonomy":"product_cat","embeddable":true,"href":"https:\/\/www.vempele.fi\/no\/wp-json\/wp\/v2\/product_cat?post=14653"},{"taxonomy":"product_tag","embeddable":true,"href":"https:\/\/www.vempele.fi\/no\/wp-json\/wp\/v2\/product_tag?post=14653"}],"curies":[{"name":"wp","href":"https:\/\/api.w.org\/{rel}","templated":true}]}}