{"id":14663,"date":"2022-12-02T10:37:20","date_gmt":"2022-12-02T08:37:20","guid":{"rendered":"https:\/\/www.vempele.fi\/?post_type=product&#038;p=14663"},"modified":"2026-04-28T11:35:10","modified_gmt":"2026-04-28T08:35:10","slug":"tesla-stoffmerke","status":"publish","type":"product","link":"https:\/\/www.vempele.fi\/no\/tuote\/tesla-kangasmerkki\/","title":{"rendered":"Tesla-stoffmerket"},"content":{"rendered":"<ul>\n<li>Farge: svart med hvitt broderi<\/li>\n<li>M\u00e5l: (H x L) 9 x 7,5 cm<\/li>\n<li>Vekt: 5 g<\/li>\n<\/ul>","protected":false},"excerpt":{"rendered":"<p>Svart Tesla-stoffmerke med hvitt broderi. Baksiden har en selvklebende overflate, slik at du kan bruke strykejern til \u00e5 feste det p\u00e5 det tekstilet du \u00f8nsker.<\/p>\n<p>Festeinstruksjoner:<\/p>\n<ul>\n<li>S\u00f8rg for at tekstilet t\u00e5ler stryking<\/li>\n<li>Bruk h\u00f8yest mulig stryketemperatur uten damp<\/li>\n<li>Plasser stoffmark\u00f8ren der du vil ha den p\u00e5 tekstilet, dekk til med bakepapir og stryk godt i ca. 20 sekunder.<\/li>\n<li>Snu eventuelt tekstilet og stryk p\u00e5 feil side igjen<\/li>\n<li>La avkj\u00f8le og test grepet<\/li>\n<li>Sy noen flere sting rundt kantene for \u00e5 f\u00e5 best mulig feste.<\/li>\n<\/ul>\n<p>Vi anbefaler maskinvask ved 30 \u00b0C. Snu tekstilet f\u00f8r vask. Ikke bruk t\u00f8rketrommel.<\/p>\n<p>&nbsp;<\/p>\n<p>&nbsp;<\/p>\n<p>&nbsp;<\/p>","protected":false},"featured_media":15065,"comment_status":"open","ping_status":"closed","template":"","meta":[],"product_brand":[],"product_cat":[458,151,152,153,154,457,128],"product_tag":[451,156,172,173,271,121],"class_list":{"0":"post-14663","1":"product","2":"type-product","3":"status-publish","4":"has-post-thumbnail","6":"product_cat-lelut-fanituotteet","7":"product_cat-model-3","8":"product_cat-model-s","9":"product_cat-model-x","10":"product_cat-model-y","11":"product_cat-pukeutuminen","12":"product_cat-tesla-tuotteet","13":"product_tag-kangasmerkki","14":"product_tag-model-3","15":"product_tag-model-s","16":"product_tag-model-x","17":"product_tag-model-y","18":"product_tag-tesla","20":"first","21":"instock","22":"sale","23":"taxable","24":"shipping-taxable","25":"purchasable","26":"product-type-simple"},"jetpack_sharing_enabled":true,"_links":{"self":[{"href":"https:\/\/www.vempele.fi\/no\/wp-json\/wp\/v2\/product\/14663","targetHints":{"allow":["GET"]}}],"collection":[{"href":"https:\/\/www.vempele.fi\/no\/wp-json\/wp\/v2\/product"}],"about":[{"href":"https:\/\/www.vempele.fi\/no\/wp-json\/wp\/v2\/types\/product"}],"replies":[{"embeddable":true,"href":"https:\/\/www.vempele.fi\/no\/wp-json\/wp\/v2\/comments?post=14663"}],"wp:featuredmedia":[{"embeddable":true,"href":"https:\/\/www.vempele.fi\/no\/wp-json\/wp\/v2\/media\/15065"}],"wp:attachment":[{"href":"https:\/\/www.vempele.fi\/no\/wp-json\/wp\/v2\/media?parent=14663"}],"wp:term":[{"taxonomy":"product_brand","embeddable":true,"href":"https:\/\/www.vempele.fi\/no\/wp-json\/wp\/v2\/product_brand?post=14663"},{"taxonomy":"product_cat","embeddable":true,"href":"https:\/\/www.vempele.fi\/no\/wp-json\/wp\/v2\/product_cat?post=14663"},{"taxonomy":"product_tag","embeddable":true,"href":"https:\/\/www.vempele.fi\/no\/wp-json\/wp\/v2\/product_tag?post=14663"}],"curies":[{"name":"wp","href":"https:\/\/api.w.org\/{rel}","templated":true}]}}