{"id":15044,"date":"2023-04-25T13:55:45","date_gmt":"2023-04-25T10:55:45","guid":{"rendered":"https:\/\/www.vempele.fi\/?post_type=product&#038;p=15044"},"modified":"2026-04-01T07:29:07","modified_gmt":"2026-04-01T04:29:07","slug":"tesla-modell-y-bagasjeromskroker","status":"publish","type":"product","link":"https:\/\/www.vempele.fi\/no\/tuote\/tesla-model-y-takakontin-kauppakassikoukut\/","title":{"rendered":"Kroker til bagasjeromsposer - Tesla Model Y"},"content":{"rendered":"<p>Kroker til bagasjeromsposer - Tesla Model Y<\/p>\n<ul>\n<li>Installasjonssted: Bilens bagasjerom<\/li>\n<li>Egnethet:\n<ul>\n<li>Modell Y 2020 - 2024<\/li>\n<\/ul>\n<\/li>\n<li>Materiale: ABS-plast<\/li>\n<li>Farge: Svart<\/li>\n<li>Vekt: ~50 g<\/li>\n<li>Innhold i pakken : 1 x koffertkroker<\/li>\n<\/ul>","protected":false},"excerpt":{"rendered":"<p>Tesla Model Y - Praktiske kroker for handleposer i bagasjerommet. Hold orden p\u00e5 posene dine i bagasjerommet med disse praktiske og plassbesparende krokene. Produktet er enkelt \u00e5 montere i bagasjerommet ved \u00e5 trykke p\u00e5 krokene med h\u00e5nden, slik at klipsene p\u00e5 krokene klikker p\u00e5 plass.<\/p>\n<p>Utformingen med \u00e9n krok er egnet for en modell uten hull i kamoverflaten.<\/p>\n<p>Ulike modeller er montert p\u00e5 forskjellige steder p\u00e5 bakluken. Se bilder!<\/p>","protected":false},"featured_media":37214,"comment_status":"open","ping_status":"closed","template":"","meta":[],"product_brand":[],"product_cat":[154,455,482,128],"product_tag":[83,544,545,546,271,121],"class_list":{"0":"post-15044","1":"product","2":"type-product","3":"status-publish","4":"has-post-thumbnail","6":"product_cat-model-y","7":"product_cat-my-tarvikkeet","8":"product_cat-tarvikkeet-sisapuolelle-model-y","9":"product_cat-tesla-tuotteet","10":"product_tag-autotarvikkeet","11":"product_tag-kassikoukku","12":"product_tag-kauppakassi","13":"product_tag-koukut","14":"product_tag-model-y","15":"product_tag-tesla","17":"first","18":"instock","19":"taxable","20":"shipping-taxable","21":"purchasable","22":"product-type-variable"},"jetpack_sharing_enabled":true,"_links":{"self":[{"href":"https:\/\/www.vempele.fi\/no\/wp-json\/wp\/v2\/product\/15044","targetHints":{"allow":["GET"]}}],"collection":[{"href":"https:\/\/www.vempele.fi\/no\/wp-json\/wp\/v2\/product"}],"about":[{"href":"https:\/\/www.vempele.fi\/no\/wp-json\/wp\/v2\/types\/product"}],"replies":[{"embeddable":true,"href":"https:\/\/www.vempele.fi\/no\/wp-json\/wp\/v2\/comments?post=15044"}],"wp:featuredmedia":[{"embeddable":true,"href":"https:\/\/www.vempele.fi\/no\/wp-json\/wp\/v2\/media\/37214"}],"wp:attachment":[{"href":"https:\/\/www.vempele.fi\/no\/wp-json\/wp\/v2\/media?parent=15044"}],"wp:term":[{"taxonomy":"product_brand","embeddable":true,"href":"https:\/\/www.vempele.fi\/no\/wp-json\/wp\/v2\/product_brand?post=15044"},{"taxonomy":"product_cat","embeddable":true,"href":"https:\/\/www.vempele.fi\/no\/wp-json\/wp\/v2\/product_cat?post=15044"},{"taxonomy":"product_tag","embeddable":true,"href":"https:\/\/www.vempele.fi\/no\/wp-json\/wp\/v2\/product_tag?post=15044"}],"curies":[{"name":"wp","href":"https:\/\/api.w.org\/{rel}","templated":true}]}}