{"id":15068,"date":"2023-03-16T10:43:32","date_gmt":"2023-03-16T08:43:32","guid":{"rendered":"https:\/\/www.vempele.fi\/?post_type=product&#038;p=15068"},"modified":"2025-08-21T14:03:26","modified_gmt":"2025-08-21T11:03:26","slug":"tesla-model-y-solskjerming-for-vinduer","status":"publish","type":"product","link":"https:\/\/www.vempele.fi\/no\/tuote\/tesla-model-y-aurinkosuojat-ikkunoihin\/","title":{"rendered":"Solskjerming for vinduer - Tesla Model Y"},"content":{"rendered":"<p>Solskjerming for vinduer - Tesla Model Y<\/p>\n<ul>\n<li>Materiale: Nylon<\/li>\n<li>Egnethet:\n<ul>\n<li>Modell Y 2020 - 2024<\/li>\n<li>Modell Y Juniper 2025 -&gt;<\/li>\n<\/ul>\n<\/li>\n<li>Farge: S\u00f8lv \/ svart<\/li>\n<li>Vekt: ca. 1,5 kg<\/li>\n<li>Innhold i pakken: 8 deler og oppbevaringsposer.<\/li>\n<\/ul>","protected":false},"excerpt":{"rendered":"<p>Tesla Model Y - Solskjerming for vinduer.<\/p>\n<p>Disse solkremene kan brukes inne i bilen b\u00e5de sommer og vinter. De gir ogs\u00e5 komfortabel beskyttelse for de som sitter i bilen, og bremser ogs\u00e5 varmeutstr\u00e5lingen gjennom vinduene noe.<\/p>\n<p>Produktene er lette og formtilpassede. Den innvendige overflaten p\u00e5 solskjermene er svart, og overflaten mot vinduet er av reflekterende stoff. Solskjermene er ogs\u00e5 sv\u00e6rt lette, og de st\u00f8rste kan brettes sammen p\u00e5 midten, noe som sparer plass i bilen. Produktene leveres med praktiske oppbevaringsposer.<\/p>\n<p>Det er enkelt \u00e5 montere solskjermene, alt du trenger \u00e5 gj\u00f8re er \u00e5 trykke dem p\u00e5 plass. Produktene er designet spesielt for Tesla Model Y-bilen.<\/p>","protected":false},"featured_media":17040,"comment_status":"open","ping_status":"closed","template":"","meta":[],"product_brand":[],"product_cat":[154,455,482,128],"product_tag":[558,83,559,271,121],"class_list":{"0":"post-15068","1":"product","2":"type-product","3":"status-publish","4":"has-post-thumbnail","6":"product_cat-model-y","7":"product_cat-my-tarvikkeet","8":"product_cat-tarvikkeet-sisapuolelle-model-y","9":"product_cat-tesla-tuotteet","10":"product_tag-aurinkosuojat","11":"product_tag-autotarvikkeet","12":"product_tag-ikkunasuojat","13":"product_tag-model-y","14":"product_tag-tesla","16":"first","17":"outofstock","18":"taxable","19":"shipping-taxable","20":"purchasable","21":"product-type-simple"},"jetpack_sharing_enabled":true,"_links":{"self":[{"href":"https:\/\/www.vempele.fi\/no\/wp-json\/wp\/v2\/product\/15068","targetHints":{"allow":["GET"]}}],"collection":[{"href":"https:\/\/www.vempele.fi\/no\/wp-json\/wp\/v2\/product"}],"about":[{"href":"https:\/\/www.vempele.fi\/no\/wp-json\/wp\/v2\/types\/product"}],"replies":[{"embeddable":true,"href":"https:\/\/www.vempele.fi\/no\/wp-json\/wp\/v2\/comments?post=15068"}],"wp:featuredmedia":[{"embeddable":true,"href":"https:\/\/www.vempele.fi\/no\/wp-json\/wp\/v2\/media\/17040"}],"wp:attachment":[{"href":"https:\/\/www.vempele.fi\/no\/wp-json\/wp\/v2\/media?parent=15068"}],"wp:term":[{"taxonomy":"product_brand","embeddable":true,"href":"https:\/\/www.vempele.fi\/no\/wp-json\/wp\/v2\/product_brand?post=15068"},{"taxonomy":"product_cat","embeddable":true,"href":"https:\/\/www.vempele.fi\/no\/wp-json\/wp\/v2\/product_cat?post=15068"},{"taxonomy":"product_tag","embeddable":true,"href":"https:\/\/www.vempele.fi\/no\/wp-json\/wp\/v2\/product_tag?post=15068"}],"curies":[{"name":"wp","href":"https:\/\/api.w.org\/{rel}","templated":true}]}}