{"id":15551,"date":"2023-01-18T12:21:54","date_gmt":"2023-01-18T10:21:54","guid":{"rendered":"https:\/\/www.vempele.fi\/?post_type=product&#038;p=15551"},"modified":"2026-04-21T14:23:51","modified_gmt":"2026-04-21T11:23:51","slug":"modell-s-reparasjonssett-for-padlegir","status":"publish","type":"product","link":"https:\/\/www.vempele.fi\/no\/tuote\/model-s-paddle-gear-korjaussetti\/","title":{"rendered":"Tesla Model S - Reparasjonssett for padlehjul"},"content":{"rendered":"<p>Modell S Reparasjonssett for padlegir<\/p>\n<ul>\n<li>Egnethet: for Tesla Model S<\/li>\n<li>Materiale: metall<\/li>\n<li>M\u00e5l p\u00e5 pakken: ca. 3,5 x 2,5 x 1,5 cm<\/li>\n<li>Vekt: ca. 20 g<\/li>\n<li>Innhold i pakken:\n<ul>\n<li>D\u00f8rh\u00e5ndtaksutstyr (padleutstyr)<\/li>\n<li>Soya<\/li>\n<\/ul>\n<\/li>\n<\/ul>","protected":false},"excerpt":{"rendered":"<p>Reparasjonssett for d\u00f8rh\u00e5ndtak til Tesla Model S. Settet inneholder et padlehjul og en st\u00f8tdemper.<\/p>\n<p>Padlehjulet av lav kvalitet p\u00e5 den originale Tesla Model S-enheten er ikke veldig motstandsdyktig mot mekanisk slitasje. Hvis d\u00f8rh\u00e5ndtaksmekanismen slutter \u00e5 fungere, kan det skyldes et slitt gir.<\/p>\n<p>Bytt ut et slitt eller skadet d\u00f8rh\u00e5ndtaksutstyr med dette mer robuste padleutstyret!<\/p>\n<p>&nbsp;<\/p>\n<p>&nbsp;<\/p>\n<p>&nbsp;<\/p>","protected":false},"featured_media":15552,"comment_status":"open","ping_status":"closed","template":"","meta":[],"product_brand":[],"product_cat":[152,453,484,374,128,473],"product_tag":[83,406,469,468,122],"class_list":{"0":"post-15551","1":"product","2":"type-product","3":"status-publish","4":"has-post-thumbnail","6":"product_cat-model-s","7":"product_cat-ms-tarvikkeet","8":"product_cat-tarvikkeet-ulkopuolelle-model-s","9":"product_cat-tesla-tarvikkeet","10":"product_cat-tesla-tuotteet","11":"product_cat-varaosat-model-s","12":"product_tag-autotarvikkeet","13":"product_tag-korjaus","14":"product_tag-paddle","15":"product_tag-paddle-gear","16":"product_tag-tesla-model-s","18":"first","19":"instock","20":"taxable","21":"shipping-taxable","22":"purchasable","23":"product-type-simple"},"jetpack_sharing_enabled":true,"_links":{"self":[{"href":"https:\/\/www.vempele.fi\/no\/wp-json\/wp\/v2\/product\/15551","targetHints":{"allow":["GET"]}}],"collection":[{"href":"https:\/\/www.vempele.fi\/no\/wp-json\/wp\/v2\/product"}],"about":[{"href":"https:\/\/www.vempele.fi\/no\/wp-json\/wp\/v2\/types\/product"}],"replies":[{"embeddable":true,"href":"https:\/\/www.vempele.fi\/no\/wp-json\/wp\/v2\/comments?post=15551"}],"wp:featuredmedia":[{"embeddable":true,"href":"https:\/\/www.vempele.fi\/no\/wp-json\/wp\/v2\/media\/15552"}],"wp:attachment":[{"href":"https:\/\/www.vempele.fi\/no\/wp-json\/wp\/v2\/media?parent=15551"}],"wp:term":[{"taxonomy":"product_brand","embeddable":true,"href":"https:\/\/www.vempele.fi\/no\/wp-json\/wp\/v2\/product_brand?post=15551"},{"taxonomy":"product_cat","embeddable":true,"href":"https:\/\/www.vempele.fi\/no\/wp-json\/wp\/v2\/product_cat?post=15551"},{"taxonomy":"product_tag","embeddable":true,"href":"https:\/\/www.vempele.fi\/no\/wp-json\/wp\/v2\/product_tag?post=15551"}],"curies":[{"name":"wp","href":"https:\/\/api.w.org\/{rel}","templated":true}]}}