{"id":16407,"date":"2023-02-16T12:24:09","date_gmt":"2023-02-16T10:24:09","guid":{"rendered":"https:\/\/www.vempele.fi\/?post_type=product&#038;p=16407"},"modified":"2026-03-11T08:41:39","modified_gmt":"2026-03-11T06:41:39","slug":"tesla-model-x-kuralapat","status":"publish","type":"product","link":"https:\/\/www.vempele.fi\/no\/tuote\/tesla-model-x-kuralapat\/","title":{"rendered":"Snarveier - Tesla Model X"},"content":{"rendered":"<p>Tesla Model X-formede veivh\u00e5ndtak. Pakken inneholder 4 stk. gassh\u00e5ndtak (for begge sider foran og bak) og de n\u00f8dvendige monteringsnaglene med stift og metallklemmer.<\/p>\n<p><strong>Mer informasjon<\/strong><\/p>\n<ul>\n<li>Egnethet: for Tesla Model X\n<ul>\n<li>2015 - 2023<\/li>\n<li>2023 -&gt;<\/li>\n<\/ul>\n<\/li>\n<li>Materiale: ABS-plast<\/li>\n<li>Farge: Svart<\/li>\n<li>Inkludert i pakken:\n<ul>\n<li>4 x sveivh\u00e5ndtak, komplett sett<\/li>\n<li>Fikse behov<\/li>\n<\/ul>\n<\/li>\n<li>Navn: Tesla Model X Skvettskjerm for skvettlapper<\/li>\n<\/ul>","protected":false},"excerpt":{"rendered":"<p>Pakken inneholder 4 stk. gassr\u00f8r, foran og bak, designet for Tesla Model X. Skvettlappene er utformet for \u00e5 forhindre at gj\u00f8rme, l\u00f8s skitt og steiner spruter langs lakkoverflatene.<\/p>\n<p>Du kan bruke de eksisterende plastinnsatsene for innerdekselet eller festeskruene som f\u00f8lger med i pakken. Denne modellen trenger ikke \u00e5 bores separat i innerbekledningen, bare de eksisterende hullene brukes.<\/p>","protected":false},"featured_media":16408,"comment_status":"open","ping_status":"closed","template":"","meta":[],"product_brand":[],"product_cat":[153,454,486,128],"product_tag":[83,270,173,736,121],"class_list":{"0":"post-16407","1":"product","2":"type-product","3":"status-publish","4":"has-post-thumbnail","6":"product_cat-model-x","7":"product_cat-mx-tarvikkeet","8":"product_cat-tarvikkeet-ulkopuolelle-model-x","9":"product_cat-tesla-tuotteet","10":"product_tag-autotarvikkeet","11":"product_tag-kuralapat","12":"product_tag-model-x","13":"product_tag-roiskelappa","14":"product_tag-tesla","16":"first","17":"instock","18":"taxable","19":"shipping-taxable","20":"purchasable","21":"product-type-variable"},"jetpack_sharing_enabled":true,"_links":{"self":[{"href":"https:\/\/www.vempele.fi\/no\/wp-json\/wp\/v2\/product\/16407","targetHints":{"allow":["GET"]}}],"collection":[{"href":"https:\/\/www.vempele.fi\/no\/wp-json\/wp\/v2\/product"}],"about":[{"href":"https:\/\/www.vempele.fi\/no\/wp-json\/wp\/v2\/types\/product"}],"replies":[{"embeddable":true,"href":"https:\/\/www.vempele.fi\/no\/wp-json\/wp\/v2\/comments?post=16407"}],"wp:featuredmedia":[{"embeddable":true,"href":"https:\/\/www.vempele.fi\/no\/wp-json\/wp\/v2\/media\/16408"}],"wp:attachment":[{"href":"https:\/\/www.vempele.fi\/no\/wp-json\/wp\/v2\/media?parent=16407"}],"wp:term":[{"taxonomy":"product_brand","embeddable":true,"href":"https:\/\/www.vempele.fi\/no\/wp-json\/wp\/v2\/product_brand?post=16407"},{"taxonomy":"product_cat","embeddable":true,"href":"https:\/\/www.vempele.fi\/no\/wp-json\/wp\/v2\/product_cat?post=16407"},{"taxonomy":"product_tag","embeddable":true,"href":"https:\/\/www.vempele.fi\/no\/wp-json\/wp\/v2\/product_tag?post=16407"}],"curies":[{"name":"wp","href":"https:\/\/api.w.org\/{rel}","templated":true}]}}