{"id":17154,"date":"2023-03-21T15:05:21","date_gmt":"2023-03-21T13:05:21","guid":{"rendered":"https:\/\/www.vempele.fi\/?post_type=product&#038;p=17154"},"modified":"2025-08-28T11:47:42","modified_gmt":"2025-08-28T08:47:42","slug":"tesla-model-y-3-hjulbeskyttelsesdeksel-alcantara","status":"publish","type":"product","link":"https:\/\/www.vempele.fi\/no\/tuote\/tesla-model-y-3-ratin-suojatarra-alcantara\/","title":{"rendered":"Skjermbeskytter bak Alcantara - Tesla Model Y \/ 3"},"content":{"rendered":"<p>Skjermbeskytter bak Alcantara - Tesla Model Y \/ 3<\/p>\n<p>Du vil motta tre stykker i forskjellige st\u00f8rrelser som passer i posisjonene som vises p\u00e5 eksempelbildene, og dette produktet passer til Tesla Model 3 \/ Y-rattet. Delene plasseres sikkert p\u00e5 plass ved hjelp av den selvklebende overflaten p\u00e5 de beskyttende klistremerkene. Husk \u00e5 rengj\u00f8re overflatene godt f\u00f8r montering og \u00e5 utf\u00f8re monteringen i et varmt rom. Dette vil sikre maksimal vedheft av den selvklebende overflaten.<\/p>\n<ul>\n<li>\u00a0Egnethet:\n<ul>\n<li>Modell Y 2020 - 2024<\/li>\n<li>Model 3 Pre-Refresh vm. 2019 - 2021<\/li>\n<li>Model 3 Refresh vm. 2021 - 2023<\/li>\n<\/ul>\n<\/li>\n<li>Materiale: alcantara<\/li>\n<li>Fargealternativer: svart, oransje, r\u00f8d, bl\u00e5<\/li>\n<\/ul>","protected":false},"excerpt":{"rendered":"<p>Skjermbeskytter bak Alcantara - Tesla Model Y \/ 3<\/p>\n<p>Med dekorstykker p\u00e5 Alcantara-overflaten kan du tilpasse utseendet p\u00e5 bilen din. Disse rattdekorbitene ser du hver gang du setter deg i bilen. Alcantara er behagelig \u00e5 ta p\u00e5 fordi det er et mikrofiberstoff laget av polyester og polyuretan, med en sterk likhet med semsket skinn i f\u00f8lelse og utseende.<\/p>","protected":false},"featured_media":17161,"comment_status":"open","ping_status":"closed","template":"","meta":[],"product_brand":[],"product_cat":[151,154,452,455,480,482,128],"product_tag":[520,156,271,415,411,265,121],"class_list":{"0":"post-17154","1":"product","2":"type-product","3":"status-publish","4":"has-post-thumbnail","6":"product_cat-model-3","7":"product_cat-model-y","8":"product_cat-m3-tarvikkeet","9":"product_cat-my-tarvikkeet","10":"product_cat-tarvikkeet-sisapuolelle-model-3","11":"product_cat-tarvikkeet-sisapuolelle-model-y","12":"product_cat-tesla-tuotteet","13":"product_tag-alcantara","14":"product_tag-model-3","15":"product_tag-model-y","16":"product_tag-ratti","17":"product_tag-suoja","18":"product_tag-tarra","19":"product_tag-tesla","21":"first","22":"instock","23":"taxable","24":"shipping-taxable","25":"purchasable","26":"product-type-variable"},"jetpack_sharing_enabled":true,"_links":{"self":[{"href":"https:\/\/www.vempele.fi\/no\/wp-json\/wp\/v2\/product\/17154","targetHints":{"allow":["GET"]}}],"collection":[{"href":"https:\/\/www.vempele.fi\/no\/wp-json\/wp\/v2\/product"}],"about":[{"href":"https:\/\/www.vempele.fi\/no\/wp-json\/wp\/v2\/types\/product"}],"replies":[{"embeddable":true,"href":"https:\/\/www.vempele.fi\/no\/wp-json\/wp\/v2\/comments?post=17154"}],"wp:featuredmedia":[{"embeddable":true,"href":"https:\/\/www.vempele.fi\/no\/wp-json\/wp\/v2\/media\/17161"}],"wp:attachment":[{"href":"https:\/\/www.vempele.fi\/no\/wp-json\/wp\/v2\/media?parent=17154"}],"wp:term":[{"taxonomy":"product_brand","embeddable":true,"href":"https:\/\/www.vempele.fi\/no\/wp-json\/wp\/v2\/product_brand?post=17154"},{"taxonomy":"product_cat","embeddable":true,"href":"https:\/\/www.vempele.fi\/no\/wp-json\/wp\/v2\/product_cat?post=17154"},{"taxonomy":"product_tag","embeddable":true,"href":"https:\/\/www.vempele.fi\/no\/wp-json\/wp\/v2\/product_tag?post=17154"}],"curies":[{"name":"wp","href":"https:\/\/api.w.org\/{rel}","templated":true}]}}