{"id":17749,"date":"2023-04-04T14:57:32","date_gmt":"2023-04-04T11:57:32","guid":{"rendered":"https:\/\/www.vempele.fi\/?post_type=product&#038;p=17749"},"modified":"2023-08-02T15:45:59","modified_gmt":"2023-08-02T12:45:59","slug":"nokian-dekk-hakka-black-3-235-35r20-92y-xl-modell-3","status":"publish","type":"product","link":"https:\/\/www.vempele.fi\/no\/tuote\/nokian-tyres-hakka-black-3-235-35r20-92y-xl-model-3\/","title":{"rendered":"Nokian Dekk Hakka Black 3: 235\/35R20 92Y XL - Modell 3"},"content":{"rendered":"<p>1 stk Nokian Dekk Hakka Black 3: 235\/35R20 92Y XL - Modell 3.<\/p>\n<ul>\n<li class=\"single-product__section-title\">EU-merking av dekk<\/li>\n<li>Type: sommerdekk<\/li>\n<li>Tommer: 20<\/li>\n<li>Bredde: 235<\/li>\n<li>Profil: 35<\/li>\n<li class=\"single-product__section-title\">Hastighetskategori: 300 km\/t (W)<\/li>\n<li class=\"single-product__section-title\">Lastekapasitet: 630 kg (92)<\/li>\n<li>Dekkklassifisering: C1<\/li>\n<\/ul>","protected":false},"excerpt":{"rendered":"<p class=\"single-product__title\">Nokian Dekk Hakka Black 3: 235\/35R20 92Y XL.<\/p>\n<p>Sommerdekk.<\/p>\n<p>Hakka Black 3 har det beste v\u00e5tgrepet i gruppe A, noe som gir deg utmerket v\u00e5tgrep fra v\u00e5r til h\u00f8st.<\/p>\n<p class=\"ewa-rteLine\">Hakka Black 3 er designet for biler med h\u00f8y ytelse, og er 1 dB mer stilleg\u00e5ende enn forgjengeren p\u00e5 flat asfalt. Dekket har en Silent MultiZone-design som gir et behagelig lydniv\u00e5 p\u00e5 en rekke ulike veidekker.<\/p>\n<p><strong>Merk.<\/strong><br \/>\nNokia-dekkene kommer direkte fra leverand\u00f8ren til oss, vanligvis dagen etter at bestillingen er lagt inn.<br \/>\nLagersaldoen oppdateres ikke automatisk, s\u00e5 vi kontakter deg umiddelbart hvis dekket av en eller annen grunn ikke er tilgjengelig umiddelbart.<\/p>","protected":false},"featured_media":17741,"comment_status":"open","ping_status":"closed","template":"","meta":[],"product_brand":[],"product_cat":[151,371,128],"product_tag":[301,394,299,300,121,120,321],"class_list":{"0":"post-17749","1":"product","2":"type-product","3":"status-publish","4":"has-post-thumbnail","6":"product_cat-model-3","7":"product_cat-renkaat","8":"product_cat-tesla-tuotteet","9":"product_tag-autonrenkaat","10":"product_tag-nokian-renkaat","11":"product_tag-rengas","12":"product_tag-renkaat","13":"product_tag-tesla","14":"product_tag-tesla-model-3","15":"product_tag-vanteet","16":"product_shipping_class-nouto","18":"first","19":"instock","20":"taxable","21":"shipping-taxable","22":"purchasable","23":"product-type-simple"},"jetpack_sharing_enabled":true,"_links":{"self":[{"href":"https:\/\/www.vempele.fi\/no\/wp-json\/wp\/v2\/product\/17749","targetHints":{"allow":["GET"]}}],"collection":[{"href":"https:\/\/www.vempele.fi\/no\/wp-json\/wp\/v2\/product"}],"about":[{"href":"https:\/\/www.vempele.fi\/no\/wp-json\/wp\/v2\/types\/product"}],"replies":[{"embeddable":true,"href":"https:\/\/www.vempele.fi\/no\/wp-json\/wp\/v2\/comments?post=17749"}],"wp:featuredmedia":[{"embeddable":true,"href":"https:\/\/www.vempele.fi\/no\/wp-json\/wp\/v2\/media\/17741"}],"wp:attachment":[{"href":"https:\/\/www.vempele.fi\/no\/wp-json\/wp\/v2\/media?parent=17749"}],"wp:term":[{"taxonomy":"product_brand","embeddable":true,"href":"https:\/\/www.vempele.fi\/no\/wp-json\/wp\/v2\/product_brand?post=17749"},{"taxonomy":"product_cat","embeddable":true,"href":"https:\/\/www.vempele.fi\/no\/wp-json\/wp\/v2\/product_cat?post=17749"},{"taxonomy":"product_tag","embeddable":true,"href":"https:\/\/www.vempele.fi\/no\/wp-json\/wp\/v2\/product_tag?post=17749"}],"curies":[{"name":"wp","href":"https:\/\/api.w.org\/{rel}","templated":true}]}}