{"id":18574,"date":"2023-04-27T09:43:53","date_gmt":"2023-04-27T06:43:53","guid":{"rendered":"https:\/\/www.vempele.fi\/?post_type=product&#038;p=18574"},"modified":"2026-04-05T23:44:22","modified_gmt":"2026-04-05T20:44:22","slug":"sammenleggbar-tyopoyta-tesla-modell-3-y","status":"publish","type":"product","link":"https:\/\/www.vempele.fi\/no\/tuote\/taitettava-tyopoyta-tesla-model-3-y\/","title":{"rendered":"Sammenleggbart skrivebord - Tesla Model 3 \/ Y"},"content":{"rendered":"<p>Sammenleggbart skrivebord - Tesla Model 3 \/ Y<\/p>\n<ul>\n<li>Farge: Karbonfiberimitasjon<\/li>\n<li>Egnethet:\n<ul>\n<li>Modell Y 2020 - 2025<\/li>\n<li>Modell Y Juniper 2025-&gt;.<\/li>\n<li>Model 3 2019 - 2021<\/li>\n<li>Model 3 Refresh vm. 2021 - 2023<\/li>\n<li>Modell 3 Highland 2024 -&gt;<\/li>\n<\/ul>\n<\/li>\n<li>Materiale: MDF, vinyl<\/li>\n<li>St\u00f8rrelse:\n<ul>\n<li>Utvendige m\u00e5l i sammenbrettet tilstand: 38 cm x 38 cm x 2 cm<\/li>\n<li>Utvendige m\u00e5l n\u00e5r den er spredt: 76 cm x 38 cm x 1 cm<\/li>\n<\/ul>\n<\/li>\n<\/ul>","protected":false},"excerpt":{"rendered":"<p>Ta arbeidet i bilen til neste niv\u00e5 med dette sammenleggbare, ryddige og romslige skrivebordet. Det leveres med 6 puter som plasseres p\u00e5 baksiden av skrivebordet for \u00e5 forhindre at skrivebordet sliter p\u00e5 bilens overflater under bruk.<\/p>\n<p>N\u00e5r arbeidet er gjort, er det enkelt \u00e5 brette sammen bordet og legge det i oppbevaringsrommet.<\/p>","protected":false},"featured_media":18577,"comment_status":"open","ping_status":"closed","template":"","meta":[],"product_brand":[],"product_cat":[154,452,455,480,482,128],"product_tag":[156,271,501,535,121,500],"class_list":{"0":"post-18574","1":"product","2":"type-product","3":"status-publish","4":"has-post-thumbnail","6":"product_cat-model-y","7":"product_cat-m3-tarvikkeet","8":"product_cat-my-tarvikkeet","9":"product_cat-tarvikkeet-sisapuolelle-model-3","10":"product_cat-tarvikkeet-sisapuolelle-model-y","11":"product_cat-tesla-tuotteet","12":"product_tag-model-3","13":"product_tag-model-y","14":"product_tag-poyta","15":"product_tag-taitettava","16":"product_tag-tesla","17":"product_tag-tyopoyta","19":"first","20":"instock","21":"taxable","22":"shipping-taxable","23":"purchasable","24":"product-type-simple"},"jetpack_sharing_enabled":true,"_links":{"self":[{"href":"https:\/\/www.vempele.fi\/no\/wp-json\/wp\/v2\/product\/18574","targetHints":{"allow":["GET"]}}],"collection":[{"href":"https:\/\/www.vempele.fi\/no\/wp-json\/wp\/v2\/product"}],"about":[{"href":"https:\/\/www.vempele.fi\/no\/wp-json\/wp\/v2\/types\/product"}],"replies":[{"embeddable":true,"href":"https:\/\/www.vempele.fi\/no\/wp-json\/wp\/v2\/comments?post=18574"}],"wp:featuredmedia":[{"embeddable":true,"href":"https:\/\/www.vempele.fi\/no\/wp-json\/wp\/v2\/media\/18577"}],"wp:attachment":[{"href":"https:\/\/www.vempele.fi\/no\/wp-json\/wp\/v2\/media?parent=18574"}],"wp:term":[{"taxonomy":"product_brand","embeddable":true,"href":"https:\/\/www.vempele.fi\/no\/wp-json\/wp\/v2\/product_brand?post=18574"},{"taxonomy":"product_cat","embeddable":true,"href":"https:\/\/www.vempele.fi\/no\/wp-json\/wp\/v2\/product_cat?post=18574"},{"taxonomy":"product_tag","embeddable":true,"href":"https:\/\/www.vempele.fi\/no\/wp-json\/wp\/v2\/product_tag?post=18574"}],"curies":[{"name":"wp","href":"https:\/\/api.w.org\/{rel}","templated":true}]}}