{"id":18753,"date":"2023-05-09T09:35:44","date_gmt":"2023-05-09T06:35:44","guid":{"rendered":"https:\/\/www.vempele.fi\/?post_type=product&#038;p=18753"},"modified":"2023-10-03T14:38:40","modified_gmt":"2023-10-03T11:38:40","slug":"skummadrass-for-bil-tesla-modell-y","status":"publish","type":"product","link":"https:\/\/www.vempele.fi\/no\/tuote\/vaahtomuovipatja-autoon-tesla-model-y\/","title":{"rendered":"Skummadrass for bil - Tesla Model Y"},"content":{"rendered":"<p>En praktisk skummadrass for lange kj\u00f8returer og camping.<\/p>\n<p>Pakken inneholder<\/p>\n<ul>\n<li>Skumputer med polyuretanovertrekk x 3 stk (ca. 185 x 35 x 3-5 cm)<\/li>\n<li>L\u00f8st trekk til madrass x 1<\/li>\n<li>Oppbevaringspose i svart nylon x 1<\/li>\n<\/ul>\n<p><strong>Detaljer:<\/strong><\/p>\n<ul>\n<li>Egnethet: for Tesla Model Y<\/li>\n<li>Lengde: 185 cm<\/li>\n<li>Bredde: 35 cm med \u00e9n seksjon. Merk! Madrassen best\u00e5r av tre deler<\/li>\n<li>Tykkelse: 3-5 cm\n<ul>\n<li>Kryssfinerforsterkning i den ene enden av madrassen p\u00e5 baksiden<\/li>\n<\/ul>\n<\/li>\n<\/ul>\n<p>&nbsp;<\/p>","protected":false},"excerpt":{"rendered":"<p>Skummadrass for Tesla Model Y. Denne komfortabelt myke madrassen f\u00e5r deg til \u00e5 sove som en stein i bilen.<\/p>\n<p>Den sammenleggbare designen gj\u00f8r det enkelt \u00e5 vise frem og oppbevare madrassen. Bunnen av madrassseksjonene har borrel\u00e5sstropper som fester dem til beholderens bunn og ryggstoffet p\u00e5 flere punkter. Dette sikrer at madrassen holder seg p\u00e5 plass selv om du vrir og vender deg i s\u00f8vne. Madrassen har et avtakbart stofftrekk.<\/p>\n<p>Den medf\u00f8lgende oppbevaringsposen gj\u00f8r at du kan oppbevare madrassen uten \u00e5 bekymre deg for at den blir skitten n\u00e5r du ikke er p\u00e5 farten. Bagen f\u00e5r ogs\u00e5 plass i fronten av bilen og under bakluken, slik at du kan bruke den til \u00e5 frakte andre ting.<\/p>\n<p>&nbsp;<\/p>","protected":false},"featured_media":18917,"comment_status":"open","ping_status":"closed","template":"","meta":[],"product_brand":[],"product_cat":[154,455,482,128],"product_tag":[83,310,271,121,502],"class_list":{"0":"post-18753","1":"product","2":"type-product","3":"status-publish","4":"has-post-thumbnail","6":"product_cat-model-y","7":"product_cat-my-tarvikkeet","8":"product_cat-tarvikkeet-sisapuolelle-model-y","9":"product_cat-tesla-tuotteet","10":"product_tag-autotarvikkeet","11":"product_tag-makuualusta","12":"product_tag-model-y","13":"product_tag-tesla","14":"product_tag-vaahtomuovipatja","16":"first","17":"outofstock","18":"taxable","19":"shipping-taxable","20":"purchasable","21":"product-type-simple"},"jetpack_sharing_enabled":true,"_links":{"self":[{"href":"https:\/\/www.vempele.fi\/no\/wp-json\/wp\/v2\/product\/18753","targetHints":{"allow":["GET"]}}],"collection":[{"href":"https:\/\/www.vempele.fi\/no\/wp-json\/wp\/v2\/product"}],"about":[{"href":"https:\/\/www.vempele.fi\/no\/wp-json\/wp\/v2\/types\/product"}],"replies":[{"embeddable":true,"href":"https:\/\/www.vempele.fi\/no\/wp-json\/wp\/v2\/comments?post=18753"}],"wp:featuredmedia":[{"embeddable":true,"href":"https:\/\/www.vempele.fi\/no\/wp-json\/wp\/v2\/media\/18917"}],"wp:attachment":[{"href":"https:\/\/www.vempele.fi\/no\/wp-json\/wp\/v2\/media?parent=18753"}],"wp:term":[{"taxonomy":"product_brand","embeddable":true,"href":"https:\/\/www.vempele.fi\/no\/wp-json\/wp\/v2\/product_brand?post=18753"},{"taxonomy":"product_cat","embeddable":true,"href":"https:\/\/www.vempele.fi\/no\/wp-json\/wp\/v2\/product_cat?post=18753"},{"taxonomy":"product_tag","embeddable":true,"href":"https:\/\/www.vempele.fi\/no\/wp-json\/wp\/v2\/product_tag?post=18753"}],"curies":[{"name":"wp","href":"https:\/\/api.w.org\/{rel}","templated":true}]}}