{"id":18760,"date":"2023-05-08T12:23:57","date_gmt":"2023-05-08T09:23:57","guid":{"rendered":"https:\/\/www.vempele.fi\/?post_type=product&#038;p=18760"},"modified":"2026-04-12T22:26:42","modified_gmt":"2026-04-12T19:26:42","slug":"baksetetrekk-for-bakseterygg-tesla-modell-y","status":"publish","type":"product","link":"https:\/\/www.vempele.fi\/no\/tuote\/takapenkin-takaosan-penkinsuojat-tesla-model-y\/","title":{"rendered":"Ryggbeskyttere til baksetet - Tesla Model Y"},"content":{"rendered":"<p>Ryggbeskyttere til baksetet - Tesla Model Y. Pakke med tre separate beskyttere som til sammen dekker hele baksiden av baksetet.<\/p>\n<p><b>Ytterligere informasjon:<\/b><\/p>\n<ul>\n<li>Egnethet: for Tesla Model Y<\/li>\n<li>\u00c5rsmodell: 2021 -&gt;<\/li>\n<li>Materiale: fleksibel plast<\/li>\n<li>Farge: svart<\/li>\n<\/ul>","protected":false},"excerpt":{"rendered":"<p>Ryggbeskyttere for baksetet til Tesla Model Y. Beskytterne er laget av EVA-plast, akkurat som v\u00e5re sv\u00e6rt popul\u00e6re langdistansematter. Dette produktet beskytter bakseteryggene mot smuss og slitasje hvis du ofte vipper setene og b\u00e6rer tingene dine i baksetet.<\/p>\n<p>Beskytterne passer perfekt sammen utseendemessig <a href=\"https:\/\/www.vempele.fi\/no\/product-2\/tesla-modell-y-frunk-bagasjerommet-fjernkontroller\/\" target=\"_blank\" rel=\"noopener\">Modell Y Trunk Matin<\/a> med.<\/p>\n<p>Mattene er enkle \u00e5 rengj\u00f8re, selv under vannkranen og med en lett b\u00f8rste - smuss og skitt l\u00f8sner lett fra plastoverflaten. I likhet med de andre mattene i sortimentet v\u00e5rt passer disse mattene perfekt og glir rett p\u00e5 plass.<\/p>\n<p>Takket v\u00e6re borrel\u00e5sfestet er produktet raskt \u00e5 montere og, om n\u00f8dvendig, \u00e5 fjerne.<\/p>","protected":false},"featured_media":18911,"comment_status":"open","ping_status":"closed","template":"","meta":[],"product_brand":[],"product_cat":[408,154,128],"product_tag":[83,411,121,203],"class_list":{"0":"post-18760","1":"product","2":"type-product","3":"status-publish","4":"has-post-thumbnail","6":"product_cat-matot-model-y","7":"product_cat-model-y","8":"product_cat-tesla-tuotteet","9":"product_tag-autotarvikkeet","10":"product_tag-suoja","11":"product_tag-tesla","12":"product_tag-tesla-model-y","14":"first","15":"instock","16":"taxable","17":"shipping-taxable","18":"purchasable","19":"product-type-simple"},"jetpack_sharing_enabled":true,"_links":{"self":[{"href":"https:\/\/www.vempele.fi\/no\/wp-json\/wp\/v2\/product\/18760","targetHints":{"allow":["GET"]}}],"collection":[{"href":"https:\/\/www.vempele.fi\/no\/wp-json\/wp\/v2\/product"}],"about":[{"href":"https:\/\/www.vempele.fi\/no\/wp-json\/wp\/v2\/types\/product"}],"replies":[{"embeddable":true,"href":"https:\/\/www.vempele.fi\/no\/wp-json\/wp\/v2\/comments?post=18760"}],"wp:featuredmedia":[{"embeddable":true,"href":"https:\/\/www.vempele.fi\/no\/wp-json\/wp\/v2\/media\/18911"}],"wp:attachment":[{"href":"https:\/\/www.vempele.fi\/no\/wp-json\/wp\/v2\/media?parent=18760"}],"wp:term":[{"taxonomy":"product_brand","embeddable":true,"href":"https:\/\/www.vempele.fi\/no\/wp-json\/wp\/v2\/product_brand?post=18760"},{"taxonomy":"product_cat","embeddable":true,"href":"https:\/\/www.vempele.fi\/no\/wp-json\/wp\/v2\/product_cat?post=18760"},{"taxonomy":"product_tag","embeddable":true,"href":"https:\/\/www.vempele.fi\/no\/wp-json\/wp\/v2\/product_tag?post=18760"}],"curies":[{"name":"wp","href":"https:\/\/api.w.org\/{rel}","templated":true}]}}