{"id":19098,"date":"2023-05-16T13:00:03","date_gmt":"2023-05-16T10:00:03","guid":{"rendered":"https:\/\/www.vempele.fi\/?post_type=product&#038;p=19098"},"modified":"2026-04-15T12:32:50","modified_gmt":"2026-04-15T09:32:50","slug":"dorhandtaksbeskyttere-tesla-model-3-y","status":"publish","type":"product","link":"https:\/\/www.vempele.fi\/no\/tuote\/ovien-kahvansuojat-tesla-model-3-y\/","title":{"rendered":"Beskyttere til d\u00f8rh\u00e5ndtak - Tesla Model 3 \/ Y"},"content":{"rendered":"<p>Beskyttere til d\u00f8rh\u00e5ndtak - Tesla Model 3 \/ Y<\/p>\n<p>Den festes enkelt med den medf\u00f8lgende dobbeltsidige teipen. Husk \u00e5 rengj\u00f8re h\u00e5ndtakene ordentlig f\u00f8r du fester produktet!<br \/>\nDenne modellen er ogs\u00e5 buet for \u00e5 beskytte kantene litt.<\/p>\n<ul>\n<li>Materiale: ABS-plast<\/li>\n<li>Egnethet:\n<ul>\n<li>Modell Y 2020 - 2024<\/li>\n<li>Modell Y Juniper 2025 -&gt;<\/li>\n<li>Model 3 Pre-Refresh vm. 2019 - 2021<\/li>\n<li>Model 3 Refresh vm. 2021 - 2023<\/li>\n<li>Modell 3 Highland vm. 2023 -&gt;<\/li>\n<\/ul>\n<\/li>\n<li>Farge: Matt svart \/ karbonfiber<\/li>\n<li>St\u00f8rrelse p\u00e5 pakken: 25 x 6 x 3 cm<\/li>\n<li>Antall: 4 stk\/pakke<\/li>\n<li>Vekt: ~25 - 60 g<\/li>\n<li>Navn: Dekorasjonsdekorasjon til d\u00f8rh\u00e5ndtak for Tesla Model 3 \/ Y<\/li>\n<\/ul>","protected":false},"excerpt":{"rendered":"<p>H\u00e5ndtaksdeksler i hardplast i matt svart eller karbonfiberm\u00f8nster beskytter bilh\u00e5ndtakene dine mot riper og gir dem et nytt utseende! Passer perfekt til Model 3 og Y.<\/p>\n<p>&nbsp;<\/p>","protected":false},"featured_media":19103,"comment_status":"open","ping_status":"closed","template":"","meta":[],"product_brand":[],"product_cat":[151,154,452,455,481,483,128],"product_tag":[534,156,271,411,121],"class_list":{"0":"post-19098","1":"product","2":"type-product","3":"status-publish","4":"has-post-thumbnail","6":"product_cat-model-3","7":"product_cat-model-y","8":"product_cat-m3-tarvikkeet","9":"product_cat-my-tarvikkeet","10":"product_cat-tarvikkeet-ulkopuolelle-model-3","11":"product_cat-tarvikkeet-ulkopuolelle-model-y","12":"product_cat-tesla-tuotteet","13":"product_tag-kahva","14":"product_tag-model-3","15":"product_tag-model-y","16":"product_tag-suoja","17":"product_tag-tesla","19":"first","20":"instock","21":"taxable","22":"shipping-taxable","23":"purchasable","24":"product-type-variable"},"jetpack_sharing_enabled":true,"_links":{"self":[{"href":"https:\/\/www.vempele.fi\/no\/wp-json\/wp\/v2\/product\/19098","targetHints":{"allow":["GET"]}}],"collection":[{"href":"https:\/\/www.vempele.fi\/no\/wp-json\/wp\/v2\/product"}],"about":[{"href":"https:\/\/www.vempele.fi\/no\/wp-json\/wp\/v2\/types\/product"}],"replies":[{"embeddable":true,"href":"https:\/\/www.vempele.fi\/no\/wp-json\/wp\/v2\/comments?post=19098"}],"wp:featuredmedia":[{"embeddable":true,"href":"https:\/\/www.vempele.fi\/no\/wp-json\/wp\/v2\/media\/19103"}],"wp:attachment":[{"href":"https:\/\/www.vempele.fi\/no\/wp-json\/wp\/v2\/media?parent=19098"}],"wp:term":[{"taxonomy":"product_brand","embeddable":true,"href":"https:\/\/www.vempele.fi\/no\/wp-json\/wp\/v2\/product_brand?post=19098"},{"taxonomy":"product_cat","embeddable":true,"href":"https:\/\/www.vempele.fi\/no\/wp-json\/wp\/v2\/product_cat?post=19098"},{"taxonomy":"product_tag","embeddable":true,"href":"https:\/\/www.vempele.fi\/no\/wp-json\/wp\/v2\/product_tag?post=19098"}],"curies":[{"name":"wp","href":"https:\/\/api.w.org\/{rel}","templated":true}]}}