{"id":19283,"date":"2023-05-24T08:40:36","date_gmt":"2023-05-24T05:40:36","guid":{"rendered":"https:\/\/www.vempele.fi\/?post_type=product&#038;p=19283"},"modified":"2026-01-20T21:46:57","modified_gmt":"2026-01-20T19:46:57","slug":"beskyttelsesetiketter-for-dorhandtak-fluorescerende-tesla-modell-3-y","status":"publish","type":"product","link":"https:\/\/www.vempele.fi\/no\/tuote\/ovien-kahvansuojatarrat-fluorisoiva-tesla-model-3-y\/","title":{"rendered":"Fosforiserte klistremerker for beskyttelse av d\u00f8rh\u00e5ndtak - Tesla Model 3 \/ Y"},"content":{"rendered":"<p>Fosforiserte klistremerker for beskyttelse av d\u00f8rh\u00e5ndtak - Tesla Model 3 \/ Y.<\/p>\n<ul>\n<li>Materiale: fleksibel plast<\/li>\n<li>Egnethet:\n<ul>\n<li>Modell Y 2020 - 2024<\/li>\n<li>Modell Y Juniper 2025 -&gt;<\/li>\n<li>Model 3 Pre-Refresh vm. 2019 - 2021<\/li>\n<li>Model 3 Refresh vm. 2021 - 2023<\/li>\n<li>Modell 3 Highland vm. 2023 -&gt;<\/li>\n<\/ul>\n<\/li>\n<li>St\u00f8rrelse p\u00e5 pakken: 24 x 8 x 0,5 cm<\/li>\n<li>Antall: 4 stk\/pakke<\/li>\n<li>Vekt: ~25 g<\/li>\n<\/ul>","protected":false},"excerpt":{"rendered":"<p>Myke, blanke klistremerker med fosforescens beskytter bilh\u00e5ndtakene dine mot riper og gir bilen et flottere utseende! Passer perfekt til Tesla Model 3 og Model Y.<\/p>\n<p>Klistremerkene er enkle \u00e5 feste takket v\u00e6re den gode klebeflaten. Husk \u00e5 rengj\u00f8re h\u00e5ndtakene ordentlig f\u00f8r du p\u00e5f\u00f8rer produktet!<\/p>\n<p>&nbsp;<\/p>","protected":false},"featured_media":41474,"comment_status":"open","ping_status":"closed","template":"","meta":[],"product_brand":[],"product_cat":[151,154,452,455,481,483,128],"product_tag":[534,156,271,411,121],"class_list":{"0":"post-19283","1":"product","2":"type-product","3":"status-publish","4":"has-post-thumbnail","6":"product_cat-model-3","7":"product_cat-model-y","8":"product_cat-m3-tarvikkeet","9":"product_cat-my-tarvikkeet","10":"product_cat-tarvikkeet-ulkopuolelle-model-3","11":"product_cat-tarvikkeet-ulkopuolelle-model-y","12":"product_cat-tesla-tuotteet","13":"product_tag-kahva","14":"product_tag-model-3","15":"product_tag-model-y","16":"product_tag-suoja","17":"product_tag-tesla","19":"first","20":"instock","21":"taxable","22":"shipping-taxable","23":"purchasable","24":"product-type-simple"},"jetpack_sharing_enabled":true,"_links":{"self":[{"href":"https:\/\/www.vempele.fi\/no\/wp-json\/wp\/v2\/product\/19283","targetHints":{"allow":["GET"]}}],"collection":[{"href":"https:\/\/www.vempele.fi\/no\/wp-json\/wp\/v2\/product"}],"about":[{"href":"https:\/\/www.vempele.fi\/no\/wp-json\/wp\/v2\/types\/product"}],"replies":[{"embeddable":true,"href":"https:\/\/www.vempele.fi\/no\/wp-json\/wp\/v2\/comments?post=19283"}],"wp:featuredmedia":[{"embeddable":true,"href":"https:\/\/www.vempele.fi\/no\/wp-json\/wp\/v2\/media\/41474"}],"wp:attachment":[{"href":"https:\/\/www.vempele.fi\/no\/wp-json\/wp\/v2\/media?parent=19283"}],"wp:term":[{"taxonomy":"product_brand","embeddable":true,"href":"https:\/\/www.vempele.fi\/no\/wp-json\/wp\/v2\/product_brand?post=19283"},{"taxonomy":"product_cat","embeddable":true,"href":"https:\/\/www.vempele.fi\/no\/wp-json\/wp\/v2\/product_cat?post=19283"},{"taxonomy":"product_tag","embeddable":true,"href":"https:\/\/www.vempele.fi\/no\/wp-json\/wp\/v2\/product_tag?post=19283"}],"curies":[{"name":"wp","href":"https:\/\/api.w.org\/{rel}","templated":true}]}}