{"id":19433,"date":"2023-05-25T11:15:52","date_gmt":"2023-05-25T08:15:52","guid":{"rendered":"https:\/\/www.vempele.fi\/?post_type=product&#038;p=19433"},"modified":"2026-04-17T08:13:27","modified_gmt":"2026-04-17T05:13:27","slug":"lakk-reparasjon-tesla","status":"publish","type":"product","link":"https:\/\/www.vempele.fi\/no\/tuote\/maalinkorjauskyna-tesla\/","title":{"rendered":"Korreksjonspenn for maling - Tesla"},"content":{"rendered":"<p>Praktisk malingspenn med Tesla-fargekoder.<\/p>\n<p><strong>Tekniske egenskaper<\/strong><\/p>\n<p>Touch-up akrylbindemidler og -pastaer er utmerkede reparasjonslakker av OE-kvalitet. Touch-up gir en sv\u00e6rt rask t\u00f8rketid, blank og slitesterk finish.<\/p>\n<ul>\n<li>Den ferdige overflaten er motstandsdyktig mot l\u00f8semidler som bensin og terpentin<\/li>\n<li>Belegget er sv\u00e6rt hardt og gir utmerket beskyttelse mot slitasje og steinsprut<\/li>\n<\/ul>\n<p><strong>Mer informasjon<\/strong><\/p>\n<ul>\n<li>Vekt: ~35 g<\/li>\n<li>Mengde maling: 12 ml<\/li>\n<li>Produsent: Maston<\/li>\n<li>Produksjonsland: Finland<\/li>\n<li><a href=\"https:\/\/www.vempele.fi\/wp-content\/uploads\/2023\/05\/Touch-up-kayttoturvatiedote-fi.pdf\" target=\"_blank\" rel=\"noopener\">Sikkerhetsbulletin<\/a><\/li>\n<li><a href=\"https:\/\/www.vempele.fi\/wp-content\/uploads\/2023\/05\/Touch-up-kayttoturvatiedote-en.pdf\" target=\"_blank\" rel=\"noopener\">Sikkerhetsdatablad<\/a> (no)<\/li>\n<li>Navn: Malingsreparasjonspenn for Tesla-farger<\/li>\n<\/ul>","protected":false},"excerpt":{"rendered":"<p>Er panseret fullt av sm\u00e5stein? Ikke bekymre deg for det! Med den brukervennlige Touch-Up-pennen kan du skjule selv de st\u00f8rste sm\u00e5steinene og ripene.<\/p>\n<p>Flasken inneholder 12 ml maling. Fargevalgene er laget etter Tesla-fargekoder. Malingen er enkel \u00e5 p\u00e5f\u00f8re p\u00e5 b\u00e5de sm\u00e5 og store skader takket v\u00e6re den tosidige hetten. Hetten har en applikator p\u00e5 st\u00f8rrelse med et n\u00e5lehode for reparasjon av sm\u00e5 skader og en applikator med b\u00f8rstehode for \u00e5 dekke et st\u00f8rre omr\u00e5de.<\/p>\n<p>Tilgjengelige fargealternativer:<\/p>\n<ul>\n<li>PPSW - Perlehvit<\/li>\n<li>PMNG - Midnattss\u00f8lv<\/li>\n<li>PPSB - Dyp bl\u00e5 metallic<\/li>\n<li>PBSB - Solid svart<\/li>\n<li>PPMR, PMMR - Red Multi-Coat<\/li>\n<li>PN00 - Kvikks\u00f8lv<\/li>\n<\/ul>\n<p>Fargekoden finner du p\u00e5 klistremerket p\u00e5 B-stolpen p\u00e5 f\u00f8rersiden. Se det andre produktbildet for en mer detaljert plassering.<\/p>\n<p><iframe loading=\"lazy\" title=\"YouTube-videospiller\" src=\"https:\/\/www.youtube.com\/embed\/_glzhUsuXeQ\" width=\"260\" height=\"150\" frameborder=\"0\" allowfullscreen=\"allowfullscreen\"><\/iframe><\/p>","protected":false},"featured_media":19441,"comment_status":"open","ping_status":"closed","template":"","meta":[],"product_brand":[],"product_cat":[151,152,153,154,452,453,454,455,481,484,486,483,128],"product_tag":[83,509,510,156,172,173,271,121],"class_list":{"0":"post-19433","1":"product","2":"type-product","3":"status-publish","4":"has-post-thumbnail","6":"product_cat-model-3","7":"product_cat-model-s","8":"product_cat-model-x","9":"product_cat-model-y","10":"product_cat-m3-tarvikkeet","11":"product_cat-ms-tarvikkeet","12":"product_cat-mx-tarvikkeet","13":"product_cat-my-tarvikkeet","14":"product_cat-tarvikkeet-ulkopuolelle-model-3","15":"product_cat-tarvikkeet-ulkopuolelle-model-s","16":"product_cat-tarvikkeet-ulkopuolelle-model-x","17":"product_cat-tarvikkeet-ulkopuolelle-model-y","18":"product_cat-tesla-tuotteet","19":"product_tag-autotarvikkeet","20":"product_tag-korjausmaali","21":"product_tag-maalinpaikkauskyna","22":"product_tag-model-3","23":"product_tag-model-s","24":"product_tag-model-x","25":"product_tag-model-y","26":"product_tag-tesla","28":"first","29":"instock","30":"taxable","31":"shipping-taxable","32":"purchasable","33":"product-type-variable"},"jetpack_sharing_enabled":true,"_links":{"self":[{"href":"https:\/\/www.vempele.fi\/no\/wp-json\/wp\/v2\/product\/19433","targetHints":{"allow":["GET"]}}],"collection":[{"href":"https:\/\/www.vempele.fi\/no\/wp-json\/wp\/v2\/product"}],"about":[{"href":"https:\/\/www.vempele.fi\/no\/wp-json\/wp\/v2\/types\/product"}],"replies":[{"embeddable":true,"href":"https:\/\/www.vempele.fi\/no\/wp-json\/wp\/v2\/comments?post=19433"}],"wp:featuredmedia":[{"embeddable":true,"href":"https:\/\/www.vempele.fi\/no\/wp-json\/wp\/v2\/media\/19441"}],"wp:attachment":[{"href":"https:\/\/www.vempele.fi\/no\/wp-json\/wp\/v2\/media?parent=19433"}],"wp:term":[{"taxonomy":"product_brand","embeddable":true,"href":"https:\/\/www.vempele.fi\/no\/wp-json\/wp\/v2\/product_brand?post=19433"},{"taxonomy":"product_cat","embeddable":true,"href":"https:\/\/www.vempele.fi\/no\/wp-json\/wp\/v2\/product_cat?post=19433"},{"taxonomy":"product_tag","embeddable":true,"href":"https:\/\/www.vempele.fi\/no\/wp-json\/wp\/v2\/product_tag?post=19433"}],"curies":[{"name":"wp","href":"https:\/\/api.w.org\/{rel}","templated":true}]}}