{"id":19491,"date":"2023-05-26T11:19:42","date_gmt":"2023-05-26T08:19:42","guid":{"rendered":"https:\/\/www.vempele.fi\/?post_type=product&#038;p=19491"},"modified":"2026-04-27T07:54:30","modified_gmt":"2026-04-27T04:54:30","slug":"luftfilter-mann-tesla-modell-3-y","status":"publish","type":"product","link":"https:\/\/www.vempele.fi\/no\/tuote\/ilmansuodatin-mann-tesla-model-3-y\/","title":{"rendered":"Luftfilter MANN - Tesla Model 3\/Y"},"content":{"rendered":"<ul>\n<li>Egnethet:\n<ul>\n<li>Modell Y 2021 - 2024<\/li>\n<li>Modell Y Juniper 2025 -&gt;<\/li>\n<li>Model 3 Pre-Refresh vm. 2019 - 2021<\/li>\n<li>Model 3 Refresh vm. 2021 - 2023<\/li>\n<li>Modell 3 Highland vm. 2023 -&gt;<\/li>\n<\/ul>\n<\/li>\n<li>Pakken inneholder: 1 x luftfilter (bestill 2 stk. hvis du \u00f8nsker \u00e5 bytte ut begge luftfiltrene)<\/li>\n<li>St\u00f8rrelse: 13,4 x 24 x 3 cm (m\u00e5l p\u00e5 ett luftfilter)<\/li>\n<li>Produktkode: Tesla 1107681-00-A, MANN FP 25 015<\/li>\n<li>Produksjonsland: Tyskland<\/li>\n<\/ul>\n<p><a href=\"https:\/\/catalog.mann-filter.com\/EU\/eng\/catalog\/MANN-FILTER%20Katalog%20Europa\/Vehicles\/CARS%20%2B%20TRANSPORTERS\/TESLA%20MOTORS\/Model%203\/Model%203%20EV%20(T00000004288838)\/Cabin%20Air%20Filter\/FP%2025%20015\" target=\"_blank\" rel=\"noopener\">Mer informasjon og MANNs egne installasjonsinstruksjoner<\/a><\/p>","protected":false},"excerpt":{"rendered":"<p>MANN antibakterielt aktivt kullfilter for Tesla Model 3 og Y. Dette filteret er et kvalitetsvalg! Produsenten anbefaler \u00e5 bytte filter annethvert \u00e5r, men under finske kj\u00f8reforhold anbefaler vi ett \u00e5rs intervall.<\/p>\n<p><a href=\"https:\/\/www.youtube.com\/watch?v=aSDG-IZTuYU\" target=\"_blank\" rel=\"noopener noreferrer\">YouTube har instruksjoner for utskifting<\/a>. Panelene l\u00f8sner lett, men en torx-skrue sitter p\u00e5 et d\u00e5rlig sted og krever en litt ubehagelig stilling i fotbr\u00f8nnen \ud83d\ude42 Det l\u00f8nner seg ogs\u00e5 \u00e5 st\u00f8vsuge filterhuset n\u00f8ye for rusk.<\/p>\n<p>Pakken inneholder ett (1) luftfilter.<\/p>\n<p><strong>Merk! Tesla Model 3 og Y har to luftfiltre. Bestill 2 av produktet hvis du vil bytte ut begge luftfiltrene!<\/strong><\/p>","protected":false},"featured_media":19500,"comment_status":"open","ping_status":"closed","template":"","meta":[],"product_brand":[839],"product_cat":[151,154,452,455,480,482,128,471,472],"product_tag":[83,156,271,204,511,121],"class_list":{"0":"post-19491","1":"product","2":"type-product","3":"status-publish","4":"has-post-thumbnail","6":"product_brand-mann","7":"product_cat-model-3","8":"product_cat-model-y","9":"product_cat-m3-tarvikkeet","10":"product_cat-my-tarvikkeet","11":"product_cat-tarvikkeet-sisapuolelle-model-3","12":"product_cat-tarvikkeet-sisapuolelle-model-y","13":"product_cat-tesla-tuotteet","14":"product_cat-model-3-varaosat","15":"product_cat-varaosat-model-y","16":"product_tag-autotarvikkeet","17":"product_tag-model-3","18":"product_tag-model-y","19":"product_tag-raitisilmasuodatin","20":"product_tag-suodatin","21":"product_tag-tesla","23":"first","24":"instock","25":"taxable","26":"shipping-taxable","27":"purchasable","28":"product-type-simple"},"jetpack_sharing_enabled":true,"_links":{"self":[{"href":"https:\/\/www.vempele.fi\/no\/wp-json\/wp\/v2\/product\/19491","targetHints":{"allow":["GET"]}}],"collection":[{"href":"https:\/\/www.vempele.fi\/no\/wp-json\/wp\/v2\/product"}],"about":[{"href":"https:\/\/www.vempele.fi\/no\/wp-json\/wp\/v2\/types\/product"}],"replies":[{"embeddable":true,"href":"https:\/\/www.vempele.fi\/no\/wp-json\/wp\/v2\/comments?post=19491"}],"wp:featuredmedia":[{"embeddable":true,"href":"https:\/\/www.vempele.fi\/no\/wp-json\/wp\/v2\/media\/19500"}],"wp:attachment":[{"href":"https:\/\/www.vempele.fi\/no\/wp-json\/wp\/v2\/media?parent=19491"}],"wp:term":[{"taxonomy":"product_brand","embeddable":true,"href":"https:\/\/www.vempele.fi\/no\/wp-json\/wp\/v2\/product_brand?post=19491"},{"taxonomy":"product_cat","embeddable":true,"href":"https:\/\/www.vempele.fi\/no\/wp-json\/wp\/v2\/product_cat?post=19491"},{"taxonomy":"product_tag","embeddable":true,"href":"https:\/\/www.vempele.fi\/no\/wp-json\/wp\/v2\/product_tag?post=19491"}],"curies":[{"name":"wp","href":"https:\/\/api.w.org\/{rel}","templated":true}]}}