{"id":19651,"date":"2023-05-31T09:27:51","date_gmt":"2023-05-31T06:27:51","guid":{"rendered":"https:\/\/www.vempele.fi\/?post_type=product&#038;p=19651"},"modified":"2026-03-24T21:51:04","modified_gmt":"2026-03-24T19:51:04","slug":"tesla-model-s-2022-eva-telematikk","status":"publish","type":"product","link":"https:\/\/www.vempele.fi\/no\/tuote\/tesla-model-s-2022-eva-kaukalomatot\/","title":{"rendered":"Tesla Model S 2022-&gt; EVA fjernstyrt n\u00f8kkelfri inngang"},"content":{"rendered":"<p>Slitesterke EVA-fjernkontrollmatter for Tesla Model S<\/p>\n<p>Tre matter i pakken:<br \/>\n1 x For sj\u00e5f\u00f8ren<br \/>\n1 x Repsikalle<br \/>\n1x Enkelt teppe p\u00e5 gulvet i baksetet<\/p>\n<p><b>Ytterligere informasjon:<\/b><\/p>\n<ul>\n<li>Materiale: fleksibel plast<\/li>\n<li>Farge: Svart<\/li>\n<li>Passer til: Model S 2022-&gt; fremover<\/li>\n<li>Navn: Tesla Model S EVA-gulvmatter (2022-&gt;)<\/li>\n<\/ul>","protected":false},"excerpt":{"rendered":"<p>EVA-matter til alle fem setene i fotbr\u00f8nnen p\u00e5 Tesla Model S. Mattene er laget av halvfast plast med lukkede celler, som har fordelene med fleksibilitet, mykhet, god v\u00e6rbestandighet og kjemisk resistens under ulike v\u00e6rforhold. Mattene er enkle \u00e5 rengj\u00f8re, selv under vannkranen med en lett b\u00f8rste - smuss og skitt l\u00f8sner lett fra plastoverflaten. I likhet med de andre mattene i sortimentet v\u00e5rt har disse mattene perfekt passform, noe som betyr at de settes p\u00e5 plass med et enkelt h\u00e5ndgrep. Takket v\u00e6re de sm\u00e5 kantene blir smeltevannet liggende p\u00e5 matten og kan enkelt helles av ved behov.<\/p>\n<p>EVA-hengek\u00f8yer er de mest popul\u00e6re kj\u00f8pene for v\u00e5re kunder i Vempeles nettbutikk.<\/p>\n<p>Merk! Avhengig av vareparti kan teppets overflatem\u00f8nster og design avvike noe fra produktbildet.<\/p>","protected":false},"featured_media":19675,"comment_status":"open","ping_status":"closed","template":"","meta":[],"product_brand":[],"product_cat":[512,152,485,128],"product_tag":[83,206,513,172,121],"class_list":{"0":"post-19651","1":"product","2":"type-product","3":"status-publish","4":"has-post-thumbnail","6":"product_cat-matot-model-s","7":"product_cat-model-s","8":"product_cat-tarvikkeet-sisapuolelle-model-s","9":"product_cat-tesla-tuotteet","10":"product_tag-autotarvikkeet","11":"product_tag-eva","12":"product_tag-kaukalomatot","13":"product_tag-model-s","14":"product_tag-tesla","16":"first","17":"instock","18":"taxable","19":"shipping-taxable","20":"purchasable","21":"product-type-simple"},"jetpack_sharing_enabled":true,"_links":{"self":[{"href":"https:\/\/www.vempele.fi\/no\/wp-json\/wp\/v2\/product\/19651","targetHints":{"allow":["GET"]}}],"collection":[{"href":"https:\/\/www.vempele.fi\/no\/wp-json\/wp\/v2\/product"}],"about":[{"href":"https:\/\/www.vempele.fi\/no\/wp-json\/wp\/v2\/types\/product"}],"replies":[{"embeddable":true,"href":"https:\/\/www.vempele.fi\/no\/wp-json\/wp\/v2\/comments?post=19651"}],"wp:featuredmedia":[{"embeddable":true,"href":"https:\/\/www.vempele.fi\/no\/wp-json\/wp\/v2\/media\/19675"}],"wp:attachment":[{"href":"https:\/\/www.vempele.fi\/no\/wp-json\/wp\/v2\/media?parent=19651"}],"wp:term":[{"taxonomy":"product_brand","embeddable":true,"href":"https:\/\/www.vempele.fi\/no\/wp-json\/wp\/v2\/product_brand?post=19651"},{"taxonomy":"product_cat","embeddable":true,"href":"https:\/\/www.vempele.fi\/no\/wp-json\/wp\/v2\/product_cat?post=19651"},{"taxonomy":"product_tag","embeddable":true,"href":"https:\/\/www.vempele.fi\/no\/wp-json\/wp\/v2\/product_tag?post=19651"}],"curies":[{"name":"wp","href":"https:\/\/api.w.org\/{rel}","templated":true}]}}