{"id":19722,"date":"2023-06-01T13:54:03","date_gmt":"2023-06-01T10:54:03","guid":{"rendered":"https:\/\/www.vempele.fi\/?post_type=product&#038;p=19722"},"modified":"2026-04-10T22:23:14","modified_gmt":"2026-04-10T19:23:14","slug":"tesla-model-s-2022-bagasjerom-eva-telematikk","status":"publish","type":"product","link":"https:\/\/www.vempele.fi\/no\/tuote\/tesla-model-s-2022-frunk-trunk-eva-kaukalomatot\/","title":{"rendered":"Tesla Model S 2022-&gt; EVA-fjernkontroller for bagasjerom\/bagasjerom"},"content":{"rendered":"<p>Tesla Model S fjernkontroller i bagasjerommet foran og bak.<\/p>\n<p>Teppealternativer \u00e5 velge mellom:<\/p>\n<ul>\n<li>Front box mat (Front box mat)<\/li>\n<li>Liten oppbevaringsmatte for bagasjerommet (Trunk Storage Mat)<\/li>\n<li>Stor, heldekkende bagasjeromsmatte (Trunk Mat)<\/li>\n<\/ul>\n<p><b>Mer informasjon<\/b><\/p>\n<p>Materiale: fleksibel plast<br \/>\nFarge: Svart<br \/>\nEgnethet: for Tesla Model S vm.2022 og nyere<\/p>","protected":false},"excerpt":{"rendered":"<p>EVA-bilmatter av virkelig h\u00f8y kvalitet for biloppbevaring. Mattene passer perfekt i Tesla Model S.<\/p>\n<p>Hvis du har med deg v\u00e5tt ladetilbeh\u00f8r og for eksempel v\u00e5te eller gj\u00f8rmete sko\/kl\u00e6r i bagasjerommet p\u00e5 bilen, er en vognmatte et fornuftig kj\u00f8p. Vannbestandige vognmatter holder gj\u00f8rme og vann p\u00e5 avstand. Og de er mye enklere \u00e5 rengj\u00f8re og t\u00f8rke enn bilens eget trekk.<\/p>\n<p>Det store bagasjeromsteppet kan foldes sammen, slik at det er lett \u00e5 komme til det lille tilbeh\u00f8rsrommet i bagasjerommet.<\/p>\n<p>Vennligst sjekk egnetheten for din bil f\u00f8r du kj\u00f8per.<\/p>\n<p>Pakken inkluderer matten du velger fra menyen nedenfor.<\/p>","protected":false},"featured_media":19726,"comment_status":"open","ping_status":"closed","template":"","meta":[],"product_brand":[],"product_cat":[512,152,485,128],"product_tag":[83,206,304,172,121],"class_list":{"0":"post-19722","1":"product","2":"type-product","3":"status-publish","4":"has-post-thumbnail","6":"product_cat-matot-model-s","7":"product_cat-model-s","8":"product_cat-tarvikkeet-sisapuolelle-model-s","9":"product_cat-tesla-tuotteet","10":"product_tag-autotarvikkeet","11":"product_tag-eva","12":"product_tag-kaukalomatto","13":"product_tag-model-s","14":"product_tag-tesla","15":"product_shipping_class-nouto","17":"first","18":"instock","19":"taxable","20":"shipping-taxable","21":"purchasable","22":"product-type-variable"},"jetpack_sharing_enabled":true,"_links":{"self":[{"href":"https:\/\/www.vempele.fi\/no\/wp-json\/wp\/v2\/product\/19722","targetHints":{"allow":["GET"]}}],"collection":[{"href":"https:\/\/www.vempele.fi\/no\/wp-json\/wp\/v2\/product"}],"about":[{"href":"https:\/\/www.vempele.fi\/no\/wp-json\/wp\/v2\/types\/product"}],"replies":[{"embeddable":true,"href":"https:\/\/www.vempele.fi\/no\/wp-json\/wp\/v2\/comments?post=19722"}],"wp:featuredmedia":[{"embeddable":true,"href":"https:\/\/www.vempele.fi\/no\/wp-json\/wp\/v2\/media\/19726"}],"wp:attachment":[{"href":"https:\/\/www.vempele.fi\/no\/wp-json\/wp\/v2\/media?parent=19722"}],"wp:term":[{"taxonomy":"product_brand","embeddable":true,"href":"https:\/\/www.vempele.fi\/no\/wp-json\/wp\/v2\/product_brand?post=19722"},{"taxonomy":"product_cat","embeddable":true,"href":"https:\/\/www.vempele.fi\/no\/wp-json\/wp\/v2\/product_cat?post=19722"},{"taxonomy":"product_tag","embeddable":true,"href":"https:\/\/www.vempele.fi\/no\/wp-json\/wp\/v2\/product_tag?post=19722"}],"curies":[{"name":"wp","href":"https:\/\/api.w.org\/{rel}","templated":true}]}}