{"id":19753,"date":"2023-06-01T15:14:24","date_gmt":"2023-06-01T12:14:24","guid":{"rendered":"https:\/\/www.vempele.fi\/?post_type=product&#038;p=19753"},"modified":"2026-03-11T08:41:35","modified_gmt":"2026-03-11T06:41:35","slug":"tesla-model-x-2022-eva-telematter-6-seter","status":"publish","type":"product","link":"https:\/\/www.vempele.fi\/no\/tuote\/tesla-model-x-2022-eva-kaukalomatot-6-paikkainen\/","title":{"rendered":"Tesla Model X 2022-&gt; EVA fjernkontroll, 6 seter"},"content":{"rendered":"<p>Slitesterke EVA-fjernkontrollmatter for Tesla Model X<\/p>\n<p>Pakke med fire matter:<br \/>\n1 x For sj\u00e5f\u00f8ren<br \/>\n1 x Repsikalle<br \/>\n2x p\u00e5 gulvet i baksetene<\/p>\n<p><b>Ytterligere informasjon:<\/b><\/p>\n<ul>\n<li>Materiale: fleksibel plast<\/li>\n<li>Farge: Svart<\/li>\n<li>Passer til: Model X 2022-&gt; fremover<\/li>\n<\/ul>","protected":false},"excerpt":{"rendered":"<p>EVA-matter for benplassen for alle seks setene i Tesla Model X. Mattene er laget av en halvfast plast med lukkede celler som er fleksibel, myk og motstandsdyktig mot forvitring og kjemikalier i ulike v\u00e6rforhold. Mattene er enkle \u00e5 rengj\u00f8re, selv under vannkranen med en lett b\u00f8rste - smuss og skitt l\u00f8sner lett fra plastoverflaten. I likhet med de andre mattene i sortimentet v\u00e5rt har disse mattene perfekt passform, noe som betyr at de settes p\u00e5 plass med et enkelt h\u00e5ndgrep. Takket v\u00e6re de sm\u00e5 kantene blir smeltevannet liggende p\u00e5 matten og kan enkelt helles av ved behov.<\/p>\n<p>EVA-hengek\u00f8yer er de mest popul\u00e6re kj\u00f8pene for v\u00e5re kunder i Vempeles nettbutikk.<\/p>\n<p>Merk! Avhengig av vareparti kan teppets overflatem\u00f8nster og design avvike noe fra produktbildet.<\/p>\n<p><strong>Kun egnet for 6 seter!<\/strong><\/p>","protected":false},"featured_media":19835,"comment_status":"open","ping_status":"closed","template":"","meta":[],"product_brand":[],"product_cat":[514,153,487,128],"product_tag":[83,206,513,173,121],"class_list":{"0":"post-19753","1":"product","2":"type-product","3":"status-publish","4":"has-post-thumbnail","6":"product_cat-model-x-matot","7":"product_cat-model-x","8":"product_cat-tarvikkeet-sisapuolelle-model-x","9":"product_cat-tesla-tuotteet","10":"product_tag-autotarvikkeet","11":"product_tag-eva","12":"product_tag-kaukalomatot","13":"product_tag-model-x","14":"product_tag-tesla","16":"first","17":"instock","18":"taxable","19":"shipping-taxable","20":"purchasable","21":"product-type-simple"},"jetpack_sharing_enabled":true,"_links":{"self":[{"href":"https:\/\/www.vempele.fi\/no\/wp-json\/wp\/v2\/product\/19753","targetHints":{"allow":["GET"]}}],"collection":[{"href":"https:\/\/www.vempele.fi\/no\/wp-json\/wp\/v2\/product"}],"about":[{"href":"https:\/\/www.vempele.fi\/no\/wp-json\/wp\/v2\/types\/product"}],"replies":[{"embeddable":true,"href":"https:\/\/www.vempele.fi\/no\/wp-json\/wp\/v2\/comments?post=19753"}],"wp:featuredmedia":[{"embeddable":true,"href":"https:\/\/www.vempele.fi\/no\/wp-json\/wp\/v2\/media\/19835"}],"wp:attachment":[{"href":"https:\/\/www.vempele.fi\/no\/wp-json\/wp\/v2\/media?parent=19753"}],"wp:term":[{"taxonomy":"product_brand","embeddable":true,"href":"https:\/\/www.vempele.fi\/no\/wp-json\/wp\/v2\/product_brand?post=19753"},{"taxonomy":"product_cat","embeddable":true,"href":"https:\/\/www.vempele.fi\/no\/wp-json\/wp\/v2\/product_cat?post=19753"},{"taxonomy":"product_tag","embeddable":true,"href":"https:\/\/www.vempele.fi\/no\/wp-json\/wp\/v2\/product_tag?post=19753"}],"curies":[{"name":"wp","href":"https:\/\/api.w.org\/{rel}","templated":true}]}}