{"id":20269,"date":"2023-07-13T14:16:49","date_gmt":"2023-07-13T11:16:49","guid":{"rendered":"https:\/\/www.vempele.fi\/?post_type=product&#038;p=20269"},"modified":"2025-09-01T14:48:44","modified_gmt":"2025-09-01T11:48:44","slug":"usb-splitter-tesla-model-3-y","status":"publish","type":"product","link":"https:\/\/www.vempele.fi\/no\/tuote\/usb-jakaja-tesla-model-3-y\/","title":{"rendered":"USB-splitter - Tesla Model 3 \/ Y"},"content":{"rendered":"<p>USB-splitter - Tesla Model 3 2021-&gt; \/ Y.<\/p>\n<ul>\n<li>Materiale. Plast<\/li>\n<li>Farge: Svart<\/li>\n<li>Pakken inkluderer: 1 x USB-splitter<\/li>\n<li>Nominell inngangsspenning: DC 3,7 V<\/li>\n<li>Utgangsstr\u00f8m:\n<ul>\n<li>Type-C: PD 27 W maks.<\/li>\n<li>USB-A: Lad USB<\/li>\n<li>USB-A: Dataoverf\u00f8ring<\/li>\n<li>Type-C: Dataoverf\u00f8ring<\/li>\n<\/ul>\n<\/li>\n<li>St\u00f8rrelse: 19,5 x 3,3 x 2,6 cm<\/li>\n<li>Vekt: 0,095 kg<\/li>\n<li>Egnethet:\n<ul>\n<li>Modell Y 2021 - 2024<\/li>\n<li>Model 3 Refresh vm. 2021 - 2023<\/li>\n<\/ul>\n<\/li>\n<\/ul>","protected":false},"excerpt":{"rendered":"<p>Denne USB-splitteren er designet for \u00e5 passe til Tesla Model 3 2021-&gt; &amp; Y. Den lar deg konvertere de to vanskelig tilgjengelige USB-C-sporene i kabinettet til to USB-A- og to USB-C-spor. Samtidig f\u00e5r du bedre sikt, noe som gj\u00f8r det enklere \u00e5 administrere enhetene dine.<\/p>","protected":false},"featured_media":20633,"comment_status":"open","ping_status":"closed","template":"","meta":[],"product_brand":[],"product_cat":[151,154,455,480,482,128],"product_tag":[521,156,271,121,95],"class_list":{"0":"post-20269","1":"product","2":"type-product","3":"status-publish","4":"has-post-thumbnail","6":"product_cat-model-3","7":"product_cat-model-y","8":"product_cat-my-tarvikkeet","9":"product_cat-tarvikkeet-sisapuolelle-model-3","10":"product_cat-tarvikkeet-sisapuolelle-model-y","11":"product_cat-tesla-tuotteet","12":"product_tag-hub","13":"product_tag-model-3","14":"product_tag-model-y","15":"product_tag-tesla","16":"product_tag-usb","18":"first","19":"outofstock","20":"taxable","21":"shipping-taxable","22":"purchasable","23":"product-type-simple"},"jetpack_sharing_enabled":true,"_links":{"self":[{"href":"https:\/\/www.vempele.fi\/no\/wp-json\/wp\/v2\/product\/20269","targetHints":{"allow":["GET"]}}],"collection":[{"href":"https:\/\/www.vempele.fi\/no\/wp-json\/wp\/v2\/product"}],"about":[{"href":"https:\/\/www.vempele.fi\/no\/wp-json\/wp\/v2\/types\/product"}],"replies":[{"embeddable":true,"href":"https:\/\/www.vempele.fi\/no\/wp-json\/wp\/v2\/comments?post=20269"}],"wp:featuredmedia":[{"embeddable":true,"href":"https:\/\/www.vempele.fi\/no\/wp-json\/wp\/v2\/media\/20633"}],"wp:attachment":[{"href":"https:\/\/www.vempele.fi\/no\/wp-json\/wp\/v2\/media?parent=20269"}],"wp:term":[{"taxonomy":"product_brand","embeddable":true,"href":"https:\/\/www.vempele.fi\/no\/wp-json\/wp\/v2\/product_brand?post=20269"},{"taxonomy":"product_cat","embeddable":true,"href":"https:\/\/www.vempele.fi\/no\/wp-json\/wp\/v2\/product_cat?post=20269"},{"taxonomy":"product_tag","embeddable":true,"href":"https:\/\/www.vempele.fi\/no\/wp-json\/wp\/v2\/product_tag?post=20269"}],"curies":[{"name":"wp","href":"https:\/\/api.w.org\/{rel}","templated":true}]}}