{"id":20422,"date":"2023-06-29T14:56:22","date_gmt":"2023-06-29T11:56:22","guid":{"rendered":"https:\/\/www.vempele.fi\/?post_type=product&#038;p=20422"},"modified":"2026-04-03T14:10:44","modified_gmt":"2026-04-03T11:10:44","slug":"glassdeksel-bak-nayton-tesla-model-3-y","status":"publish","type":"product","link":"https:\/\/www.vempele.fi\/no\/tuote\/lasikotelo-nayton-taakse-tesla-model-3-y\/","title":{"rendered":"Glaskabinett bak skjermen - Tesla Model 3 \/ Y"},"content":{"rendered":"<p>Glaskabinett bak skjermen - Tesla Model 3 \/ Y<\/p>\n<ul>\n<li>Materiale: ABS-plast<\/li>\n<li>Farge: Matt karbonfiberfinish, svart base<\/li>\n<li>St\u00f8rrelse: 27 x 10 x 8 cm<\/li>\n<li>Vekt: 0,210 kg<\/li>\n<li>Egnethet:\n<ul>\n<li>Modell Y 2021 - 2024<\/li>\n<li>Model 3 Pre-Refresh vm. 2019 - 2021<\/li>\n<li>Model 3 Refresh vm. 2021 - 2023<\/li>\n<\/ul>\n<\/li>\n<li>Installasjon: bak ber\u00f8ringsskjermen p\u00e5 Model Y<\/li>\n<\/ul>","protected":false},"excerpt":{"rendered":"<p>Glassdeksel bak skjermen - med karbonfiberm\u00f8nster - Tesla Model 3\/Y. Det karbonfiberm\u00f8nstrede dekselet holdes p\u00e5 plass av magneter p\u00e5 kantene. Dekselet f\u00f8lger med selv n\u00e5r du kj\u00f8rer fort, og brillene holder seg pent p\u00e5 plass inne i dekselet. Etuiet leveres ogs\u00e5 med selvklebende tape for \u00e5 holde produktet n\u00f8yaktig p\u00e5 plass. Et praktisk kj\u00f8p for brille- og solbrillebrukere.<\/p>","protected":false},"featured_media":20636,"comment_status":"open","ping_status":"closed","template":"","meta":[],"product_brand":[],"product_cat":[154,455,480,482,128],"product_tag":[461,156,271,23,121],"class_list":{"0":"post-20422","1":"product","2":"type-product","3":"status-publish","4":"has-post-thumbnail","6":"product_cat-model-y","7":"product_cat-my-tarvikkeet","8":"product_cat-tarvikkeet-sisapuolelle-model-3","9":"product_cat-tarvikkeet-sisapuolelle-model-y","10":"product_cat-tesla-tuotteet","11":"product_tag-lasikotelo","12":"product_tag-model-3","13":"product_tag-model-y","14":"product_tag-naytto","15":"product_tag-tesla","17":"first","18":"instock","19":"taxable","20":"shipping-taxable","21":"purchasable","22":"product-type-simple"},"jetpack_sharing_enabled":true,"_links":{"self":[{"href":"https:\/\/www.vempele.fi\/no\/wp-json\/wp\/v2\/product\/20422","targetHints":{"allow":["GET"]}}],"collection":[{"href":"https:\/\/www.vempele.fi\/no\/wp-json\/wp\/v2\/product"}],"about":[{"href":"https:\/\/www.vempele.fi\/no\/wp-json\/wp\/v2\/types\/product"}],"replies":[{"embeddable":true,"href":"https:\/\/www.vempele.fi\/no\/wp-json\/wp\/v2\/comments?post=20422"}],"wp:featuredmedia":[{"embeddable":true,"href":"https:\/\/www.vempele.fi\/no\/wp-json\/wp\/v2\/media\/20636"}],"wp:attachment":[{"href":"https:\/\/www.vempele.fi\/no\/wp-json\/wp\/v2\/media?parent=20422"}],"wp:term":[{"taxonomy":"product_brand","embeddable":true,"href":"https:\/\/www.vempele.fi\/no\/wp-json\/wp\/v2\/product_brand?post=20422"},{"taxonomy":"product_cat","embeddable":true,"href":"https:\/\/www.vempele.fi\/no\/wp-json\/wp\/v2\/product_cat?post=20422"},{"taxonomy":"product_tag","embeddable":true,"href":"https:\/\/www.vempele.fi\/no\/wp-json\/wp\/v2\/product_tag?post=20422"}],"curies":[{"name":"wp","href":"https:\/\/api.w.org\/{rel}","templated":true}]}}