{"id":20859,"date":"2024-01-10T13:20:38","date_gmt":"2024-01-10T11:20:38","guid":{"rendered":"https:\/\/www.vempele.fi\/?post_type=product&#038;p=20859"},"modified":"2025-09-01T15:11:58","modified_gmt":"2025-09-01T12:11:58","slug":"midtkonsoll-kantbeskytter-karbonfiber-tesla-model-3-refresh-y","status":"publish","type":"product","link":"https:\/\/www.vempele.fi\/no\/tuote\/keskikonsolin-reunasuoja-hiilikuitujaljitelma-tesla-model-3-refresh-y\/","title":{"rendered":"Kantbeskytter p\u00e5 midtkonsollen, karbonfiberversjon - Tesla Model 3 Refresh \/ Y"},"content":{"rendered":"<p>Kantbeskytter til midtkonsollen, karbonfiberversjon - Tesla Model 3 \/ Y.<\/p>\n<p>Dette interi\u00f8relementet i karbonfiber er en flott m\u00e5te \u00e5 oppdatere bilens interi\u00f8r p\u00e5 og gi det et mer moderne og individuelt utseende. Det er laget av ABS-plast av h\u00f8y kvalitet og gir slitestyrke og langvarig beskyttelse. Monteringen er enkel og helt uten verkt\u00f8y. Det eneste du trenger \u00e5 gj\u00f8re er \u00e5 rengj\u00f8re overflaten som skal tapes, for \u00e5 sikre at produktet fester seg godt.<\/p>\n<ul>\n<li>Materiale: ABS<\/li>\n<li>Farge: Karbonfiber, matt<\/li>\n<li>St\u00f8rrelse: 96 x 10 x 2 cm<\/li>\n<li>Vekt: 0,2 kg<\/li>\n<li>Egnethet:\n<ul>\n<li>Oppdatering av Model 3 (2021 - 2023)<\/li>\n<li>Modell Y 2020 - 2024<\/li>\n<\/ul>\n<\/li>\n<\/ul>","protected":false},"excerpt":{"rendered":"<p>Med dette produktet kan du effektivt beskytte kanten p\u00e5 midtkonsollen mot gnissing og samtidig oppgradere bilens interi\u00f8r til et mer sporty utseende.<\/p>\n<p>Skjoldene monteres enkelt med den ferdige dobbeltsidige teipen. En varm, ren og fettfri overflate er n\u00f8dvendig for vellykket installasjon.<\/p>\n<p>&nbsp;<\/p>","protected":false},"featured_media":20639,"comment_status":"open","ping_status":"closed","template":"","meta":[],"product_brand":[],"product_cat":[151,154,455,480,482,128],"product_tag":[241,237,156,271,570,411,121],"class_list":{"0":"post-20859","1":"product","2":"type-product","3":"status-publish","4":"has-post-thumbnail","6":"product_cat-model-3","7":"product_cat-model-y","8":"product_cat-my-tarvikkeet","9":"product_cat-tarvikkeet-sisapuolelle-model-3","10":"product_cat-tarvikkeet-sisapuolelle-model-y","11":"product_cat-tesla-tuotteet","12":"product_tag-hiilikuitu","13":"product_tag-keskikonsoli","14":"product_tag-model-3","15":"product_tag-model-y","16":"product_tag-refresh","17":"product_tag-suoja","18":"product_tag-tesla","20":"first","21":"instock","22":"taxable","23":"shipping-taxable","24":"purchasable","25":"product-type-simple"},"jetpack_sharing_enabled":true,"_links":{"self":[{"href":"https:\/\/www.vempele.fi\/no\/wp-json\/wp\/v2\/product\/20859","targetHints":{"allow":["GET"]}}],"collection":[{"href":"https:\/\/www.vempele.fi\/no\/wp-json\/wp\/v2\/product"}],"about":[{"href":"https:\/\/www.vempele.fi\/no\/wp-json\/wp\/v2\/types\/product"}],"replies":[{"embeddable":true,"href":"https:\/\/www.vempele.fi\/no\/wp-json\/wp\/v2\/comments?post=20859"}],"wp:featuredmedia":[{"embeddable":true,"href":"https:\/\/www.vempele.fi\/no\/wp-json\/wp\/v2\/media\/20639"}],"wp:attachment":[{"href":"https:\/\/www.vempele.fi\/no\/wp-json\/wp\/v2\/media?parent=20859"}],"wp:term":[{"taxonomy":"product_brand","embeddable":true,"href":"https:\/\/www.vempele.fi\/no\/wp-json\/wp\/v2\/product_brand?post=20859"},{"taxonomy":"product_cat","embeddable":true,"href":"https:\/\/www.vempele.fi\/no\/wp-json\/wp\/v2\/product_cat?post=20859"},{"taxonomy":"product_tag","embeddable":true,"href":"https:\/\/www.vempele.fi\/no\/wp-json\/wp\/v2\/product_tag?post=20859"}],"curies":[{"name":"wp","href":"https:\/\/api.w.org\/{rel}","templated":true}]}}