{"id":24412,"date":"2023-11-16T15:32:03","date_gmt":"2023-11-16T13:32:03","guid":{"rendered":"https:\/\/www.vempele.fi\/?post_type=product&#038;p=24412"},"modified":"2025-10-21T19:59:22","modified_gmt":"2025-10-21T16:59:22","slug":"ppf-beskyttelsesfilmer-modell-3","status":"publish","type":"product","link":"https:\/\/www.vempele.fi\/no\/tuote\/ppf-suojakalvot-model-3\/","title":{"rendered":"PPF-beskyttelsesfilmer - Modell 3"},"content":{"rendered":"<p>PPF-beskyttelsesfilmer - Modell 3<\/p>\n<ul>\n<li>Produktet inneholder 4 stykker PPF-film som er sk\u00e5ret til.<\/li>\n<li>Farge: Transparent<\/li>\n<li>Egnethet:\n<ul>\n<li>Model 3 Pre-Refresh vm. 2019 - 2021<\/li>\n<li>Model 3 Refresh vm 2021 - 2023<\/li>\n<li>Modell 3 Highland 2023 -&gt;<\/li>\n<\/ul>\n<\/li>\n<\/ul>","protected":false},"excerpt":{"rendered":"<p>Med PPF-beskyttelsesmansjetten kan du beskytte de mest utsatte omr\u00e5dene av bilens lakkoverflate p\u00e5 hjulbuene foran og bak.<\/p>\n<p>Filmen er gjennomsiktig, elastisk og slitesterk.<\/p>\n<p>En vellykket installasjon krever et varmt rom og omhyggelig rengj\u00f8ring av omr\u00e5det som skal filmes, for \u00e5 fjerne smuss, st\u00f8v, fett og eventuelt belegg. Etter rengj\u00f8ringen sprayer du mildt s\u00e5pevann fra en sprayflaske p\u00e5 omr\u00e5det som skal installeres, og p\u00e5 den selvklebende siden av beskyttelsesfilmen. Legg deretter beskyttelsesfilmen p\u00e5 plass, og bruk en slikkepott til \u00e5 fjerne s\u00e5pevannet mellom dem, slik at beskyttelsesfilmen fester seg til lakkoverflaten.<\/p>","protected":false},"featured_media":24413,"comment_status":"open","ping_status":"closed","template":"","meta":[],"product_brand":[],"product_cat":[151,452,481,128],"product_tag":[156,526,411,527,121],"class_list":{"0":"post-24412","1":"product","2":"type-product","3":"status-publish","4":"has-post-thumbnail","6":"product_cat-model-3","7":"product_cat-m3-tarvikkeet","8":"product_cat-tarvikkeet-ulkopuolelle-model-3","9":"product_cat-tesla-tuotteet","10":"product_tag-model-3","11":"product_tag-ppf","12":"product_tag-suoja","13":"product_tag-suojakalvo","14":"product_tag-tesla","16":"first","17":"outofstock","18":"taxable","19":"shipping-taxable","20":"purchasable","21":"product-type-simple"},"jetpack_sharing_enabled":true,"_links":{"self":[{"href":"https:\/\/www.vempele.fi\/no\/wp-json\/wp\/v2\/product\/24412","targetHints":{"allow":["GET"]}}],"collection":[{"href":"https:\/\/www.vempele.fi\/no\/wp-json\/wp\/v2\/product"}],"about":[{"href":"https:\/\/www.vempele.fi\/no\/wp-json\/wp\/v2\/types\/product"}],"replies":[{"embeddable":true,"href":"https:\/\/www.vempele.fi\/no\/wp-json\/wp\/v2\/comments?post=24412"}],"wp:featuredmedia":[{"embeddable":true,"href":"https:\/\/www.vempele.fi\/no\/wp-json\/wp\/v2\/media\/24413"}],"wp:attachment":[{"href":"https:\/\/www.vempele.fi\/no\/wp-json\/wp\/v2\/media?parent=24412"}],"wp:term":[{"taxonomy":"product_brand","embeddable":true,"href":"https:\/\/www.vempele.fi\/no\/wp-json\/wp\/v2\/product_brand?post=24412"},{"taxonomy":"product_cat","embeddable":true,"href":"https:\/\/www.vempele.fi\/no\/wp-json\/wp\/v2\/product_cat?post=24412"},{"taxonomy":"product_tag","embeddable":true,"href":"https:\/\/www.vempele.fi\/no\/wp-json\/wp\/v2\/product_tag?post=24412"}],"curies":[{"name":"wp","href":"https:\/\/api.w.org\/{rel}","templated":true}]}}