{"id":24559,"date":"2023-11-23T14:19:57","date_gmt":"2023-11-23T12:19:57","guid":{"rendered":"https:\/\/www.vempele.fi\/?post_type=product&#038;p=24559"},"modified":"2026-01-11T18:11:42","modified_gmt":"2026-01-11T16:11:42","slug":"tesla-modell-s-reparasjonssett-for-dorhandtak","status":"publish","type":"product","link":"https:\/\/www.vempele.fi\/no\/tuote\/tesla-model-s-ovenkahvan-korjaussetti\/","title":{"rendered":"Tesla Model S - Reparasjonssett for d\u00f8rh\u00e5ndtak"},"content":{"rendered":"<ul>\n<li style=\"list-style-type: none;\">\n<ul>\n<li>Egnethet: for Tesla Model S<\/li>\n<li>Materialer: metall, plast<\/li>\n<li>M\u00e5l p\u00e5 pakken: ca. 10 x 8 x 4 cm<\/li>\n<li>Vekt: ca. 60 g<\/li>\n<li>Produksjonsland: Kina<\/li>\n<li>Innhold i pakken:\n<ul>\n<li>D\u00f8rh\u00e5ndtakshjul (padlehjul) + st\u00f8tdemping<\/li>\n<li>Mikrobrytere med ledningsnett<\/li>\n<li>8 stk. stifter for m\u00f8beltrekk<\/li>\n<li>3 stk vanntettingsbraketter<\/li>\n<\/ul>\n<\/li>\n<\/ul>\n<\/li>\n<\/ul>","protected":false},"excerpt":{"rendered":"<p>Reparasjonssett for d\u00f8rh\u00e5ndtak til Tesla Model S. Settet inneholder d\u00f8rh\u00e5ndtaksutstyr og st\u00f8tdemping (padleutstyr), mikrobrytere med ledningsnett, nagler for montering av d\u00f8rh\u00e5ndtak og monteringsutstyr for vannskjold<\/p>\n<p>Dette er det perfekte settet for \u00e5 reparere et defekt d\u00f8rh\u00e5ndtak.<\/p>","protected":false},"featured_media":24560,"comment_status":"open","ping_status":"closed","template":"","meta":[],"product_brand":[],"product_cat":[152,453,484,374,128,473],"product_tag":[83,564,406,563,172,469,468,121],"class_list":{"0":"post-24559","1":"product","2":"type-product","3":"status-publish","4":"has-post-thumbnail","6":"product_cat-model-s","7":"product_cat-ms-tarvikkeet","8":"product_cat-tarvikkeet-ulkopuolelle-model-s","9":"product_cat-tesla-tarvikkeet","10":"product_cat-tesla-tuotteet","11":"product_cat-varaosat-model-s","12":"product_tag-autotarvikkeet","13":"product_tag-johtosarja","14":"product_tag-korjaus","15":"product_tag-mikrokytkin","16":"product_tag-model-s","17":"product_tag-paddle","18":"product_tag-paddle-gear","19":"product_tag-tesla","21":"first","22":"outofstock","23":"taxable","24":"shipping-taxable","25":"purchasable","26":"product-type-simple"},"jetpack_sharing_enabled":true,"_links":{"self":[{"href":"https:\/\/www.vempele.fi\/no\/wp-json\/wp\/v2\/product\/24559","targetHints":{"allow":["GET"]}}],"collection":[{"href":"https:\/\/www.vempele.fi\/no\/wp-json\/wp\/v2\/product"}],"about":[{"href":"https:\/\/www.vempele.fi\/no\/wp-json\/wp\/v2\/types\/product"}],"replies":[{"embeddable":true,"href":"https:\/\/www.vempele.fi\/no\/wp-json\/wp\/v2\/comments?post=24559"}],"wp:featuredmedia":[{"embeddable":true,"href":"https:\/\/www.vempele.fi\/no\/wp-json\/wp\/v2\/media\/24560"}],"wp:attachment":[{"href":"https:\/\/www.vempele.fi\/no\/wp-json\/wp\/v2\/media?parent=24559"}],"wp:term":[{"taxonomy":"product_brand","embeddable":true,"href":"https:\/\/www.vempele.fi\/no\/wp-json\/wp\/v2\/product_brand?post=24559"},{"taxonomy":"product_cat","embeddable":true,"href":"https:\/\/www.vempele.fi\/no\/wp-json\/wp\/v2\/product_cat?post=24559"},{"taxonomy":"product_tag","embeddable":true,"href":"https:\/\/www.vempele.fi\/no\/wp-json\/wp\/v2\/product_tag?post=24559"}],"curies":[{"name":"wp","href":"https:\/\/api.w.org\/{rel}","templated":true}]}}