{"id":24810,"date":"2023-12-11T12:03:12","date_gmt":"2023-12-11T10:03:12","guid":{"rendered":"https:\/\/www.vempele.fi\/?post_type=product&#038;p=24810"},"modified":"2025-12-01T08:26:48","modified_gmt":"2025-12-01T06:26:48","slug":"kommandohjelm-for-nakkestotte","status":"publish","type":"product","link":"https:\/\/www.vempele.fi\/no\/tuote\/kommandopipo-niskatukeen\/","title":{"rendered":"Kommandohjelm for nakkest\u00f8tte"},"content":{"rendered":"<p>Kommandohjelm for nakkest\u00f8tte.<\/p>\n<ul>\n<li>Fargealternativer:\n<ul>\n<li>Svart<\/li>\n<li>Hvit<\/li>\n<\/ul>\n<\/li>\n<li>Materiale: syntetisk ull (akryl)<\/li>\n<\/ul>","protected":false},"excerpt":{"rendered":"<p>Med dette morsomme produktet kan du f\u00e5 bilen din til \u00e5 se mer munter ut! En god gaveid\u00e9 til Tesla-personen som allerede har alt!<\/p>\n<p>Produktets universelle st\u00f8rrelse og gode elastisitet er ikke begrenset til Tesla, men det passer ogs\u00e5 til andre merker av hodest\u00f8tter!<\/p>\n<p>Dette bidrar ogs\u00e5 til \u00e5 beskytte Teslas nakkest\u00f8tte i vegansk l\u00e6r, som er f\u00f8lsom for reaksjoner med enkelte h\u00e5rprodukter.<\/p>","protected":false},"featured_media":24818,"comment_status":"open","ping_status":"closed","template":"","meta":[],"product_brand":[],"product_cat":[151,152,153,154,457,452,453,454,455,480,485,487,482,128],"product_tag":[565,156,172,173,271,566,121],"class_list":{"0":"post-24810","1":"product","2":"type-product","3":"status-publish","4":"has-post-thumbnail","6":"product_cat-model-3","7":"product_cat-model-s","8":"product_cat-model-x","9":"product_cat-model-y","10":"product_cat-pukeutuminen","11":"product_cat-m3-tarvikkeet","12":"product_cat-ms-tarvikkeet","13":"product_cat-mx-tarvikkeet","14":"product_cat-my-tarvikkeet","15":"product_cat-tarvikkeet-sisapuolelle-model-3","16":"product_cat-tarvikkeet-sisapuolelle-model-s","17":"product_cat-tarvikkeet-sisapuolelle-model-x","18":"product_cat-tarvikkeet-sisapuolelle-model-y","19":"product_cat-tesla-tuotteet","20":"product_tag-kommandopipo","21":"product_tag-model-3","22":"product_tag-model-s","23":"product_tag-model-x","24":"product_tag-model-y","25":"product_tag-niskatuki","26":"product_tag-tesla","28":"first","29":"instock","30":"taxable","31":"shipping-taxable","32":"purchasable","33":"product-type-variable"},"jetpack_sharing_enabled":true,"_links":{"self":[{"href":"https:\/\/www.vempele.fi\/no\/wp-json\/wp\/v2\/product\/24810","targetHints":{"allow":["GET"]}}],"collection":[{"href":"https:\/\/www.vempele.fi\/no\/wp-json\/wp\/v2\/product"}],"about":[{"href":"https:\/\/www.vempele.fi\/no\/wp-json\/wp\/v2\/types\/product"}],"replies":[{"embeddable":true,"href":"https:\/\/www.vempele.fi\/no\/wp-json\/wp\/v2\/comments?post=24810"}],"wp:featuredmedia":[{"embeddable":true,"href":"https:\/\/www.vempele.fi\/no\/wp-json\/wp\/v2\/media\/24818"}],"wp:attachment":[{"href":"https:\/\/www.vempele.fi\/no\/wp-json\/wp\/v2\/media?parent=24810"}],"wp:term":[{"taxonomy":"product_brand","embeddable":true,"href":"https:\/\/www.vempele.fi\/no\/wp-json\/wp\/v2\/product_brand?post=24810"},{"taxonomy":"product_cat","embeddable":true,"href":"https:\/\/www.vempele.fi\/no\/wp-json\/wp\/v2\/product_cat?post=24810"},{"taxonomy":"product_tag","embeddable":true,"href":"https:\/\/www.vempele.fi\/no\/wp-json\/wp\/v2\/product_tag?post=24810"}],"curies":[{"name":"wp","href":"https:\/\/api.w.org\/{rel}","templated":true}]}}