{"id":26742,"date":"2024-03-22T13:10:21","date_gmt":"2024-03-22T11:10:21","guid":{"rendered":"https:\/\/www.vempele.fi\/?post_type=product&#038;p=26742"},"modified":"2026-04-05T14:10:13","modified_gmt":"2026-04-05T11:10:13","slug":"eco-baklukkematte-tesla-modell-s","status":"publish","type":"product","link":"https:\/\/www.vempele.fi\/no\/tuote\/eco-takaluukun-matto-tesla-model-s\/","title":{"rendered":"ECO bagasjeromsmatte - Tesla Model S"},"content":{"rendered":"<p>ECO Bagasjeromsteppe n\u00e5 tilgjengelig direkte fra Vempele! Slitesterke og holdbare baklukkematter av h\u00f8y kvalitet til Tesla.<\/p>\n<p><b>Ytterligere informasjon:<\/b><\/p>\n<ul>\n<li>Materiale: EVA<\/li>\n<li>Egnethet:\n<ul>\n<li>Modell S<\/li>\n<\/ul>\n<\/li>\n<li>Farge: Svart<\/li>\n<li>Vekt: ca. 1,1 kg<\/li>\n<li>Produksjonsland: Finland<\/li>\n<\/ul>","protected":false},"excerpt":{"rendered":"<p>ECO Bagasjeromsteppe. Innenlands pent teppealternativ for Tesla n\u00e5 direkte fra lager!<\/p>\n<p>Teppematerialet er \u00f8kologisk og resirkulerbart EVA, som er trygt, giftfritt og luktfritt. Den unike bikakestrukturen gj\u00f8r at smuss og vann samler seg jevnt i teppets celler. Mattene kan enkelt rengj\u00f8res ved \u00e5 riste eller skylle med vann. Inneluftkvaliteten forbedres, og dugg p\u00e5 vinduer reduseres. ECO-baklukkematten t\u00e5ler temperaturer helt ned til -50 \u00b0C og helt opp til +70 \u00b0C. Slagfast, lyd- og varmeisolerende. ECO-baklukkematte er behagelig \u00e5 ta p\u00e5 og virkelig stilig.<\/p>","protected":false},"featured_media":26746,"comment_status":"open","ping_status":"closed","template":"","meta":[],"product_brand":[],"product_cat":[512,152,128],"product_tag":[83,590,206,513,553,172,200,121],"class_list":{"0":"post-26742","1":"product","2":"type-product","3":"status-publish","4":"has-post-thumbnail","6":"product_cat-matot-model-s","7":"product_cat-model-s","8":"product_cat-tesla-tuotteet","9":"product_tag-autotarvikkeet","10":"product_tag-eco","11":"product_tag-eva","12":"product_tag-kaukalomatot","13":"product_tag-kuramatot","14":"product_tag-model-s","15":"product_tag-takaluukku","16":"product_tag-tesla","18":"first","19":"instock","20":"taxable","21":"shipping-taxable","22":"purchasable","23":"product-type-variable"},"jetpack_sharing_enabled":true,"_links":{"self":[{"href":"https:\/\/www.vempele.fi\/no\/wp-json\/wp\/v2\/product\/26742","targetHints":{"allow":["GET"]}}],"collection":[{"href":"https:\/\/www.vempele.fi\/no\/wp-json\/wp\/v2\/product"}],"about":[{"href":"https:\/\/www.vempele.fi\/no\/wp-json\/wp\/v2\/types\/product"}],"replies":[{"embeddable":true,"href":"https:\/\/www.vempele.fi\/no\/wp-json\/wp\/v2\/comments?post=26742"}],"wp:featuredmedia":[{"embeddable":true,"href":"https:\/\/www.vempele.fi\/no\/wp-json\/wp\/v2\/media\/26746"}],"wp:attachment":[{"href":"https:\/\/www.vempele.fi\/no\/wp-json\/wp\/v2\/media?parent=26742"}],"wp:term":[{"taxonomy":"product_brand","embeddable":true,"href":"https:\/\/www.vempele.fi\/no\/wp-json\/wp\/v2\/product_brand?post=26742"},{"taxonomy":"product_cat","embeddable":true,"href":"https:\/\/www.vempele.fi\/no\/wp-json\/wp\/v2\/product_cat?post=26742"},{"taxonomy":"product_tag","embeddable":true,"href":"https:\/\/www.vempele.fi\/no\/wp-json\/wp\/v2\/product_tag?post=26742"}],"curies":[{"name":"wp","href":"https:\/\/api.w.org\/{rel}","templated":true}]}}