{"id":27901,"date":"2024-04-23T08:32:07","date_gmt":"2024-04-23T05:32:07","guid":{"rendered":"https:\/\/www.vempele.fi\/?post_type=product&#038;p=27901"},"modified":"2026-04-13T23:40:42","modified_gmt":"2026-04-13T20:40:42","slug":"vindusviskere-bosch-aerotwin-tesla-model-x","status":"publish","type":"product","link":"https:\/\/www.vempele.fi\/no\/tuote\/tuulilasinpyyhkijat-bosch-aerotwin-tesla-model-x\/","title":{"rendered":"Vindusviskere Bosch AeroTwin A002J - Tesla Model X"},"content":{"rendered":"<p>Vindusviskere Bosch AeroTwin - Tesla Model X<\/p>\n<p>Lett \u00e5 bytte!<\/p>\n<p><b>For mer informasjon:<\/b><\/p>\n<ul>\n<li>Produsent: Bosch<\/li>\n<li>Modell: A 002 J<\/li>\n<li>Produktnummer: 3 397 110 00B<\/li>\n<li>Farge: Svart<\/li>\n<li>Kompatibilitet:\n<ul>\n<li>Model X 2016 - 2021<\/li>\n<\/ul>\n<\/li>\n<li>Pakkevekt: 0,35 kg<\/li>\n<li>M\u00e5l p\u00e5 pakken: 77 x 6 x 4 cm<\/li>\n<li>Produksjonsland: Belgia<\/li>\n<\/ul>\n<p>&nbsp;<\/p>","protected":false},"excerpt":{"rendered":"<p>Bosch AeroTwin A002J vindusviskere av h\u00f8y kvalitet til Tesla Model X.<\/p>\n<p>N\u00e5r viskerbladet ikke lenger fjerner all fuktighet fra glasset, er det p\u00e5 tide \u00e5 skifte det ut. Vindusviskeren skal rengj\u00f8re glasset helt klart i l\u00f8pet av tre sveip. Vi kan bytte ut dine gamle vindusviskere med begge vindusviskere til en god pris!<\/p>\n<p>Lengder:<br \/>\n700 mm<br \/>\n450 mm<\/p>","protected":false},"featured_media":27899,"comment_status":"open","ping_status":"closed","template":"","meta":[],"product_brand":[737],"product_cat":[153,454,486,128,474],"product_tag":[173,195,121,194],"class_list":{"0":"post-27901","1":"product","2":"type-product","3":"status-publish","4":"has-post-thumbnail","6":"product_brand-bosch","7":"product_cat-model-x","8":"product_cat-mx-tarvikkeet","9":"product_cat-tarvikkeet-ulkopuolelle-model-x","10":"product_cat-tesla-tuotteet","11":"product_cat-varaosat-model-x","12":"product_tag-model-x","13":"product_tag-pyyhkijat","14":"product_tag-tesla","15":"product_tag-tuulilasi","17":"first","18":"instock","19":"taxable","20":"shipping-taxable","21":"purchasable","22":"product-type-simple"},"jetpack_sharing_enabled":true,"_links":{"self":[{"href":"https:\/\/www.vempele.fi\/no\/wp-json\/wp\/v2\/product\/27901","targetHints":{"allow":["GET"]}}],"collection":[{"href":"https:\/\/www.vempele.fi\/no\/wp-json\/wp\/v2\/product"}],"about":[{"href":"https:\/\/www.vempele.fi\/no\/wp-json\/wp\/v2\/types\/product"}],"replies":[{"embeddable":true,"href":"https:\/\/www.vempele.fi\/no\/wp-json\/wp\/v2\/comments?post=27901"}],"wp:featuredmedia":[{"embeddable":true,"href":"https:\/\/www.vempele.fi\/no\/wp-json\/wp\/v2\/media\/27899"}],"wp:attachment":[{"href":"https:\/\/www.vempele.fi\/no\/wp-json\/wp\/v2\/media?parent=27901"}],"wp:term":[{"taxonomy":"product_brand","embeddable":true,"href":"https:\/\/www.vempele.fi\/no\/wp-json\/wp\/v2\/product_brand?post=27901"},{"taxonomy":"product_cat","embeddable":true,"href":"https:\/\/www.vempele.fi\/no\/wp-json\/wp\/v2\/product_cat?post=27901"},{"taxonomy":"product_tag","embeddable":true,"href":"https:\/\/www.vempele.fi\/no\/wp-json\/wp\/v2\/product_tag?post=27901"}],"curies":[{"name":"wp","href":"https:\/\/api.w.org\/{rel}","templated":true}]}}