{"id":28290,"date":"2024-05-08T10:53:25","date_gmt":"2024-05-08T07:53:25","guid":{"rendered":"https:\/\/www.vempele.fi\/?post_type=product&#038;p=28290"},"modified":"2026-04-08T14:21:06","modified_gmt":"2026-04-08T11:21:06","slug":"couralapat-tesla-modell-3-highland","status":"publish","type":"product","link":"https:\/\/www.vempele.fi\/no\/tuote\/kuralapat-tesla-model-3-highland\/","title":{"rendered":"Blinklys - Tesla Model 3 Highland"},"content":{"rendered":"<p>Tesla Model 3 Highland med fint utformede skjermbeskyttere. Pakken inneholder 4 deler (foran og bak p\u00e5 begge sider) og n\u00f8dvendig monteringsutstyr.<\/p>\n<p><strong>Mer informasjon<\/strong><\/p>\n<ul>\n<li>Egnethet:\n<ul>\n<li>Modell 3 Highland vm. 2024 -&gt;<\/li>\n<\/ul>\n<\/li>\n<li>Materiale: ABS<\/li>\n<li>Farge: Svart<\/li>\n<\/ul>","protected":false},"excerpt":{"rendered":"<p>Pakken inneholder 4 stk. sveivh\u00e5ndtak, foran og bak.<\/p>\n<p>Veivpinnene er formet for \u00e5 passe til Model 3 Highland og festes med plastb\u00e5nd til de originale hullene, slik at det ikke kreves spesialverkt\u00f8y for montering. Disse er raske og enkle \u00e5 montere, selv om du gj\u00f8r det selv.<\/p>","protected":false},"featured_media":28291,"comment_status":"open","ping_status":"closed","template":"","meta":[],"product_brand":[],"product_cat":[151,452,481,128],"product_tag":[83,587,270,121,120],"class_list":{"0":"post-28290","1":"product","2":"type-product","3":"status-publish","4":"has-post-thumbnail","6":"product_cat-model-3","7":"product_cat-m3-tarvikkeet","8":"product_cat-tarvikkeet-ulkopuolelle-model-3","9":"product_cat-tesla-tuotteet","10":"product_tag-autotarvikkeet","11":"product_tag-highland","12":"product_tag-kuralapat","13":"product_tag-tesla","14":"product_tag-tesla-model-3","16":"first","17":"instock","18":"taxable","19":"shipping-taxable","20":"purchasable","21":"product-type-simple"},"jetpack_sharing_enabled":true,"_links":{"self":[{"href":"https:\/\/www.vempele.fi\/no\/wp-json\/wp\/v2\/product\/28290","targetHints":{"allow":["GET"]}}],"collection":[{"href":"https:\/\/www.vempele.fi\/no\/wp-json\/wp\/v2\/product"}],"about":[{"href":"https:\/\/www.vempele.fi\/no\/wp-json\/wp\/v2\/types\/product"}],"replies":[{"embeddable":true,"href":"https:\/\/www.vempele.fi\/no\/wp-json\/wp\/v2\/comments?post=28290"}],"wp:featuredmedia":[{"embeddable":true,"href":"https:\/\/www.vempele.fi\/no\/wp-json\/wp\/v2\/media\/28291"}],"wp:attachment":[{"href":"https:\/\/www.vempele.fi\/no\/wp-json\/wp\/v2\/media?parent=28290"}],"wp:term":[{"taxonomy":"product_brand","embeddable":true,"href":"https:\/\/www.vempele.fi\/no\/wp-json\/wp\/v2\/product_brand?post=28290"},{"taxonomy":"product_cat","embeddable":true,"href":"https:\/\/www.vempele.fi\/no\/wp-json\/wp\/v2\/product_cat?post=28290"},{"taxonomy":"product_tag","embeddable":true,"href":"https:\/\/www.vempele.fi\/no\/wp-json\/wp\/v2\/product_tag?post=28290"}],"curies":[{"name":"wp","href":"https:\/\/api.w.org\/{rel}","templated":true}]}}