{"id":28355,"date":"2024-06-03T15:44:05","date_gmt":"2024-06-03T12:44:05","guid":{"rendered":"https:\/\/www.vempele.fi\/?post_type=product&#038;p=28355"},"modified":"2025-12-01T13:13:40","modified_gmt":"2025-12-01T11:13:40","slug":"eco-gulvmatter-tesla-modell-x-6-seter","status":"publish","type":"product","link":"https:\/\/www.vempele.fi\/no\/tuote\/eco-lattiamatot-tesla-model-x-6-paikkainen\/","title":{"rendered":"ECO Gulvmatter - Tesla Model X (6 seter)"},"content":{"rendered":"<p>Slitesterkt, popul\u00e6rt og fremfor alt innenlandsk ECO-mattesett for Tesla Model X<\/p>\n<p>Tre matter i pakken:<br \/>\n1 x For sj\u00e5f\u00f8ren<br \/>\n1 x for passasjer foran<br \/>\n1 x enkelt teppe til bakgulvet<\/p>\n<p><b>Ytterligere informasjon:<\/b><\/p>\n<ul>\n<li>Materiale: EVA<\/li>\n<li>Egnethet:\n<ul>\n<li>Model X 2012 - 2021<\/li>\n<li>Model X 2021 -&gt;<\/li>\n<\/ul>\n<\/li>\n<li>Farge: Svart<\/li>\n<li>Vekt: ca. 1,9 kg<\/li>\n<li>Produksjonsland: Finland<\/li>\n<\/ul>","protected":false},"excerpt":{"rendered":"<p>Innenlands pent teppealternativ for Tesla n\u00e5 direkte fra lager!<\/p>\n<p>Teppematerialet er \u00f8kologisk og resirkulerbart EVA, som er trygt, giftfritt og luktfritt. Den unike cellestrukturen gj\u00f8r at smuss og vann samler seg jevnt i cellene. Mattene kan enkelt rengj\u00f8res ved \u00e5 riste dem eller skylle dem med vann. Inneluftkvaliteten forbedres, og vindusfrosting reduseres. Materialet t\u00e5ler temperaturer helt ned til -50 \u00b0C og helt opp til +70 \u00b0C. Slagfast, lyd- og varmeisolerende. Behagelig \u00e5 ta p\u00e5 og virkelig stilige ECO-matter.<\/p>\n<p>Merk! Kun for 6-seters modell!<\/p>","protected":false},"featured_media":28358,"comment_status":"open","ping_status":"closed","template":"","meta":[],"product_brand":[],"product_cat":[514,153,128],"product_tag":[83,590,206,513,553,173,121],"class_list":{"0":"post-28355","1":"product","2":"type-product","3":"status-publish","4":"has-post-thumbnail","6":"product_cat-model-x-matot","7":"product_cat-model-x","8":"product_cat-tesla-tuotteet","9":"product_tag-autotarvikkeet","10":"product_tag-eco","11":"product_tag-eva","12":"product_tag-kaukalomatot","13":"product_tag-kuramatot","14":"product_tag-model-x","15":"product_tag-tesla","17":"first","18":"instock","19":"taxable","20":"shipping-taxable","21":"purchasable","22":"product-type-variable"},"jetpack_sharing_enabled":true,"_links":{"self":[{"href":"https:\/\/www.vempele.fi\/no\/wp-json\/wp\/v2\/product\/28355","targetHints":{"allow":["GET"]}}],"collection":[{"href":"https:\/\/www.vempele.fi\/no\/wp-json\/wp\/v2\/product"}],"about":[{"href":"https:\/\/www.vempele.fi\/no\/wp-json\/wp\/v2\/types\/product"}],"replies":[{"embeddable":true,"href":"https:\/\/www.vempele.fi\/no\/wp-json\/wp\/v2\/comments?post=28355"}],"wp:featuredmedia":[{"embeddable":true,"href":"https:\/\/www.vempele.fi\/no\/wp-json\/wp\/v2\/media\/28358"}],"wp:attachment":[{"href":"https:\/\/www.vempele.fi\/no\/wp-json\/wp\/v2\/media?parent=28355"}],"wp:term":[{"taxonomy":"product_brand","embeddable":true,"href":"https:\/\/www.vempele.fi\/no\/wp-json\/wp\/v2\/product_brand?post=28355"},{"taxonomy":"product_cat","embeddable":true,"href":"https:\/\/www.vempele.fi\/no\/wp-json\/wp\/v2\/product_cat?post=28355"},{"taxonomy":"product_tag","embeddable":true,"href":"https:\/\/www.vempele.fi\/no\/wp-json\/wp\/v2\/product_tag?post=28355"}],"curies":[{"name":"wp","href":"https:\/\/api.w.org\/{rel}","templated":true}]}}