{"id":28614,"date":"2024-05-22T10:09:17","date_gmt":"2024-05-22T07:09:17","guid":{"rendered":"https:\/\/www.vempele.fi\/?post_type=product&#038;p=28614"},"modified":"2026-03-04T17:45:00","modified_gmt":"2026-03-04T15:45:00","slug":"uttrekkbar-solskjerm-pa-taket-tesla-modell-y","status":"publish","type":"product","link":"https:\/\/www.vempele.fi\/no\/tuote\/avattava-katon-aurinkosuoja-tesla-model-y\/","title":{"rendered":"\u00c5pning av taksolskjerm - Tesla Model Y"},"content":{"rendered":"<p>Stilig taksolskjerm til Tesla Model Y med tak\u00e5pning i to deler. Blokkerer solen om sommeren og isolerer mot kulde om vinteren. Enkel \u00e5 \u00e5pne b\u00e5de forfra og bakfra fra baksetet.<\/p>\n<p>Solskjermen leveres i ett stort stykke. Det anbefales \u00e5 bruke to par hender til monteringen. Legg ned ryggst\u00f8ttene p\u00e5 forsetene. Fjern hattehyllen fra bakluken, og legg ned baksetene. Skyv solskjermen helt gjennom bakluken. Skyv de bakre, faste klipsene under takvinduslisten. L\u00f8ft deretter opp fronten, og bruk den medf\u00f8lgende n\u00f8kkelen til \u00e5 skru de fremre klipsene under takvinduslisten. Det kan v\u00e6re n\u00f8dvendig \u00e5 bruke det medf\u00f8lgende plastverkt\u00f8yet for \u00e5 f\u00e5 klipsene til \u00e5 gli lett under takvinduslisten. Avslutt monteringen ved \u00e5 plassere beskyttelsespinnene over hullene.<\/p>\n<p>Festeklipsene settes inn i bakrutekledningen, og de tilsvarende klipsene p\u00e5 forsiden dreies inn i kledningen med en n\u00f8kkel.<\/p>\n<ul>\n<li>Farge: Lysebl\u00e5<\/li>\n<li>M\u00e5l p\u00e5 pakken: 140 x 115 x 10 cm<\/li>\n<li>Pakkevekt: 7,00 kg<\/li>\n<li>Egnethet:\n<ul>\n<li>Modell Y 2020 - 2024<\/li>\n<\/ul>\n<\/li>\n<\/ul>","protected":false},"excerpt":{"rendered":"<p>\u00c5pningsbar taksolskjerm for Tesla Model Y.  Beskytt deg mot varmen og \u00f8k kj\u00f8rekomforten!<\/p>","protected":false},"featured_media":28617,"comment_status":"open","ping_status":"closed","template":"","meta":[],"product_brand":[],"product_cat":[154,455,482,128],"product_tag":[198,759,121,203],"class_list":{"0":"post-28614","1":"product","2":"type-product","3":"status-publish","4":"has-post-thumbnail","6":"product_cat-model-y","7":"product_cat-my-tarvikkeet","8":"product_cat-tarvikkeet-sisapuolelle-model-y","9":"product_cat-tesla-tuotteet","10":"product_tag-aurinkosuoja","11":"product_tag-avattava","12":"product_tag-tesla","13":"product_tag-tesla-model-y","15":"first","16":"instock","17":"sale","18":"taxable","19":"shipping-taxable","20":"purchasable","21":"product-type-simple"},"jetpack_sharing_enabled":true,"_links":{"self":[{"href":"https:\/\/www.vempele.fi\/no\/wp-json\/wp\/v2\/product\/28614","targetHints":{"allow":["GET"]}}],"collection":[{"href":"https:\/\/www.vempele.fi\/no\/wp-json\/wp\/v2\/product"}],"about":[{"href":"https:\/\/www.vempele.fi\/no\/wp-json\/wp\/v2\/types\/product"}],"replies":[{"embeddable":true,"href":"https:\/\/www.vempele.fi\/no\/wp-json\/wp\/v2\/comments?post=28614"}],"wp:featuredmedia":[{"embeddable":true,"href":"https:\/\/www.vempele.fi\/no\/wp-json\/wp\/v2\/media\/28617"}],"wp:attachment":[{"href":"https:\/\/www.vempele.fi\/no\/wp-json\/wp\/v2\/media?parent=28614"}],"wp:term":[{"taxonomy":"product_brand","embeddable":true,"href":"https:\/\/www.vempele.fi\/no\/wp-json\/wp\/v2\/product_brand?post=28614"},{"taxonomy":"product_cat","embeddable":true,"href":"https:\/\/www.vempele.fi\/no\/wp-json\/wp\/v2\/product_cat?post=28614"},{"taxonomy":"product_tag","embeddable":true,"href":"https:\/\/www.vempele.fi\/no\/wp-json\/wp\/v2\/product_tag?post=28614"}],"curies":[{"name":"wp","href":"https:\/\/api.w.org\/{rel}","templated":true}]}}