{"id":28895,"date":"2024-06-04T13:31:03","date_gmt":"2024-06-04T10:31:03","guid":{"rendered":"https:\/\/www.vempele.fi\/?post_type=product&#038;p=28895"},"modified":"2026-04-19T18:47:44","modified_gmt":"2026-04-19T15:47:44","slug":"frunk-bagasjerom-eva-fjernkontroll-tesla-model-3-highland","status":"publish","type":"product","link":"https:\/\/www.vempele.fi\/no\/tuote\/frunk-trunk-eva-kaukalomatot-tesla-model-3-highland\/","title":{"rendered":"EVA-h\u00e5ndvesker for bagasjerom \/ bagasjerom - Tesla Model 3 Highland"},"content":{"rendered":"<p>Tesla Model 3 Highland fjernmatter for bagasjerommene foran og bak.<\/p>\n<p>Teppealternativer \u00e5 velge mellom:<\/p>\n<ul>\n<li>Teppe i kupeen foran (bagasjeromsmatte)<\/li>\n<li>Liten oppbevaringsmatte for bagasjerommet (Trunk Storage Mat)<\/li>\n<li>Stor, heldekkende bagasjeromsmatte (Trunk Mat)<\/li>\n<\/ul>\n<p><b>Mer informasjon<\/b><\/p>\n<ul>\n<li>Materiale: EVA-plast<\/li>\n<li>Farge: svart<\/li>\n<\/ul>","protected":false},"excerpt":{"rendered":"<p>Slitesterke eksterne matter som beskytter bilen din og er enkle \u00e5 rengj\u00f8re. Valg mellom matter for bagasjerommet foran, bagasjerommet og bagasjerommet. St\u00f8pt etter dimensjonene til Tesla Model 3 Highland.<\/p>\n<p>Pakken inkluderer matten du velger fra menyen nedenfor.<\/p>\n<p>Du kan finne matchende fjernmatter til din Model 3 Highland <a href=\"https:\/\/www.vempele.fi\/no\/product-2\/tesla-model-3-eva-fjernkontroller\/\">Her<\/a>.<\/p>","protected":false},"featured_media":28901,"comment_status":"open","ping_status":"closed","template":"","meta":[],"product_brand":[],"product_cat":[409,151,128],"product_tag":[83,503,587,304,156,555,121,554],"class_list":{"0":"post-28895","1":"product","2":"type-product","3":"status-publish","4":"has-post-thumbnail","6":"product_cat-matot-model-3","7":"product_cat-model-3","8":"product_cat-tesla-tuotteet","9":"product_tag-autotarvikkeet","10":"product_tag-frunk","11":"product_tag-highland","12":"product_tag-kaukalomatto","13":"product_tag-model-3","14":"product_tag-storage","15":"product_tag-tesla","16":"product_tag-trunk","17":"product_shipping_class-nouto","19":"first","20":"instock","21":"taxable","22":"shipping-taxable","23":"purchasable","24":"product-type-variable"},"jetpack_sharing_enabled":true,"_links":{"self":[{"href":"https:\/\/www.vempele.fi\/no\/wp-json\/wp\/v2\/product\/28895","targetHints":{"allow":["GET"]}}],"collection":[{"href":"https:\/\/www.vempele.fi\/no\/wp-json\/wp\/v2\/product"}],"about":[{"href":"https:\/\/www.vempele.fi\/no\/wp-json\/wp\/v2\/types\/product"}],"replies":[{"embeddable":true,"href":"https:\/\/www.vempele.fi\/no\/wp-json\/wp\/v2\/comments?post=28895"}],"wp:featuredmedia":[{"embeddable":true,"href":"https:\/\/www.vempele.fi\/no\/wp-json\/wp\/v2\/media\/28901"}],"wp:attachment":[{"href":"https:\/\/www.vempele.fi\/no\/wp-json\/wp\/v2\/media?parent=28895"}],"wp:term":[{"taxonomy":"product_brand","embeddable":true,"href":"https:\/\/www.vempele.fi\/no\/wp-json\/wp\/v2\/product_brand?post=28895"},{"taxonomy":"product_cat","embeddable":true,"href":"https:\/\/www.vempele.fi\/no\/wp-json\/wp\/v2\/product_cat?post=28895"},{"taxonomy":"product_tag","embeddable":true,"href":"https:\/\/www.vempele.fi\/no\/wp-json\/wp\/v2\/product_tag?post=28895"}],"curies":[{"name":"wp","href":"https:\/\/api.w.org\/{rel}","templated":true}]}}