{"id":29275,"date":"2024-06-19T12:59:57","date_gmt":"2024-06-19T09:59:57","guid":{"rendered":"https:\/\/www.vempele.fi\/?post_type=product&#038;p=29275"},"modified":"2026-03-27T13:20:36","modified_gmt":"2026-03-27T11:20:36","slug":"modell-s-foraksel-ovre-stottearm-hoyre-side-nk","status":"publish","type":"product","link":"https:\/\/www.vempele.fi\/no\/tuote\/model-s-etuakselin-ylatukivarsi-oikea-puoli-nk\/","title":{"rendered":"Model S - Foraksel \u00f8vre b\u00e6rearm, h\u00f8yre side NK"},"content":{"rendered":"<p>Produsent: NK<\/p>\n<p>Produsentens produktnummer: 5016602<\/p>\n<p>OE-nummer oppgitt av produsenten:<br \/>\n1043966-00-A<br \/>\n1043966-00-B<br \/>\n6008930-00-A<br \/>\n6008930-00-B<\/p>\n<p>Egnethet:<br \/>\nModell S - 2012 -&gt;<\/p>\n<p>Materiale: Presset st\u00e5l<br \/>\nVekt: ca. 2,6 kg<\/p>","protected":false},"excerpt":{"rendered":"<p>NK foraksel \u00f8vre st\u00f8ttearm, h\u00f8yre side, fra produsenten. Passer til Model S.<\/p>","protected":false},"featured_media":29276,"comment_status":"open","ping_status":"closed","template":"","meta":[],"product_brand":[751],"product_cat":[152,473],"product_tag":[122,476,319],"class_list":{"0":"post-29275","1":"product","2":"type-product","3":"status-publish","4":"has-post-thumbnail","6":"product_brand-nk","7":"product_cat-model-s","8":"product_cat-varaosat-model-s","9":"product_tag-tesla-model-s","10":"product_tag-tukivarsi","11":"product_tag-varaosat","13":"first","14":"instock","15":"taxable","16":"shipping-taxable","17":"purchasable","18":"product-type-simple"},"jetpack_sharing_enabled":true,"_links":{"self":[{"href":"https:\/\/www.vempele.fi\/no\/wp-json\/wp\/v2\/product\/29275","targetHints":{"allow":["GET"]}}],"collection":[{"href":"https:\/\/www.vempele.fi\/no\/wp-json\/wp\/v2\/product"}],"about":[{"href":"https:\/\/www.vempele.fi\/no\/wp-json\/wp\/v2\/types\/product"}],"replies":[{"embeddable":true,"href":"https:\/\/www.vempele.fi\/no\/wp-json\/wp\/v2\/comments?post=29275"}],"wp:featuredmedia":[{"embeddable":true,"href":"https:\/\/www.vempele.fi\/no\/wp-json\/wp\/v2\/media\/29276"}],"wp:attachment":[{"href":"https:\/\/www.vempele.fi\/no\/wp-json\/wp\/v2\/media?parent=29275"}],"wp:term":[{"taxonomy":"product_brand","embeddable":true,"href":"https:\/\/www.vempele.fi\/no\/wp-json\/wp\/v2\/product_brand?post=29275"},{"taxonomy":"product_cat","embeddable":true,"href":"https:\/\/www.vempele.fi\/no\/wp-json\/wp\/v2\/product_cat?post=29275"},{"taxonomy":"product_tag","embeddable":true,"href":"https:\/\/www.vempele.fi\/no\/wp-json\/wp\/v2\/product_tag?post=29275"}],"curies":[{"name":"wp","href":"https:\/\/api.w.org\/{rel}","templated":true}]}}