{"id":29430,"date":"2025-09-03T15:56:09","date_gmt":"2025-09-03T12:56:09","guid":{"rendered":"https:\/\/www.vempele.fi\/?post_type=product&#038;p=29430"},"modified":"2025-11-25T14:01:21","modified_gmt":"2025-11-25T12:01:21","slug":"motorwerk-ev-type2-37kw-lader","status":"publish","type":"product","link":"https:\/\/www.vempele.fi\/no\/tuote\/motorwerk-ev-type2-37kw-latauslaite\/","title":{"rendered":"Motorwerk EV Type2 3,7 kW lader"},"content":{"rendered":"<p>Kompakt, b\u00e6rbar 3,7 kW ladestasjon for elbiler med Schuko-plugg. Veldig enkel \u00e5 ta i bruk, siden den ikke krever fast installasjon. Kobles direkte til stikkontakten (16 A \/ 230 V). Liten og lett, s\u00e5 den er enkel \u00e5 ta med seg p\u00e5 forretningsreiser, p\u00e5 hytta osv. V\u00e6r oppmerksom p\u00e5 at den krever en 16 A (sikring) stikkontakt for \u00e5 fungere.<\/p>\n<p><a href=\"https:\/\/www.vempele.fi\/wp-content\/uploads\/2025\/09\/Kayttoohje_Motorwerk_3_7kw_type2_5m_8m_FI_SV_EN.pdf\">Instruksjoner for bruk og installasjon.<\/a><\/p>\n<p><strong>Funksjoner:<\/strong><\/p>\n<ul>\n<li>Ladestr\u00f8m: 8 A, 10 A, 13 A og 16 A, justerbar<\/li>\n<li>Ladeeffekt: 1,8-3,7 kW<\/li>\n<li>Ladeplugg: type 2<\/li>\n<li>Veggkontakt: Schuko<\/li>\n<li>Kabellengde: 5 m eller 8 m<\/li>\n<li>Kabellengde mellom ladeenhet og stikkontakt: 90 cm<\/li>\n<li>Informativ utstilling<\/li>\n<li>Timerfunksjon for lading<\/li>\n<li>Ladeforsinkelsesfunksjon 1-10 timer<\/li>\n<li>Type A AC-overspenningsvern + 6 mA DC-overspenningsvern<\/li>\n<li>Beskyttelse mot lekkasje, overspenning, underspenning, overoppheting og lynnedslag<\/li>\n<li>Slitesterk konstruksjon i ladeenheten<\/li>\n<li>Ladeenhet IP65<\/li>\n<li>Ladeplugg IP54<\/li>\n<li>Driftstemperatur: -30 - 50 \u00b0C<\/li>\n<li>CE-godkjent<\/li>\n<li>Vekt: 2,1 kg<\/li>\n<li>Garanti: 24 m\u00e5neder<\/li>\n<\/ul>\n<p>Merk! Husholdningskontakter er tilgjengelige med sikringer p\u00e5 10 A og 16 A. Ved lading fra en husholdningskontakt i flere timer m\u00e5 man s\u00f8rge for at ladestr\u00f8mmen begrenses til 8 ampere. En vanlig husholdningskontakt t\u00e5ler ikke langvarig lading med 16 A. Det finnes ogs\u00e5 husholdningskontakter (Super-suko) p\u00e5 markedet som er konstruert av produsenten for \u00e5 t\u00e5le en kontinuerlig belastning p\u00e5 16 A. Disse stikkontaktene kan lades med 16 A kontinuerlig str\u00f8m.<\/p>","protected":false},"excerpt":{"rendered":"<p>Motorwerk EV Type2 3,7 kW reiselader er enkel \u00e5 ta med seg og tar str\u00f8m fra en standard stikkontakt.<\/p>\n<ul>\n<li>Ladestr\u00f8m: 8 A, 10 A, 13 A og 16 A, justerbar<\/li>\n<li>Ladeeffekt: 1,8-3,7 kW<\/li>\n<li>Timerfunksjon for lading<\/li>\n<li>Ladeforsinkelsesfunksjon 1-10 timer<\/li>\n<\/ul>","protected":false},"featured_media":41975,"comment_status":"open","ping_status":"closed","template":"","meta":[],"product_brand":[821],"product_cat":[664],"product_tag":[671,675,676,822,677,678],"class_list":{"0":"post-29430","1":"product","2":"type-product","3":"status-publish","4":"has-post-thumbnail","6":"product_brand-motorwerk","7":"product_cat-laturit","8":"product_tag-16a","9":"product_tag-matkalaturi","10":"product_tag-mobiililaturi","11":"product_tag-motorwerk","12":"product_tag-schuko","13":"product_tag-type2","15":"first","16":"instock","17":"taxable","18":"shipping-taxable","19":"purchasable","20":"product-type-variable"},"jetpack_sharing_enabled":true,"_links":{"self":[{"href":"https:\/\/www.vempele.fi\/no\/wp-json\/wp\/v2\/product\/29430","targetHints":{"allow":["GET"]}}],"collection":[{"href":"https:\/\/www.vempele.fi\/no\/wp-json\/wp\/v2\/product"}],"about":[{"href":"https:\/\/www.vempele.fi\/no\/wp-json\/wp\/v2\/types\/product"}],"replies":[{"embeddable":true,"href":"https:\/\/www.vempele.fi\/no\/wp-json\/wp\/v2\/comments?post=29430"}],"wp:featuredmedia":[{"embeddable":true,"href":"https:\/\/www.vempele.fi\/no\/wp-json\/wp\/v2\/media\/41975"}],"wp:attachment":[{"href":"https:\/\/www.vempele.fi\/no\/wp-json\/wp\/v2\/media?parent=29430"}],"wp:term":[{"taxonomy":"product_brand","embeddable":true,"href":"https:\/\/www.vempele.fi\/no\/wp-json\/wp\/v2\/product_brand?post=29430"},{"taxonomy":"product_cat","embeddable":true,"href":"https:\/\/www.vempele.fi\/no\/wp-json\/wp\/v2\/product_cat?post=29430"},{"taxonomy":"product_tag","embeddable":true,"href":"https:\/\/www.vempele.fi\/no\/wp-json\/wp\/v2\/product_tag?post=29430"}],"curies":[{"name":"wp","href":"https:\/\/api.w.org\/{rel}","templated":true}]}}