{"id":30954,"date":"2024-09-05T13:37:07","date_gmt":"2024-09-05T10:37:07","guid":{"rendered":"https:\/\/www.vempele.fi\/?post_type=product&#038;p=30954"},"modified":"2026-03-18T00:02:54","modified_gmt":"2026-03-17T22:02:54","slug":"bakspoiler-tesla-modell-3-highland","status":"publish","type":"product","link":"https:\/\/www.vempele.fi\/no\/tuote\/takaspoileri-tesla-model-3-highland\/","title":{"rendered":"Ryggsekkspoiler - Tesla Model 3 Highland"},"content":{"rendered":"<ul>\n<li>Fargealternativer: matt svart og matt karbonfiberfinish<\/li>\n<li>Egnethet:\n<ul>\n<li>Modell 3 Highland 2024 -&gt;<\/li>\n<\/ul>\n<\/li>\n<li>Materiale: ABS-plast<\/li>\n<li>Vekt: ca. 300 g<\/li>\n<li>Produktm\u00e5l p\u00e5 det bredeste punktet: 122 x 5,5 x 2,1 cm<\/li>\n<\/ul>","protected":false},"excerpt":{"rendered":"<p>Stilig bakspoiler for Tesla Model 3 Highland. Tilgjengelig i matt svart og matt karbonfiber. Spoileren er laget av ABS-plast.<\/p>\n<p>P\u00e5 innsiden av bakspoileren er det festeb\u00e5nd i full lengde for \u00e5 feste den til bilen. S\u00f8rg for \u00e5 rengj\u00f8re festepunktet s\u00e5 godt som mulig, og monter b\u00e5ndene i varmt v\u00e6r eller i en garasje.<\/p>","protected":false},"featured_media":30957,"comment_status":"open","ping_status":"closed","template":"","meta":[],"product_brand":[],"product_cat":[151,452,481,128],"product_tag":[83,587,550,156,551,448,121],"class_list":{"0":"post-30954","1":"product","2":"type-product","3":"status-publish","4":"has-post-thumbnail","6":"product_cat-model-3","7":"product_cat-m3-tarvikkeet","8":"product_cat-tarvikkeet-ulkopuolelle-model-3","9":"product_cat-tesla-tuotteet","10":"product_tag-autotarvikkeet","11":"product_tag-highland","12":"product_tag-lippa","13":"product_tag-model-3","14":"product_tag-spoileri","15":"product_tag-takaspoileri","16":"product_tag-tesla","18":"first","19":"instock","20":"taxable","21":"shipping-taxable","22":"purchasable","23":"product-type-variable"},"jetpack_sharing_enabled":true,"_links":{"self":[{"href":"https:\/\/www.vempele.fi\/no\/wp-json\/wp\/v2\/product\/30954","targetHints":{"allow":["GET"]}}],"collection":[{"href":"https:\/\/www.vempele.fi\/no\/wp-json\/wp\/v2\/product"}],"about":[{"href":"https:\/\/www.vempele.fi\/no\/wp-json\/wp\/v2\/types\/product"}],"replies":[{"embeddable":true,"href":"https:\/\/www.vempele.fi\/no\/wp-json\/wp\/v2\/comments?post=30954"}],"wp:featuredmedia":[{"embeddable":true,"href":"https:\/\/www.vempele.fi\/no\/wp-json\/wp\/v2\/media\/30957"}],"wp:attachment":[{"href":"https:\/\/www.vempele.fi\/no\/wp-json\/wp\/v2\/media?parent=30954"}],"wp:term":[{"taxonomy":"product_brand","embeddable":true,"href":"https:\/\/www.vempele.fi\/no\/wp-json\/wp\/v2\/product_brand?post=30954"},{"taxonomy":"product_cat","embeddable":true,"href":"https:\/\/www.vempele.fi\/no\/wp-json\/wp\/v2\/product_cat?post=30954"},{"taxonomy":"product_tag","embeddable":true,"href":"https:\/\/www.vempele.fi\/no\/wp-json\/wp\/v2\/product_tag?post=30954"}],"curies":[{"name":"wp","href":"https:\/\/api.w.org\/{rel}","templated":true}]}}