{"id":31026,"date":"2024-09-10T12:42:58","date_gmt":"2024-09-10T09:42:58","guid":{"rendered":"https:\/\/www.vempele.fi\/?post_type=product&#038;p=31026"},"modified":"2024-09-10T13:52:53","modified_gmt":"2024-09-10T10:52:53","slug":"nokian-dekk-hakkapeliitta-r5-ev-245-45r19-102t-xl-tl-modell-s","status":"publish","type":"product","link":"https:\/\/www.vempele.fi\/no\/tuote\/nokian-tyres-hakkapeliitta-r5-ev-245-45r19-102t-xl-tl-model-s\/","title":{"rendered":"Nokian Dekk Hakkapeliitta R5 EV 245\/45R19 102T XL TL - Model S"},"content":{"rendered":"<p>1 stk 245\/45R19 Nokian Dekk Hakkapeliitta R5 EV 102T XL TL<\/p>\n<div class=\"Pr-md product-short-info__title ng-binding\"><\/div>\n<ul>\n<li class=\"single-product__section-title\">EU-merking av dekk<\/li>\n<li>Type: friksjonsring<\/li>\n<li>Tommer: 19<\/li>\n<li>Bredde: 245<\/li>\n<li>Profil: 45<\/li>\n<li class=\"single-product__section-title\">Hastighetskategori: 190 km\/t (T)<\/li>\n<li class=\"single-product__section-title\">Lastekapasitet: 850 kg (102)<\/li>\n<\/ul>","protected":false},"excerpt":{"rendered":"<p class=\"single-product__title\">245\/45R19 Nokian-dekk Hakkapeliitta R5 EV 102T XL TL<\/p>\n<p>Friksjonsdekk.<\/p>\n<p class=\"ewa-rteLine\">Hakkapeliitta R5 EV er et friksjonsdekk for personbiler, crossovere og SUV-er. Dekkene er godt egnet for Tesla Model Y. Hakkapeliitta R5 EV, med sin milj\u00f8vennlige teknologi, s\u00f8rger for maksimal sikkerhet og komfort for elbiler og hybrider, i tillegg til lengre rekkevidde. Unike Arctic Grip Crystals s\u00f8rger for klassens beste ytelse p\u00e5 is. SilentDrive\u2122-teknologien s\u00f8rger for h\u00f8y kj\u00f8rekomfort.<\/p>\n<p class=\"ewa-rteLine\">- Rent vintervedlikehold og balansert kj\u00f8ring<br \/>\n- Milj\u00f8vennlig mobilitet og lengre rekkevidde<br \/>\n- Ekstremt lavt st\u00f8yniv\u00e5 takket v\u00e6re SilentDrive\u2122-teknologi<\/p>\n<p><strong>Merk.<\/strong><br \/>\nNokia-dekkene kommer direkte fra leverand\u00f8ren til oss, vanligvis dagen etter at bestillingen er lagt inn.<br \/>\nLagersaldoen oppdateres ikke automatisk, s\u00e5 vi kontakter deg umiddelbart hvis dekket av en eller annen grunn ikke er tilgjengelig umiddelbart.<\/p>","protected":false},"featured_media":12576,"comment_status":"open","ping_status":"closed","template":"","meta":[],"product_brand":[],"product_cat":[152,371,128],"product_tag":[301,172,394,299,300,121,321],"class_list":{"0":"post-31026","1":"product","2":"type-product","3":"status-publish","4":"has-post-thumbnail","6":"product_cat-model-s","7":"product_cat-renkaat","8":"product_cat-tesla-tuotteet","9":"product_tag-autonrenkaat","10":"product_tag-model-s","11":"product_tag-nokian-renkaat","12":"product_tag-rengas","13":"product_tag-renkaat","14":"product_tag-tesla","15":"product_tag-vanteet","16":"product_shipping_class-nouto","18":"first","19":"instock","20":"taxable","21":"shipping-taxable","22":"purchasable","23":"product-type-simple"},"jetpack_sharing_enabled":true,"_links":{"self":[{"href":"https:\/\/www.vempele.fi\/no\/wp-json\/wp\/v2\/product\/31026","targetHints":{"allow":["GET"]}}],"collection":[{"href":"https:\/\/www.vempele.fi\/no\/wp-json\/wp\/v2\/product"}],"about":[{"href":"https:\/\/www.vempele.fi\/no\/wp-json\/wp\/v2\/types\/product"}],"replies":[{"embeddable":true,"href":"https:\/\/www.vempele.fi\/no\/wp-json\/wp\/v2\/comments?post=31026"}],"wp:featuredmedia":[{"embeddable":true,"href":"https:\/\/www.vempele.fi\/no\/wp-json\/wp\/v2\/media\/12576"}],"wp:attachment":[{"href":"https:\/\/www.vempele.fi\/no\/wp-json\/wp\/v2\/media?parent=31026"}],"wp:term":[{"taxonomy":"product_brand","embeddable":true,"href":"https:\/\/www.vempele.fi\/no\/wp-json\/wp\/v2\/product_brand?post=31026"},{"taxonomy":"product_cat","embeddable":true,"href":"https:\/\/www.vempele.fi\/no\/wp-json\/wp\/v2\/product_cat?post=31026"},{"taxonomy":"product_tag","embeddable":true,"href":"https:\/\/www.vempele.fi\/no\/wp-json\/wp\/v2\/product_tag?post=31026"}],"curies":[{"name":"wp","href":"https:\/\/api.w.org\/{rel}","templated":true}]}}