{"id":31032,"date":"2024-09-10T13:26:17","date_gmt":"2024-09-10T10:26:17","guid":{"rendered":"https:\/\/www.vempele.fi\/?post_type=product&#038;p=31032"},"modified":"2024-09-10T13:52:21","modified_gmt":"2024-09-10T10:52:21","slug":"nokian-dekk-hakkapeliitta-10-245-45r19-102t-xl-tl-modell-s","status":"publish","type":"product","link":"https:\/\/www.vempele.fi\/no\/tuote\/nokian-tyres-hakkapeliitta-10-245-45r19-102t-xl-tl-model-s\/","title":{"rendered":"Nokian Dekk Hakkapeliitta 10 245\/45R19 102T XL TL - Modell S"},"content":{"rendered":"<p>1 stk 245\/45R19 Nokian Dekk Hakkapeliitta 10 102T XL TL Piggdekk<\/p>\n<ul>\n<li class=\"single-product__section-title\">EU-merking av dekk<\/li>\n<li>Type: piggdekk<\/li>\n<li>Tommer: 19<\/li>\n<li>Bredde: 245<\/li>\n<li>Profil: 45<\/li>\n<li class=\"single-product__section-title\">Hastighetskategori: 190 km\/t (T)<\/li>\n<li class=\"single-product__section-title\">Lastekapasitet: 850 kg (102)<\/li>\n<\/ul>","protected":false},"excerpt":{"rendered":"<p class=\"single-product__title\">245\/45R19 Nokian Dekk Hakkapeliitta 10 102T XL TL Piggdekk<\/p>\n<p>Piggdekk. Spesielt anbefalt for Tesla Model S.<\/p>\n<p><strong>Neste generasjons sikkerhet<\/strong><\/p>\n<p>Hakkapeliitta 10 piggdekk fra Nokia Tyres gir trygghet i den nordlige vinteren. Dette neste generasjons vinterdekket kombinerer milj\u00f8vennlighet, kj\u00f8rekomfort og overlegen grep p\u00e5 sn\u00f8 og is. Nokian Tyres Hakkapeliitta 10 bruker Nokian Tyres' dobbeltpinnede teknologi, med midtpinner for bedre akselerasjons- og bremsegrep og skulderpinner for maksimalt grep i svinger og filskifter.Nokian Tyres Hakkapeliitta 10 har et nytt traksjonsm\u00f8nster for stabilitet og sn\u00f8regrep, og optimal plassering av piggene for et jevnt og behagelig lydmilj\u00f8.<\/p>\n<p><strong>Merk.<\/strong><br \/>\nNokia-dekkene kommer direkte fra leverand\u00f8ren til oss, vanligvis dagen etter at bestillingen er lagt inn.<br \/>\nLagersaldoen oppdateres ikke automatisk, s\u00e5 vi kontakter deg umiddelbart hvis dekket av en eller annen grunn ikke er tilgjengelig umiddelbart.<\/p>","protected":false},"featured_media":12575,"comment_status":"open","ping_status":"closed","template":"","meta":[],"product_brand":[],"product_cat":[152,371,128],"product_tag":[301,172,394,299,300,121,321],"class_list":{"0":"post-31032","1":"product","2":"type-product","3":"status-publish","4":"has-post-thumbnail","6":"product_cat-model-s","7":"product_cat-renkaat","8":"product_cat-tesla-tuotteet","9":"product_tag-autonrenkaat","10":"product_tag-model-s","11":"product_tag-nokian-renkaat","12":"product_tag-rengas","13":"product_tag-renkaat","14":"product_tag-tesla","15":"product_tag-vanteet","16":"product_shipping_class-nouto","18":"first","19":"instock","20":"taxable","21":"shipping-taxable","22":"purchasable","23":"product-type-simple"},"jetpack_sharing_enabled":true,"_links":{"self":[{"href":"https:\/\/www.vempele.fi\/no\/wp-json\/wp\/v2\/product\/31032","targetHints":{"allow":["GET"]}}],"collection":[{"href":"https:\/\/www.vempele.fi\/no\/wp-json\/wp\/v2\/product"}],"about":[{"href":"https:\/\/www.vempele.fi\/no\/wp-json\/wp\/v2\/types\/product"}],"replies":[{"embeddable":true,"href":"https:\/\/www.vempele.fi\/no\/wp-json\/wp\/v2\/comments?post=31032"}],"wp:featuredmedia":[{"embeddable":true,"href":"https:\/\/www.vempele.fi\/no\/wp-json\/wp\/v2\/media\/12575"}],"wp:attachment":[{"href":"https:\/\/www.vempele.fi\/no\/wp-json\/wp\/v2\/media?parent=31032"}],"wp:term":[{"taxonomy":"product_brand","embeddable":true,"href":"https:\/\/www.vempele.fi\/no\/wp-json\/wp\/v2\/product_brand?post=31032"},{"taxonomy":"product_cat","embeddable":true,"href":"https:\/\/www.vempele.fi\/no\/wp-json\/wp\/v2\/product_cat?post=31032"},{"taxonomy":"product_tag","embeddable":true,"href":"https:\/\/www.vempele.fi\/no\/wp-json\/wp\/v2\/product_tag?post=31032"}],"curies":[{"name":"wp","href":"https:\/\/api.w.org\/{rel}","templated":true}]}}