{"id":31907,"date":"2024-10-04T00:00:00","date_gmt":"2024-10-03T21:00:00","guid":{"rendered":"https:\/\/www.vempele.fi\/fi\/?post_type=product&#038;p=31907"},"modified":"2026-04-01T15:51:08","modified_gmt":"2026-04-01T12:51:08","slug":"linglong-nord-master-testimenestys-235-45r18-98t-tesla-model-3","status":"publish","type":"product","link":"https:\/\/www.vempele.fi\/no\/tuote\/linglong-nord-master-testimenestys-235-45r18-98t-tesla-model-3\/","title":{"rendered":"Linglong Nord Master TESTIMENESTYS! 235\/45R18 98T - Tesla Model 3"},"content":{"rendered":"<p>1 stk Linglong Nord Master TEST TEST! 235\/45-18 98T<\/p>\n<ul>\n<li>EU-merking av dekk<\/li>\n<li>Type: friksjonsring<\/li>\n<li>Tommer: 18<\/li>\n<li>Bredde: 235<\/li>\n<li>Profil: 45<\/li>\n<li>Hastighetskategori: T<\/li>\n<li>Belastningsklasse: 98<\/li>\n<li>Dekkklassifisering: <\/li>\n<li>Drivstoff\u00f8konomi: <\/li>\n<li>Vedlikehold p\u00e5 v\u00e5tt underlag: <\/li>\n<li>Klassifisering av rattst\u00f8y:\u00a0 <\/li>\n<\/ul>\n<p>&nbsp;<\/p>\n<p>Dekkene leveres direkte fra partnerens lager.<\/p>\n<p><img decoding=\"async\" src=\"https:\/\/www.vempele.fi\/wp-content\/uploads\/2024\/10\/Label_1080872.svg\" width=\"300\" \/><\/p>\n<p>Dekkinformasjon hentet fra en partner.<\/p>","protected":false},"excerpt":{"rendered":"<p>Linglong Nord Master - testvinneren Linglong Nord Master er et nytt friksjonsdekk med h\u00f8y ytelse som testvinner.  Nord Master oppn\u00e5dde et fantastisk testresultat med bare 0,8 poeng opp til vinneren - til tross for at det er nesten 40 % billigere.  Linglongs suksess er oppsiktsvekkende: Det ble sl\u00e5tt av store rivaler som Bridgestone Blizzak Ice.  I tillegg var Nord Master det mest stilleg\u00e5ende dekket i Test World-testen i Ivalo (delt 1. plass).  Linglong Nord Master er spesielt utviklet for vinterforhold i de nordiske landene.  Dekket kan med rette kalles mesteren i nordiske vinterforhold - den nyeste teknologien er brukt i konstruksjonen for \u00e5 optimalisere dekket for utfordrende vinterforhold.  \"LINGLONG HAR GOD TID P\u00c5 IS\" Aftonbladet 26. 9. 2020<br \/>\n&#13;<br \/>\nLinglong er allment ansett som den kinesiske dekkprodusenten av h\u00f8yeste kvalitet.  Det er s\u00e6rlig den spektakul\u00e6re test- og salgssuksessen til Linglongs flaggskipprodukt, GreenMax-dekkfamilien, som har gitt merkevaren et sterkt omd\u00f8mme i hele Europa.  Linglong har steget til topps p\u00e5 de finske dekklistene takket v\u00e6re utmerket kundetilfredshet og markedets beste valuta for pengene.<br \/>\n\u00a0 <\/p>\n<p>Dekkene leveres direkte fra partnerens lager.<\/p>","protected":false},"featured_media":31909,"comment_status":"open","ping_status":"open","template":"","meta":[],"product_brand":[],"product_cat":[371],"product_tag":[704,632,156,705,121],"class_list":{"0":"post-31907","1":"product","2":"type-product","3":"status-publish","4":"has-post-thumbnail","6":"product_cat-renkaat","7":"product_tag-kitkarengas","8":"product_tag-linglong","9":"product_tag-model-3","10":"product_tag-nord-master-testimenestys","11":"product_tag-tesla","13":"first","14":"instock","15":"taxable","16":"shipping-taxable","17":"purchasable","18":"product-type-simple"},"jetpack_sharing_enabled":true,"_links":{"self":[{"href":"https:\/\/www.vempele.fi\/no\/wp-json\/wp\/v2\/product\/31907","targetHints":{"allow":["GET"]}}],"collection":[{"href":"https:\/\/www.vempele.fi\/no\/wp-json\/wp\/v2\/product"}],"about":[{"href":"https:\/\/www.vempele.fi\/no\/wp-json\/wp\/v2\/types\/product"}],"replies":[{"embeddable":true,"href":"https:\/\/www.vempele.fi\/no\/wp-json\/wp\/v2\/comments?post=31907"}],"wp:featuredmedia":[{"embeddable":true,"href":"https:\/\/www.vempele.fi\/no\/wp-json\/wp\/v2\/media\/31909"}],"wp:attachment":[{"href":"https:\/\/www.vempele.fi\/no\/wp-json\/wp\/v2\/media?parent=31907"}],"wp:term":[{"taxonomy":"product_brand","embeddable":true,"href":"https:\/\/www.vempele.fi\/no\/wp-json\/wp\/v2\/product_brand?post=31907"},{"taxonomy":"product_cat","embeddable":true,"href":"https:\/\/www.vempele.fi\/no\/wp-json\/wp\/v2\/product_cat?post=31907"},{"taxonomy":"product_tag","embeddable":true,"href":"https:\/\/www.vempele.fi\/no\/wp-json\/wp\/v2\/product_tag?post=31907"}],"curies":[{"name":"wp","href":"https:\/\/api.w.org\/{rel}","templated":true}]}}