{"id":31931,"date":"2024-10-04T00:00:00","date_gmt":"2024-10-03T21:00:00","guid":{"rendered":"https:\/\/www.vempele.fi\/fi\/?post_type=product&#038;p=31931"},"modified":"2026-04-01T14:51:08","modified_gmt":"2026-04-01T11:51:08","slug":"linglong-greenmax-vintergrep-2-255-45r19-104t-tesla-modell-y","status":"publish","type":"product","link":"https:\/\/www.vempele.fi\/no\/tuote\/linglong-greenmax-winter-grip-2-255-45r19-104t-tesla-model-y\/","title":{"rendered":"Linglong GreenMax Winter Grip 2 255\/45R19 104T - Tesla Model Y"},"content":{"rendered":"<p>1 Linglong GreenMax Winter Grip 2 255\/45-19 104T<\/p>\n<ul>\n<li>EU-merking av dekk<\/li>\n<li>Type: piggdekk<\/li>\n<li>Tommer: 19<\/li>\n<li>Bredde: 255<\/li>\n<li>Profil: 45<\/li>\n<li>Hastighetskategori: T<\/li>\n<li>Lastkapasitetsklasse: 104<\/li>\n<li>Dekkklassifisering: C1<\/li>\n<li>Drivstoff\u00f8konomi: <\/li>\n<li>Vedlikehold p\u00e5 v\u00e5tt underlag: <\/li>\n<li>Klassifisering av rattst\u00f8y:\u00a0 <\/li>\n<\/ul>\n<p>Dekkene leveres direkte fra partnerens lager.<\/p>\n<p><img decoding=\"async\" src=\"\" width=\"300\" \/><\/p>\n<p>Produktinformasjon hentet fra en partner.<\/p>","protected":false},"excerpt":{"rendered":"<p>GreenMax Winter Grip 2 - trygghet og grep<br \/>\ntil den nordlige vinteren<br \/>\n&#13;<br \/>\nGreenMax Winter Grip 2 er rimelig og har h\u00f8y ytelse<br \/>\nEt piggdekk som er spesielt utviklet for krevende nordiske forhold.<br \/>\nfor vinterforhold.  Dekkets moderne slitebanem\u00f8nster kombinert med effektive pigger<br \/>\nmed utmerket grep p\u00e5 is og sn\u00f8, og stabile kj\u00f8reegenskaper<br \/>\np\u00e5 varierende veier.<br \/>\n&#13;<br \/>\nViktige funksjoner:<br \/>\n&#13;<br \/>\n&#13;<br \/>\n Effektiv<br \/>\n     piggdekk gir sikkert grep p\u00e5 isete veier<br \/>\n Dyp<br \/>\n     Riller og optimalisert lamellering forbedrer sn\u00f8opptaket og forhindrer overf\u00f8ring av slaps<br \/>\n Stille<br \/>\n     og en behagelig kj\u00f8reopplevelse sammenlignet med mange lignende budsjettbiler.<br \/>\n     p\u00e5 dekk<br \/>\n B\u00e6rekraftig<br \/>\n     gummiblandingen beholder sin fleksibilitet i kalde temperaturer, noe som forbedrer<br \/>\n     sikkerhet<br \/>\n&#13;<br \/>\n&#13;<br \/>\nGreenMax Winter Grip 2 er et godt valg for deg som<br \/>\ndu er p\u00e5 utkikk etter et p\u00e5litelig piggdekk til en rimelig pris uten kompromisser<br \/>\nsikkerhet om vinteren.  Dekket er ideelt for personbiler og mindre<br \/>\nSUV-er, og ytelsen har blitt testet under t\u00f8ffe forhold.<br \/>\n&#13;<br \/>\nTilgjengelig i en rekke st\u00f8rrelser - finn riktig st\u00f8rrelse for din bil<br \/>\nN\u00e5! <\/p>\n<p> Dekkene leveres direkte fra partnerens lager.<\/p>","protected":false},"featured_media":31932,"comment_status":"open","ping_status":"open","template":"","meta":[],"product_brand":[],"product_cat":[371],"product_tag":[714,632,271,713,121],"class_list":{"0":"post-31931","1":"product","2":"type-product","3":"status-publish","4":"has-post-thumbnail","6":"product_cat-renkaat","7":"product_tag-greenmax-winter-grip-2","8":"product_tag-linglong","9":"product_tag-model-y","10":"product_tag-nastarengas","11":"product_tag-tesla","13":"first","14":"instock","15":"taxable","16":"shipping-taxable","17":"purchasable","18":"product-type-simple"},"jetpack_sharing_enabled":true,"_links":{"self":[{"href":"https:\/\/www.vempele.fi\/no\/wp-json\/wp\/v2\/product\/31931","targetHints":{"allow":["GET"]}}],"collection":[{"href":"https:\/\/www.vempele.fi\/no\/wp-json\/wp\/v2\/product"}],"about":[{"href":"https:\/\/www.vempele.fi\/no\/wp-json\/wp\/v2\/types\/product"}],"replies":[{"embeddable":true,"href":"https:\/\/www.vempele.fi\/no\/wp-json\/wp\/v2\/comments?post=31931"}],"wp:featuredmedia":[{"embeddable":true,"href":"https:\/\/www.vempele.fi\/no\/wp-json\/wp\/v2\/media\/31932"}],"wp:attachment":[{"href":"https:\/\/www.vempele.fi\/no\/wp-json\/wp\/v2\/media?parent=31931"}],"wp:term":[{"taxonomy":"product_brand","embeddable":true,"href":"https:\/\/www.vempele.fi\/no\/wp-json\/wp\/v2\/product_brand?post=31931"},{"taxonomy":"product_cat","embeddable":true,"href":"https:\/\/www.vempele.fi\/no\/wp-json\/wp\/v2\/product_cat?post=31931"},{"taxonomy":"product_tag","embeddable":true,"href":"https:\/\/www.vempele.fi\/no\/wp-json\/wp\/v2\/product_tag?post=31931"}],"curies":[{"name":"wp","href":"https:\/\/api.w.org\/{rel}","templated":true}]}}