{"id":31937,"date":"2024-10-03T00:00:00","date_gmt":"2024-10-02T21:00:00","guid":{"rendered":"https:\/\/www.vempele.fi\/fi\/?post_type=product&#038;p=31937"},"modified":"2026-04-24T07:51:09","modified_gmt":"2026-04-24T04:51:09","slug":"linglong-greenmax-vintergrep-suv-275-45r20-110t-tesla-model-x","status":"publish","type":"product","link":"https:\/\/www.vempele.fi\/no\/tuote\/linglong-greenmax-winter-grip-suv-275-45r20-110t-tesla-model-x\/","title":{"rendered":"Linglong GreenMax Winter Grip SUV 275\/45R20 110T - Tesla Model X"},"content":{"rendered":"<p>1 Linglong GreenMax Winter Grip SUV 275\/45-20 110T<\/p>\n<ul>\n<li>EU-merking av dekk<\/li>\n<li>Type: friksjonsring<\/li>\n<li>Tommer: 20<\/li>\n<li>Bredde: 275<\/li>\n<li>Profil: 45<\/li>\n<li>Hastighetskategori: T<\/li>\n<li>Lastkapasitetsklasse: 110<\/li>\n<li>Dekkklassifisering: <\/li>\n<li>Drivstoff\u00f8konomi: <\/li>\n<li>Vedlikehold p\u00e5 v\u00e5tt underlag: <\/li>\n<li>Klassifisering av rattst\u00f8y:\u00a0 <\/li>\n<\/ul>\n<p>&nbsp;<\/p>\n<p>Dekkene leveres direkte fra partnerens lager.<\/p>\n<p><img decoding=\"async\" src=\"\" width=\"300\" \/><\/p>\n<p>Dekkinformasjon hentet fra en partner.<\/p>","protected":false},"excerpt":{"rendered":"<p>Finske Linglong GreenMax Winter Grip piggdekk<br \/>\n&#13;<br \/>\nTestet og utviklet i Ivalo.  Linglongs nye piggdekk GreenMax Winter Grip er spesielt utviklet for de krevende vinterforholdene i Finland.  Dekket er utviklet og testet flere ganger ved Finlands mest anerkjente testanlegg for vinterdekk, Ivalo Test World.  Ved \u00e5 teste flere forskjellige gummiblandinger og konstruksjoner under ekte, nordlige vinterforhold har man skapt et vinterdekk som passer perfekt til den finske vinteren.<br \/>\nBesatt med finske Tikka-stifter.  Linglong GreenMax Winter Grip er utstyrt med finske Tikka-pigger for f\u00f8rsteklasses grep p\u00e5 is.  Tikka har v\u00e6rt kvalitetsledende innen piggproduksjon helt siden selskapet utviklet verdens f\u00f8rste dekkpigger p\u00e5 1950-tallet.<br \/>\nProdusert med finske A-Technology automatiske maskiner.  Den stabile kvaliteten p\u00e5 piggene garanteres av fabrikkpigging med de beste helautomatiske A-Technology-maskinene p\u00e5 markedet.<br \/>\nUtmerkede testresultater<br \/>\nI utviklingen av Linglong GreenMax Winter Grip, som i dag er markedsleder og testvinner i de fleste sammenligninger, ble Nokias Hakkapeliitta 7 og Hankook Winter I*Pike valgt som referansedekk.  M\u00e5let var \u00e5 skape et dekk som ville ligge et sted mellom disse to dekkene n\u00e5r det gjaldt ytelse, og som ville gi mest valuta for pengene av de tre.<br \/>\nDekktestene ble utf\u00f8rt av verdens ledende testanlegg for vinterdekk, Test World i Ivalo, Finland.  Test World er blant annet kjent i Finland for sine dekktester i Tekniikan Welt.  Testene viste at Linglong gjorde det sv\u00e6rt godt i en t\u00f8ff sammenligningsgruppe.  Testene testet dekkets bremseegenskaper p\u00e5 sn\u00f8, is, v\u00e5tt og t\u00f8rt underlag.  Linglong kom p\u00e5 andreplass eller bedre under alle forhold, og slo Hankook p\u00e5 tre av fire underlag og Nokia p\u00e5 to av fire.  Totalt sett kan Linglong til og med regnes som det beste dekket i referansegruppen, og n\u00e5r man tar hensyn til den mye lavere prisen p\u00e5 Linglong, er forholdet mellom pris og ytelse bedre enn hos konkurrentene.<br \/>\nStol p\u00e5 den finske ekspertisen p\u00e5 vinterdekk og velg det trygge Linglong GreenMax Winter Grip!<br \/>\n&#13;<br \/>\nLinglong er allment ansett som den kinesiske dekkprodusenten av h\u00f8yeste kvalitet.  Det er s\u00e6rlig den spektakul\u00e6re test- og salgssuksessen til Linglongs flaggskipprodukt, GreenMax-dekkfamilien, som har gitt merkevaren et sterkt omd\u00f8mme i hele Europa.  Linglong har steget til topps p\u00e5 de finske dekklistene takket v\u00e6re utmerket kundetilfredshet og markedets beste valuta for pengene. <\/p>\n<p>Dekkene leveres direkte fra partnerens lager.<\/p>","protected":false},"featured_media":31938,"comment_status":"open","ping_status":"open","template":"","meta":[],"product_brand":[],"product_cat":[371],"product_tag":[715,704,632,173,121],"class_list":{"0":"post-31937","1":"product","2":"type-product","3":"status-publish","4":"has-post-thumbnail","6":"product_cat-renkaat","7":"product_tag-greenmax-winter-grip-suv","8":"product_tag-kitkarengas","9":"product_tag-linglong","10":"product_tag-model-x","11":"product_tag-tesla","13":"first","14":"instock","15":"taxable","16":"shipping-taxable","17":"purchasable","18":"product-type-simple"},"jetpack_sharing_enabled":true,"_links":{"self":[{"href":"https:\/\/www.vempele.fi\/no\/wp-json\/wp\/v2\/product\/31937","targetHints":{"allow":["GET"]}}],"collection":[{"href":"https:\/\/www.vempele.fi\/no\/wp-json\/wp\/v2\/product"}],"about":[{"href":"https:\/\/www.vempele.fi\/no\/wp-json\/wp\/v2\/types\/product"}],"replies":[{"embeddable":true,"href":"https:\/\/www.vempele.fi\/no\/wp-json\/wp\/v2\/comments?post=31937"}],"wp:featuredmedia":[{"embeddable":true,"href":"https:\/\/www.vempele.fi\/no\/wp-json\/wp\/v2\/media\/31938"}],"wp:attachment":[{"href":"https:\/\/www.vempele.fi\/no\/wp-json\/wp\/v2\/media?parent=31937"}],"wp:term":[{"taxonomy":"product_brand","embeddable":true,"href":"https:\/\/www.vempele.fi\/no\/wp-json\/wp\/v2\/product_brand?post=31937"},{"taxonomy":"product_cat","embeddable":true,"href":"https:\/\/www.vempele.fi\/no\/wp-json\/wp\/v2\/product_cat?post=31937"},{"taxonomy":"product_tag","embeddable":true,"href":"https:\/\/www.vempele.fi\/no\/wp-json\/wp\/v2\/product_tag?post=31937"}],"curies":[{"name":"wp","href":"https:\/\/api.w.org\/{rel}","templated":true}]}}