{"id":32750,"date":"2024-11-05T10:30:57","date_gmt":"2024-11-05T08:30:57","guid":{"rendered":"https:\/\/www.vempele.fi\/?post_type=product&#038;p=32750"},"modified":"2026-04-15T14:41:39","modified_gmt":"2026-04-15T11:41:39","slug":"dekktrykksensor-autel-mx-sensor-ble-bluetooth-tpms","status":"publish","type":"product","link":"https:\/\/www.vempele.fi\/no\/tuote\/rengaspaineanturi-autel-mx-sensor-ble-bluetooth-tpms\/","title":{"rendered":"Dekktrykksensor - Autel MX-Sensor BLE Bluetooth TPMS"},"content":{"rendered":"<p>Produktinformasjon:<\/p>\n<ul>\n<li>Farge: Svart eller s\u00f8lv<\/li>\n<li>Produsent: autel<\/li>\n<li>Modell: BLE-A001<\/li>\n<li>Funksjoner: automatisk system som aktivt overv\u00e5ker dekkets temperatur og lufttrykk<\/li>\n<li>Teknologi: Bluetooth BLE<\/li>\n<li>Egnethet:\n<ul>\n<li>Tesla Model 3: 10\/2020-&gt;<\/li>\n<li>Tesla Model S: 6\/2021-&gt;<\/li>\n<li>Tesla Model X: 10\/2022-&gt;<\/li>\n<li>Tesla Model Y: 10\/2020-&gt;<\/li>\n<\/ul>\n<\/li>\n<\/ul>\n<p><strong>Vennligst sjekk separat om bilen din har BLE-sensorer.<\/strong><\/p>\n<p>Pakken inneholder \u00e9n Autel Bluetooth-ringtrykksensor.<\/p>\n<p>&nbsp;<\/p>","protected":false},"excerpt":{"rendered":"<p>Bluetooth-ringtrykksensor som erstatter Tesla OEM-sensorer.<\/p>\n<p>N\u00e5r de nye sensorene er p\u00e5 plass, velger du alternativet for felgbytte i programvaren. Bilen vil da automatisk oppdage de nye sensorene etter bare noen hundre meters kj\u00f8ring.<\/p>\n<p>Riktig dekktrykk \u00f8ker sikkerheten p\u00e5 veien. Det gir ogs\u00e5 bedre kj\u00f8ref\u00f8lelse og reduserer slitasje.<\/p>\n<p>Pakken inneholder \u00e9n sensor for ett dekk.<\/p>","protected":false},"featured_media":32755,"comment_status":"open","ping_status":"closed","template":"","meta":[],"product_brand":[],"product_cat":[151,152,153,128,456],"product_tag":[82,83,496,131,156,172,173,271,536,121],"class_list":{"0":"post-32750","1":"product","2":"type-product","3":"status-publish","4":"has-post-thumbnail","6":"product_cat-model-3","7":"product_cat-model-s","8":"product_cat-model-x","9":"product_cat-tesla-tuotteet","10":"product_cat-vannetarvikkeet","11":"product_tag-autel","12":"product_tag-autotarvikkeet","13":"product_tag-ble","14":"product_tag-bluetooth","15":"product_tag-model-3","16":"product_tag-model-s","17":"product_tag-model-x","18":"product_tag-model-y","19":"product_tag-rengaspaineanturi","20":"product_tag-tesla","22":"first","23":"instock","24":"taxable","25":"shipping-taxable","26":"purchasable","27":"product-type-variable"},"jetpack_sharing_enabled":true,"_links":{"self":[{"href":"https:\/\/www.vempele.fi\/no\/wp-json\/wp\/v2\/product\/32750","targetHints":{"allow":["GET"]}}],"collection":[{"href":"https:\/\/www.vempele.fi\/no\/wp-json\/wp\/v2\/product"}],"about":[{"href":"https:\/\/www.vempele.fi\/no\/wp-json\/wp\/v2\/types\/product"}],"replies":[{"embeddable":true,"href":"https:\/\/www.vempele.fi\/no\/wp-json\/wp\/v2\/comments?post=32750"}],"wp:featuredmedia":[{"embeddable":true,"href":"https:\/\/www.vempele.fi\/no\/wp-json\/wp\/v2\/media\/32755"}],"wp:attachment":[{"href":"https:\/\/www.vempele.fi\/no\/wp-json\/wp\/v2\/media?parent=32750"}],"wp:term":[{"taxonomy":"product_brand","embeddable":true,"href":"https:\/\/www.vempele.fi\/no\/wp-json\/wp\/v2\/product_brand?post=32750"},{"taxonomy":"product_cat","embeddable":true,"href":"https:\/\/www.vempele.fi\/no\/wp-json\/wp\/v2\/product_cat?post=32750"},{"taxonomy":"product_tag","embeddable":true,"href":"https:\/\/www.vempele.fi\/no\/wp-json\/wp\/v2\/product_tag?post=32750"}],"curies":[{"name":"wp","href":"https:\/\/api.w.org\/{rel}","templated":true}]}}