{"id":3279,"date":"2019-12-10T09:26:37","date_gmt":"2019-12-10T07:26:37","guid":{"rendered":"https:\/\/www.vempele.fi\/?post_type=product&#038;p=3279"},"modified":"2026-04-10T11:55:55","modified_gmt":"2026-04-10T08:55:55","slug":"dekktrykksensor-autel-tpms-mx-433mhz","status":"publish","type":"product","link":"https:\/\/www.vempele.fi\/no\/tuote\/rengaspaine-anturi-autel-tpms-mx-433mhz\/","title":{"rendered":"Dekktrykksensor - Autel MX-Sensor 433MHz TPMS"},"content":{"rendered":"<p>Dekktrykksensor - Autel TPMS MX-Sensor 433MHz<\/p>\n<table style=\"height: 815px;\" border=\"0\" width=\"581\">\n<tbody>\n<tr class=\"downl_h2\">\n<td class=\"spec_name downl_bg\">Batteriets levetid<\/td>\n<td width=\"2\"><\/td>\n<td class=\"spec_down downl_bg\">\u22655 \u00e5r<\/td>\n<\/tr>\n<tr class=\"downl_h2\">\n<td class=\"spec_name\">Driftstemperatur<\/td>\n<td width=\"2\"><\/td>\n<td class=\"spec_down\">-40 \u00b0C - +125 \u00b0C<\/td>\n<\/tr>\n<tr class=\"downl_h2\">\n<td class=\"spec_name downl_bg\">Lagringstemperatur<\/td>\n<td width=\"2\"><\/td>\n<td class=\"spec_down downl_bg\">-40 \u00b0C - +150 \u00b0C<\/td>\n<\/tr>\n<tr class=\"downl_h2\">\n<td class=\"spec_name\">Motstandsdyktighet mot fuktighet<\/td>\n<td width=\"2\"><\/td>\n<td class=\"spec_down\">90 %<\/td>\n<\/tr>\n<tr class=\"downl_h2\">\n<td class=\"spec_name downl_bg\">Driftsfrekvens<\/td>\n<td width=\"2\"><\/td>\n<td class=\"spec_down downl_bg\">433 MHz<\/td>\n<\/tr>\n<tr class=\"downl_h2\">\n<td class=\"spec_name\">Omr\u00e5de for trykkoverv\u00e5king<\/td>\n<td width=\"2\"><\/td>\n<td class=\"spec_down\">0 - 800 kpa<\/td>\n<\/tr>\n<tr class=\"downl_h2\">\n<td class=\"spec_name downl_bg\">N\u00f8yaktighet ved trykkavlesning<\/td>\n<td width=\"2\"><\/td>\n<td class=\"spec_down downl_bg\">\u00b110 kpa<\/td>\n<\/tr>\n<tr class=\"downl_h2\">\n<td class=\"spec_name\">N\u00f8yaktighet ved temperaturavlesning<\/td>\n<td width=\"2\"><\/td>\n<td class=\"spec_down\">\u00b15\u00b0C<\/td>\n<\/tr>\n<tr class=\"downl_h2\">\n<td class=\"spec_name downl_bg\">G-sensorens avlesningsn\u00f8yaktighet<\/td>\n<td width=\"2\"><\/td>\n<td class=\"spec_down downl_bg\">\u00b115 %<\/td>\n<\/tr>\n<tr class=\"downl_h2\">\n<td class=\"spec_name\">Overf\u00f8ringskraft<\/td>\n<td width=\"2\"><\/td>\n<td class=\"spec_down\">5-8 dBm<\/td>\n<\/tr>\n<tr class=\"downl_h2\">\n<td class=\"spec_name downl_bg\">Batteri<\/td>\n<td width=\"2\"><\/td>\n<td class=\"spec_down downl_bg\">3.0 V<\/td>\n<\/tr>\n<tr class=\"downl_h2\">\n<td class=\"spec_name\">Dimensjoner (bredde x h\u00f8yde x dybde)<\/td>\n<td width=\"2\"><\/td>\n<td class=\"spec_down\">55,1*29,4*21,8 mm (fastklemt sensor)<br \/>\n54,2 * 29,4 * 19,1 mm (snap-in-sensor)<\/td>\n<\/tr>\n<tr class=\"downl_h2\">\n<td class=\"spec_name downl_bg\">Vekt (uten ventil)<\/td>\n<td width=\"2\"><\/td>\n<td class=\"spec_down downl_bg\">18,5 g (sensor med klemme)<br \/>\n15,6 g (snap-in-sensor)<\/td>\n<\/tr>\n<\/tbody>\n<\/table>\n<p>Mer informasjon om Autelin <a href=\"https:\/\/www.maxitpms.com\/\" target=\"_blank\" rel=\"noopener noreferrer\">nettside<\/a>.<\/p>","protected":false},"excerpt":{"rendered":"<p><strong>Merk! Sjekk kompatibiliteten med bilen din <a href=\"https:\/\/maxitpms.com\/get-coverage\/\" target=\"_blank\" rel=\"noopener\">fra produsentens nettsted<\/a>.<\/strong><\/p>\n<p>Testet og bevist at den passer spesielt til Teslaer (Model S\/3\/X)! Noen Model 3 VM2021-modeller er allerede utstyrt med den <a href=\"https:\/\/www.vempele.fi\/no\/product-2\/dekktrykksensor-autel-mx-sensor-ble-bluetooth-tpms\/\" target=\"_blank\" rel=\"noopener\">Bluetooth-sensorer<\/a>, og med disse modellene fungerer ikke 433Mhz-sensorene. Hvis bilen din er en 2021-modell, m\u00e5 du kontakte Tesla for \u00e5 se om bilen din har Bluetooth-sensorer.<\/p>\n<ul>\n<li><strong>Generell modell. Kodes per bilmerke p\u00e5 foresp\u00f8rsel fra kunden<\/strong><\/li>\n<li>Signalstyrke, robusthet og funksjonalitet p\u00e5 niv\u00e5 med OE-sensorer<\/li>\n<li>T\u00e5ler t\u00f8ffe v\u00e6rforhold<\/li>\n<li>Metall<\/li>\n<li>Rask og enkel \u00e5 f\u00e5 p\u00e5 plass<\/li>\n<li>Sensoren kan ogs\u00e5 programmeres mens dekket st\u00e5r stille<\/li>\n<\/ul>\n<p><strong>N\u00e5r du har bekreftet at produktet er kompatibelt med din bilmodell, kan du skrive dette i kommentarfeltet n\u00e5r du legger inn bestillingen: <\/strong><\/p>\n<ul>\n<li><strong>Bilmodell<\/strong><\/li>\n<li><strong>Bilens produksjons\u00e5r og -m\u00e5ned<\/strong><\/li>\n<\/ul>\n<p><strong>F.eks. Tesla Model 3 - 3\/2019.<\/strong><\/p>\n<p>Dette vil hjelpe deg med \u00e5 f\u00e5 pakken levert raskere.<\/p>","protected":false},"featured_media":24042,"comment_status":"open","ping_status":"closed","template":"","meta":[],"product_brand":[],"product_cat":[151,152,153,128,456],"product_tag":[82,83,121,120,122,123],"class_list":{"0":"post-3279","1":"product","2":"type-product","3":"status-publish","4":"has-post-thumbnail","6":"product_cat-model-3","7":"product_cat-model-s","8":"product_cat-model-x","9":"product_cat-tesla-tuotteet","10":"product_cat-vannetarvikkeet","11":"product_tag-autel","12":"product_tag-autotarvikkeet","13":"product_tag-tesla","14":"product_tag-tesla-model-3","15":"product_tag-tesla-model-s","16":"product_tag-tesla-model-x","18":"first","19":"instock","20":"taxable","21":"shipping-taxable","22":"purchasable","23":"product-type-variable"},"jetpack_sharing_enabled":true,"_links":{"self":[{"href":"https:\/\/www.vempele.fi\/no\/wp-json\/wp\/v2\/product\/3279","targetHints":{"allow":["GET"]}}],"collection":[{"href":"https:\/\/www.vempele.fi\/no\/wp-json\/wp\/v2\/product"}],"about":[{"href":"https:\/\/www.vempele.fi\/no\/wp-json\/wp\/v2\/types\/product"}],"replies":[{"embeddable":true,"href":"https:\/\/www.vempele.fi\/no\/wp-json\/wp\/v2\/comments?post=3279"}],"wp:featuredmedia":[{"embeddable":true,"href":"https:\/\/www.vempele.fi\/no\/wp-json\/wp\/v2\/media\/24042"}],"wp:attachment":[{"href":"https:\/\/www.vempele.fi\/no\/wp-json\/wp\/v2\/media?parent=3279"}],"wp:term":[{"taxonomy":"product_brand","embeddable":true,"href":"https:\/\/www.vempele.fi\/no\/wp-json\/wp\/v2\/product_brand?post=3279"},{"taxonomy":"product_cat","embeddable":true,"href":"https:\/\/www.vempele.fi\/no\/wp-json\/wp\/v2\/product_cat?post=3279"},{"taxonomy":"product_tag","embeddable":true,"href":"https:\/\/www.vempele.fi\/no\/wp-json\/wp\/v2\/product_tag?post=3279"}],"curies":[{"name":"wp","href":"https:\/\/api.w.org\/{rel}","templated":true}]}}