{"id":32963,"date":"2024-10-04T00:00:00","date_gmt":"2024-10-03T21:00:00","guid":{"rendered":"https:\/\/www.vempele.fi\/tuote\/nankang-ice-2-nordic-235-55r18-104t-tesla-model-y\/"},"modified":"2026-04-17T00:51:11","modified_gmt":"2026-04-16T21:51:11","slug":"nankang-ice-2-nordic-235-55r18-104t-tesla-modell-y","status":"publish","type":"product","link":"https:\/\/www.vempele.fi\/no\/tuote\/nankang-ice-2-nordic-235-55r18-104t-tesla-model-y\/","title":{"rendered":"Nankang ICE-2 Nordic 235\/55R18 104T - Tesla Model Y"},"content":{"rendered":"<p>1 sett Nankang ICE-2 Nordic 235\/55-18 104T<\/p>\n<ul>\n<li>EU-merking av dekk<\/li>\n<li>Type: friksjonsring<\/li>\n<li>Tommer: 18<\/li>\n<li>Bredde: 235<\/li>\n<li>Profil: 55<\/li>\n<li>Hastighetskategori: T<\/li>\n<li>Lastkapasitetsklasse: 104<\/li>\n<li>Dekkklassifisering: <\/li>\n<li>Drivstoff\u00f8konomi: <\/li>\n<li>Vedlikehold p\u00e5 v\u00e5tt underlag: <\/li>\n<li>Klassifisering av rattst\u00f8y:\u00a0 <\/li>\n<\/ul>\n<p>&nbsp;<\/p>\n<p>Dekkene leveres direkte fra partnerens lager.<\/p>\n<p><img decoding=\"async\" src=\"https:\/\/www.vempele.fi\/wp-content\/uploads\/2024\/11\/Label_444553.svg\" width=\"300\" \/><\/p>\n<p>Dekkinformasjon hentet fra en partner.<\/p>","protected":false},"excerpt":{"rendered":"<p>ICE-2 er Nankangs nye friksjonsdekk, som er enda bedre enn sin popul\u00e6re forgjenger, ICE-1.  ICE-2 har enda bedre isgrep enn ICE-1, noe som har f\u00e5tt mye skryt av kundene.  Nankang har lagt all sin kunnskap om moderne dekkteknologi i det nye ICE-2.  Resultatet er et friksjonsdekk som er ekstremt sikkert og som er innstilt p\u00e5 det h\u00f8yeste niv\u00e5et av kj\u00f8rekomfort.<br \/>\n\u00a0&#13;<br \/>\nICE-2 har blitt testet p\u00e5 Test Worlds testbane i Ivalo under nordiske vinterforhold.  En rekke forskjellige nordiske dekkblandinger ble brukt i testen til resultatet ble best mulig.  ICE-2 konkurrerer med de mest kjente topproduktene p\u00e5 markedet i alt annet enn pris.  ICE-2 er et friksjonsdekk i toppklassen som du absolutt b\u00f8r oppleve selv.<br \/>\n&#13;<br \/>\nTaiwan-baserte Nankang er en av Asias eldste og mest tradisjonsrike dekkprodusenter, med kunnskap og teknologi som ligger helt i front p\u00e5 sitt felt.  Nankang har lang erfaring med \u00e5 produsere vinterdekk beregnet p\u00e5 de nordiske landene, og kvaliteten p\u00e5 Nankangs vinterdekk har ogs\u00e5 blitt godt mottatt av dekkforeningen. <\/p>\n<p>Dekkene leveres direkte fra partnerens lager.<\/p>","protected":false},"featured_media":32965,"comment_status":"open","ping_status":"open","template":"","meta":[],"product_brand":[],"product_cat":[371],"product_tag":[723,704,271,707,121],"class_list":{"0":"post-32963","1":"product","2":"type-product","3":"status-publish","4":"has-post-thumbnail","6":"product_cat-renkaat","7":"product_tag-ice-2-nordic","8":"product_tag-kitkarengas","9":"product_tag-model-y","10":"product_tag-nankang","11":"product_tag-tesla","13":"first","14":"instock","15":"taxable","16":"shipping-taxable","17":"purchasable","18":"product-type-simple"},"jetpack_sharing_enabled":true,"_links":{"self":[{"href":"https:\/\/www.vempele.fi\/no\/wp-json\/wp\/v2\/product\/32963","targetHints":{"allow":["GET"]}}],"collection":[{"href":"https:\/\/www.vempele.fi\/no\/wp-json\/wp\/v2\/product"}],"about":[{"href":"https:\/\/www.vempele.fi\/no\/wp-json\/wp\/v2\/types\/product"}],"replies":[{"embeddable":true,"href":"https:\/\/www.vempele.fi\/no\/wp-json\/wp\/v2\/comments?post=32963"}],"wp:featuredmedia":[{"embeddable":true,"href":"https:\/\/www.vempele.fi\/no\/wp-json\/wp\/v2\/media\/32965"}],"wp:attachment":[{"href":"https:\/\/www.vempele.fi\/no\/wp-json\/wp\/v2\/media?parent=32963"}],"wp:term":[{"taxonomy":"product_brand","embeddable":true,"href":"https:\/\/www.vempele.fi\/no\/wp-json\/wp\/v2\/product_brand?post=32963"},{"taxonomy":"product_cat","embeddable":true,"href":"https:\/\/www.vempele.fi\/no\/wp-json\/wp\/v2\/product_cat?post=32963"},{"taxonomy":"product_tag","embeddable":true,"href":"https:\/\/www.vempele.fi\/no\/wp-json\/wp\/v2\/product_tag?post=32963"}],"curies":[{"name":"wp","href":"https:\/\/api.w.org\/{rel}","templated":true}]}}