{"id":32969,"date":"2024-10-04T00:00:00","date_gmt":"2024-10-03T21:00:00","guid":{"rendered":"https:\/\/www.vempele.fi\/tuote\/nankang-ws-1-nordic-255-40r20-101q-tesla-model-y\/"},"modified":"2026-04-02T00:51:10","modified_gmt":"2026-04-01T21:51:10","slug":"nankang-ws-1-nordic-255-40r20-101q-tesla-modell-y","status":"publish","type":"product","link":"https:\/\/www.vempele.fi\/no\/tuote\/nankang-ws-1-nordic-255-40r20-101q-tesla-model-y\/","title":{"rendered":"Nankang WS-1 Nordic 255\/40R20 101Q - Tesla Model Y"},"content":{"rendered":"<p>1 Nankang WS-1 Nordic 255\/40-20 101Q<\/p>\n<ul>\n<li>EU-merking av dekk<\/li>\n<li>Type: friksjonsring<\/li>\n<li>Tommer: 20<\/li>\n<li>Bredde: 255<\/li>\n<li>Profil: 40<\/li>\n<li>Hastighetskategori: Q<\/li>\n<li>Lastklasse: 101<\/li>\n<li>Dekkklassifisering: <\/li>\n<li>Drivstoff\u00f8konomi: <\/li>\n<li>Vedlikehold p\u00e5 v\u00e5tt underlag: <\/li>\n<li>Klassifisering av rattst\u00f8y:\u00a0 <\/li>\n<\/ul>\n<p>&nbsp;<\/p>\n<p>Dekkene leveres direkte fra partnerens lager.<\/p>\n<p><img decoding=\"async\" src=\"https:\/\/www.vempele.fi\/wp-content\/uploads\/2024\/11\/Label_465032.svg\" width=\"300\" \/><\/p>\n<p>Dekkinformasjon hentet fra en partner.<\/p>","protected":false},"excerpt":{"rendered":"<p>Nankang WS-1 Nordic - et p\u00e5litelig friksjonsdekk<br \/>\nFor nordiske vintre Nankang WS-1 Nordic er et f\u00f8rsteklasses friksjonsdekk som er<br \/>\nutviklet spesielt for de t\u00f8ffe vinterforholdene i de nordiske landene.  Dens<br \/>\navansert gummiblanding og n\u00f8ye utformet slitebanem\u00f8nster gir<br \/>\nutmerket grep p\u00e5 sn\u00f8 og is, noe som forbedrer kj\u00f8resikkerheten og kj\u00f8ret\u00f8yets<br \/>\nh\u00e5ndtering i kaldt v\u00e6r. Hovedfunksjoner:<br \/>\n Spesielt forberedt<br \/>\n     Gummiblanding for maksimalt grep p\u00e5 isete og sn\u00f8dekte veier.<br \/>\n Stabil<br \/>\n     og en forutsigbar kj\u00f8ref\u00f8lelse for bedre sikkerhet under alle forhold<br \/>\n     under vinterforhold.<br \/>\n Designet for<br \/>\n     for en rolig og komfortabel kj\u00f8retur, uten st\u00f8y fra pigger.<br \/>\nNankang WS-1 Nordic kombinerer produsentens lange historie med<br \/>\nerfaring og den nyeste dekkteknologien, noe som gj\u00f8r det til et utmerket valg for<br \/>\npersonbiler og SUV-er som kj\u00f8rer p\u00e5 vinterf\u00f8re og glatt f\u00f8re.<br \/>\nBetingelser.<br \/>\n&#13;<br \/>\n&#13;<br \/>\n&#13;<br \/>\n&#13;<br \/>\n&#13;<br \/>\n&#13;<br \/>\n&#13;<br \/>\n&#13;<br \/>\n&#13;<br \/>\nVelg Nankang WS-1 Nordic og kj\u00f8r trygt gjennom<br \/>\nden nordlige vinteren. <\/p>\n<p>Dekkene leveres direkte fra partnerens lager.<\/p>","protected":false},"featured_media":31930,"comment_status":"open","ping_status":"open","template":"","meta":[],"product_brand":[],"product_cat":[371],"product_tag":[704,271,707,121,712],"class_list":{"0":"post-32969","1":"product","2":"type-product","3":"status-publish","4":"has-post-thumbnail","6":"product_cat-renkaat","7":"product_tag-kitkarengas","8":"product_tag-model-y","9":"product_tag-nankang","10":"product_tag-tesla","11":"product_tag-ws-1-nordic","13":"first","14":"instock","15":"taxable","16":"shipping-taxable","17":"purchasable","18":"product-type-simple"},"jetpack_sharing_enabled":true,"_links":{"self":[{"href":"https:\/\/www.vempele.fi\/no\/wp-json\/wp\/v2\/product\/32969","targetHints":{"allow":["GET"]}}],"collection":[{"href":"https:\/\/www.vempele.fi\/no\/wp-json\/wp\/v2\/product"}],"about":[{"href":"https:\/\/www.vempele.fi\/no\/wp-json\/wp\/v2\/types\/product"}],"replies":[{"embeddable":true,"href":"https:\/\/www.vempele.fi\/no\/wp-json\/wp\/v2\/comments?post=32969"}],"wp:featuredmedia":[{"embeddable":true,"href":"https:\/\/www.vempele.fi\/no\/wp-json\/wp\/v2\/media\/31930"}],"wp:attachment":[{"href":"https:\/\/www.vempele.fi\/no\/wp-json\/wp\/v2\/media?parent=32969"}],"wp:term":[{"taxonomy":"product_brand","embeddable":true,"href":"https:\/\/www.vempele.fi\/no\/wp-json\/wp\/v2\/product_brand?post=32969"},{"taxonomy":"product_cat","embeddable":true,"href":"https:\/\/www.vempele.fi\/no\/wp-json\/wp\/v2\/product_cat?post=32969"},{"taxonomy":"product_tag","embeddable":true,"href":"https:\/\/www.vempele.fi\/no\/wp-json\/wp\/v2\/product_tag?post=32969"}],"curies":[{"name":"wp","href":"https:\/\/api.w.org\/{rel}","templated":true}]}}