{"id":33213,"date":"2024-10-04T00:00:00","date_gmt":"2024-10-03T21:00:00","guid":{"rendered":"https:\/\/www.vempele.fi\/fi\/tuote\/goodride-snowmaster-sw608-245-45r19-102v-tesla-model-s\/"},"modified":"2026-05-06T08:51:12","modified_gmt":"2026-05-06T05:51:12","slug":"goodride-snowmaster-sw608-245-45r19-102v-tesla-modell-s","status":"publish","type":"product","link":"https:\/\/www.vempele.fi\/no\/tuote\/goodride-snowmaster-sw608-245-45r19-102v-tesla-model-s\/","title":{"rendered":"Goodride SnowMaster SW608 245\/45R19 102V - Tesla Model S"},"content":{"rendered":"<p>1 sett Goodride SnowMaster SW608 245\/45-19 102V<\/p>\n<ul>\n<li>EU-merking av dekk<\/li>\n<li>Type: friksjonsring<\/li>\n<li>Tommer: 19<\/li>\n<li>Bredde: 245<\/li>\n<li>Profil: 45<\/li>\n<li>Hastighetskategori: V<\/li>\n<li>Klasse for lastekapasitet: 102<\/li>\n<li>Dekkklassifisering: C1<\/li>\n<li>Drivstoff\u00f8konomi: C<\/li>\n<li>Vedlikehold p\u00e5 v\u00e5tt underlag: C<\/li>\n<li>St\u00f8yklassifisering av rattet: B<\/li>\n<\/ul>\n<p>&nbsp;<\/p>\n<p>Dekkene leveres direkte fra partnerens lager.<\/p>\n<p><img decoding=\"async\" src=\"https:\/\/www.vempele.fi\/wp-content\/uploads\/2024\/11\/Label_459536.svg\" width=\"300\" \/><\/p>\n<p>Dekkinformasjon hentet fra en partner.<\/p>","protected":false},"excerpt":{"rendered":"<p>Goodride SnowMaster SW608 friksjonsdekk for finsk vinter.<br \/>\nDekkets nye, pilformede m\u00f8nster er utviklet for \u00e5 gi best mulig grep p\u00e5 sn\u00f8 og is, samtidig som det gir en rolig og behagelig kj\u00f8retur.<br \/>\n&#13;<br \/>\nDet pilformede overflatem\u00f8nsteret fjerner effektivt sn\u00f8, slaps og vann fra under dekket.<br \/>\nDen optimaliserte plasseringen av lamellene maksimerer dekkets kontakt med veibanen, noe som gir utmerket grep og man\u00f8vreringsevne under vinterforhold.<br \/>\nMaterialet er spesielt utviklet for vinterdekk, og forbedrer kj\u00f8reegenskapene om vinteren og holder dekket mykt selv i hard frost.<br \/>\n&#13;<br \/>\nGoodride: garantert kvalitet til riktig pris.<br \/>\n&#13;<br \/>\nVi tilbyr ogs\u00e5 det unike Goodride Safety-dekket.  Selv om du skulle skade et dekk ved et uhell, erstatter vi det under Goodride Safety-dekningen.  For mer informasjon om Goodride Safety-dekningen, bes\u00f8k http:\/\/www. goodride. fi\/goodride-safety <\/p>\n<p>Dekkene leveres direkte fra partnerens lager.<\/p>","protected":false},"featured_media":33215,"comment_status":"open","ping_status":"open","template":"","meta":[],"product_brand":[],"product_cat":[371],"product_tag":[727,704,172,731,121],"class_list":{"0":"post-33213","1":"product","2":"type-product","3":"status-publish","4":"has-post-thumbnail","6":"product_cat-renkaat","7":"product_tag-goodride","8":"product_tag-kitkarengas","9":"product_tag-model-s","10":"product_tag-snowmaster-sw608","11":"product_tag-tesla","13":"first","14":"instock","15":"taxable","16":"shipping-taxable","17":"purchasable","18":"product-type-simple"},"jetpack_sharing_enabled":true,"_links":{"self":[{"href":"https:\/\/www.vempele.fi\/no\/wp-json\/wp\/v2\/product\/33213","targetHints":{"allow":["GET"]}}],"collection":[{"href":"https:\/\/www.vempele.fi\/no\/wp-json\/wp\/v2\/product"}],"about":[{"href":"https:\/\/www.vempele.fi\/no\/wp-json\/wp\/v2\/types\/product"}],"replies":[{"embeddable":true,"href":"https:\/\/www.vempele.fi\/no\/wp-json\/wp\/v2\/comments?post=33213"}],"wp:featuredmedia":[{"embeddable":true,"href":"https:\/\/www.vempele.fi\/no\/wp-json\/wp\/v2\/media\/33215"}],"wp:attachment":[{"href":"https:\/\/www.vempele.fi\/no\/wp-json\/wp\/v2\/media?parent=33213"}],"wp:term":[{"taxonomy":"product_brand","embeddable":true,"href":"https:\/\/www.vempele.fi\/no\/wp-json\/wp\/v2\/product_brand?post=33213"},{"taxonomy":"product_cat","embeddable":true,"href":"https:\/\/www.vempele.fi\/no\/wp-json\/wp\/v2\/product_cat?post=33213"},{"taxonomy":"product_tag","embeddable":true,"href":"https:\/\/www.vempele.fi\/no\/wp-json\/wp\/v2\/product_tag?post=33213"}],"curies":[{"name":"wp","href":"https:\/\/api.w.org\/{rel}","templated":true}]}}