{"id":33306,"date":"2024-10-03T00:00:00","date_gmt":"2024-10-02T21:00:00","guid":{"rendered":"https:\/\/www.vempele.fi\/fi\/tuote\/linglong-sport-master-testisensaatio-235-40r19-96y-tesla-model-3\/"},"modified":"2026-04-18T18:03:13","modified_gmt":"2026-04-18T15:03:13","slug":"linglong-sport-master-test-sensation-235-40r19-96y-tesla-model-3","status":"publish","type":"product","link":"https:\/\/www.vempele.fi\/no\/tuote\/linglong-sport-master-testisensaatio-235-40r19-96y-tesla-model-3\/","title":{"rendered":"Linglong Sport Master TESTSESJON! 235\/40R19 96Y - Tesla Model 3"},"content":{"rendered":"<p>1 stk Linglong Sport Master TEST SALG! 235\/40-19 96Y<\/p>\n<ul>\n<li>EU-merking av dekk<\/li>\n<li>Type: sommerdekk<\/li>\n<li>Tommer: 19<\/li>\n<li>Bredde: 235<\/li>\n<li>Profil: 40<\/li>\n<li>Hastighetskategori: Y<\/li>\n<li>Lastkapasitetsklasse: 96<\/li>\n<li>Dekkklassifisering: C1<\/li>\n<li>Drivstoff\u00f8konomi: C<\/li>\n<li>Vedlikehold p\u00e5 v\u00e5tt underlag: A<\/li>\n<li>St\u00f8yklassifisering og intensitet i f\u00f8rerhuset: A - dB<\/li>\n<\/ul>\n<p>&nbsp;<\/p>\n<p>Dekkene leveres direkte fra partnerens lager.<\/p>\n<p><img decoding=\"async\" src=\"https:\/\/www.vempele.fi\/wp-content\/uploads\/2024\/11\/Label_695364.svg\" width=\"300\" \/><\/p>\n<p>Dekkinformasjon hentet fra en partner.<\/p>","protected":false},"excerpt":{"rendered":"<p>Linglong Sport Master er et sommerdekk av h\u00f8y kvalitet som gir utmerket grep og ytelse til best mulig valuta for pengene.  SportMaster er et trygt sommerdekk du kan stole p\u00e5 under de varierte sommerforholdene i nord.  Et h\u00f8ytytende dekk produsert med den nyeste dekkteknologien.  Et sommerdekk i klasse A som ogs\u00e5 ser stilig ut. Linglong skrev historie - slo konkurrentene med flere meterI en omfattende sommerdekktest utf\u00f8rt av det prestisjetunge tyske magasinet Auto Bild (3\/2026) skrev Linglong historie.  Testen sammenlignet 50 sommerdekk, og resultatet var eksepsjonelt:Linglong var testens desidert beste dekk n\u00e5r det gjaldt v\u00e5tgrepLinglong var overveldende, og slo nummer to med st\u00f8rre margin enn nummer to blant de femten beste. V\u00e5tgrep er den viktigste sikkerhetsegenskapen til et sommerdekk - og det var her Linglong dominerte konkurransenLinglong Sport Master ikke bare utmerket seg - det gikk helt til topps.  Det er en ekte testvinner. Dekket oppn\u00e5dde den korteste bremselengden i testen p\u00e5 v\u00e5t asfalt, og stoppet p\u00e5 bare 25,2 meter fra 80 km\/t.  Linglong slo konkurrentene med flere meter, mens de andre konkurrerte om centimeterne. \u00a0 <\/p>\n<p> Dekkene leveres direkte fra partnerens lager.<\/p>","protected":false},"featured_media":33023,"comment_status":"open","ping_status":"open","template":"","meta":[],"product_brand":[],"product_cat":[371],"product_tag":[696,632,156,729,121],"class_list":{"0":"post-33306","1":"product","2":"type-product","3":"status-publish","4":"has-post-thumbnail","6":"product_cat-renkaat","7":"product_tag-kesarengas","8":"product_tag-linglong","9":"product_tag-model-3","10":"product_tag-sport-master-testisensaatio","11":"product_tag-tesla","13":"first","14":"instock","15":"taxable","16":"shipping-taxable","17":"purchasable","18":"product-type-simple"},"jetpack_sharing_enabled":true,"_links":{"self":[{"href":"https:\/\/www.vempele.fi\/no\/wp-json\/wp\/v2\/product\/33306","targetHints":{"allow":["GET"]}}],"collection":[{"href":"https:\/\/www.vempele.fi\/no\/wp-json\/wp\/v2\/product"}],"about":[{"href":"https:\/\/www.vempele.fi\/no\/wp-json\/wp\/v2\/types\/product"}],"replies":[{"embeddable":true,"href":"https:\/\/www.vempele.fi\/no\/wp-json\/wp\/v2\/comments?post=33306"}],"wp:featuredmedia":[{"embeddable":true,"href":"https:\/\/www.vempele.fi\/no\/wp-json\/wp\/v2\/media\/33023"}],"wp:attachment":[{"href":"https:\/\/www.vempele.fi\/no\/wp-json\/wp\/v2\/media?parent=33306"}],"wp:term":[{"taxonomy":"product_brand","embeddable":true,"href":"https:\/\/www.vempele.fi\/no\/wp-json\/wp\/v2\/product_brand?post=33306"},{"taxonomy":"product_cat","embeddable":true,"href":"https:\/\/www.vempele.fi\/no\/wp-json\/wp\/v2\/product_cat?post=33306"},{"taxonomy":"product_tag","embeddable":true,"href":"https:\/\/www.vempele.fi\/no\/wp-json\/wp\/v2\/product_tag?post=33306"}],"curies":[{"name":"wp","href":"https:\/\/api.w.org\/{rel}","templated":true}]}}