{"id":35986,"date":"2024-10-03T00:00:00","date_gmt":"2024-10-02T21:00:00","guid":{"rendered":"https:\/\/www.vempele.fi\/fi\/tuote\/linglong-greenmax-winter-ice-i-15-nordic-suv-275-45r20-110t-tesla-model-x-2\/"},"modified":"2026-04-01T13:51:13","modified_gmt":"2026-04-01T10:51:13","slug":"linglong-greenmax-winter-ice-i-15-nordic-suv-275-45r20-110t-tesla-model-x-2","status":"publish","type":"product","link":"https:\/\/www.vempele.fi\/no\/tuote\/linglong-greenmax-winter-ice-i-15-nordic-suv-275-45r20-110t-tesla-model-x-2\/","title":{"rendered":"Linglong GreenMax Winter Ice I-15 Nordic SUV 275\/45R20 110T - Tesla Model X"},"content":{"rendered":"<p>1 Linglong GreenMax Winter Ice I-15 Nordic SUV 275\/45-20 110T<\/p>\n<ul>\n<li>EU-merking av dekk<\/li>\n<li>Type: friksjonsring<\/li>\n<li>Tommer: 20<\/li>\n<li>Bredde: 275<\/li>\n<li>Profil: 45<\/li>\n<li>Hastighetskategori: T<\/li>\n<li>Lastkapasitetsklasse: 110<\/li>\n<li>Dekkklassifisering: <\/li>\n<li>Drivstoff\u00f8konomi: <\/li>\n<li>Vedlikehold p\u00e5 v\u00e5tt underlag: <\/li>\n<li>Klassifisering av rattst\u00f8y:\u00a0 <\/li>\n<\/ul>\n<p>&nbsp;<\/p>\n<p>Dekkene leveres direkte fra partnerens lager.<\/p>\n<p><img decoding=\"async\" src=\"\" width=\"300\" \/><\/p>\n<p>Dekkinformasjon hentet fra en partner.<\/p>","protected":false},"excerpt":{"rendered":"<p>Linglong GreenMax Winter Ice I-15 Nordic SUV - nordisk friksjonsdekk<br \/>\n\u00a0&#13;<br \/>\n\u00a0&#13;<br \/>\n&#13;<br \/>\nUtmerket kj\u00f8reegenskaper: GreenMax Winter Ice I-15 Nordic har utmerkede kj\u00f8reegenskaper p\u00e5 vinterf\u00f8re.  Det retningsbestemte m\u00f8nsteret er utformet for \u00e5 gi best mulig grep og kj\u00f8reegenskaper p\u00e5 glatte veier.  De langsg\u00e5ende rillene i slitebanem\u00f8nsteret bidrar til effektiv fjerning av sn\u00f8 og slaps, noe som \u00f8ker sikkerheten og forbedrer kj\u00f8reegenskapene. Spesiell nordisk gummiblanding: Dette friksjonsdekket er utstyrt med en ny, spesiell nordisk gummiblanding som gir et unikt grep under vinterforhold.  Gummiblandingen forblir myk og fleksibel selv under de kaldeste og mest krevende v\u00e6rforholdene, noe som gj\u00f8r at dekket opprettholder grepet og ytelsen i kaldt v\u00e6r. Linglong GreenMax Winter Ice I-15 Nordic er det perfekte valget n\u00e5r du er p\u00e5 utkikk etter p\u00e5litelige vinterdekk for nordiske vinterforhold.  De gir utmerket grep og kj\u00f8reegenskaper, bidrar til \u00e5 fjerne sn\u00f8 og slaps effektivt og forblir fleksible i kaldt v\u00e6r. Velg Linglong GreenMax Winter Ice-15 Nordic og gj\u00f8r vinterkj\u00f8ringen din tryggere og mer komfortabel.<br \/>\n\u00a0 <\/p>\n<p>Dekkene leveres direkte fra partnerens lager.<\/p>","protected":false},"featured_media":35985,"comment_status":"open","ping_status":"open","template":"","meta":[],"product_brand":[],"product_cat":[371],"product_tag":[711,704,632,173,121],"class_list":{"0":"post-35986","1":"product","2":"type-product","3":"status-publish","4":"has-post-thumbnail","6":"product_cat-renkaat","7":"product_tag-greenmax-winter-ice-i-15-nordic-suv","8":"product_tag-kitkarengas","9":"product_tag-linglong","10":"product_tag-model-x","11":"product_tag-tesla","13":"first","14":"instock","15":"taxable","16":"shipping-taxable","17":"purchasable","18":"product-type-simple"},"jetpack_sharing_enabled":true,"_links":{"self":[{"href":"https:\/\/www.vempele.fi\/no\/wp-json\/wp\/v2\/product\/35986","targetHints":{"allow":["GET"]}}],"collection":[{"href":"https:\/\/www.vempele.fi\/no\/wp-json\/wp\/v2\/product"}],"about":[{"href":"https:\/\/www.vempele.fi\/no\/wp-json\/wp\/v2\/types\/product"}],"replies":[{"embeddable":true,"href":"https:\/\/www.vempele.fi\/no\/wp-json\/wp\/v2\/comments?post=35986"}],"wp:featuredmedia":[{"embeddable":true,"href":"https:\/\/www.vempele.fi\/no\/wp-json\/wp\/v2\/media\/35985"}],"wp:attachment":[{"href":"https:\/\/www.vempele.fi\/no\/wp-json\/wp\/v2\/media?parent=35986"}],"wp:term":[{"taxonomy":"product_brand","embeddable":true,"href":"https:\/\/www.vempele.fi\/no\/wp-json\/wp\/v2\/product_brand?post=35986"},{"taxonomy":"product_cat","embeddable":true,"href":"https:\/\/www.vempele.fi\/no\/wp-json\/wp\/v2\/product_cat?post=35986"},{"taxonomy":"product_tag","embeddable":true,"href":"https:\/\/www.vempele.fi\/no\/wp-json\/wp\/v2\/product_tag?post=35986"}],"curies":[{"name":"wp","href":"https:\/\/api.w.org\/{rel}","templated":true}]}}